{"id":1621,"date":"2026-04-10T13:17:49","date_gmt":"2026-04-10T13:17:49","guid":{"rendered":"https:\/\/sadelighting.com\/a-propos-de-nous\/"},"modified":"2026-04-13T13:35:58","modified_gmt":"2026-04-13T13:35:58","slug":"a-propos-de-nous","status":"publish","type":"page","link":"https:\/\/sadelighting.com\/fr\/a-propos-de-nous\/","title":{"rendered":"\u00c0 PROPOS DE NOUS"},"content":{"rendered":"\n\n\n  <div class=\"banner has-hover has-parallax\" id=\"banner-1972512210\">\n          <div class=\"banner-inner fill\">\n        <div class=\"banner-bg fill\" data-parallax=\"-3\" data-parallax-container=\".banner\" data-parallax-background>\n            <img decoding=\"async\" width=\"1020\" height=\"536\" src=\"https:\/\/sadelighting.com\/wp-content\/uploads\/2026\/03\/sade-aydinlatma.png\" class=\"bg attachment-large size-large\" alt=\"sade lighting\" \/>                        <div class=\"overlay\"><\/div>            \n                    <\/div>\n\t\t\n        <div class=\"banner-layers container\">\n            <div class=\"fill banner-link\"><\/div>            \n\n   <div id=\"text-box-1725545917\" class=\"text-box banner-layer x50 md-x50 lg-x50 y80 md-y80 lg-y80 res-text\">\n                                <div class=\"text-box-content text dark\">\n              \n              <div class=\"text-inner text-center\">\n                  \n\n\t<div id=\"text-3281891960\" class=\"text\">\n\t\t\n\n<h1 class=\"lead\">L\u2019art lumineux artisanal : quand la nature rencontre le design<\/h1><br><p class=\"lead\">Chez Sade Lighting, nous transformons des bois naturels nobles en objets lumineux intemporels. Chaque luminaire est fabriqu\u00e9 \u00e0 la main avec une pr\u00e9cision exceptionnelle et s\u00e9duit par la structure authentique de v\u00e9ritables placages bois \u2013 du ch\u00eane robuste aux essences les plus exclusives. Nous croyons que la lumi\u00e8re est bien plus qu\u2019une simple source d\u2019\u00e9clairage : elle est une expression de personnalit\u00e9. C\u2019est pourquoi nous associons un design minimaliste \u00e0 la chaleur de la nature afin de cr\u00e9er une atmosph\u00e8re unique dans votre int\u00e9rieur, aussi singuli\u00e8re que le veinage de nos bois.<\/p>\n\n\t\t\n<style>\n#text-3281891960 {\n  font-size: 0.75rem;\n  line-height: 1.6;\n  text-align: center;\n}\n<\/style>\n\t<\/div>\n\t\n\n              <\/div>\n           <\/div>\n                            \n<style>\n#text-box-1725545917 {\n  width: 95%;\n}\n#text-box-1725545917 .text-box-content {\n  font-size: 100%;\n}\n<\/style>\n    <\/div>\n \n\n        <\/div>\n      <\/div>\n\n            \n<style>\n#banner-1972512210 {\n  padding-top: 507px;\n}\n#banner-1972512210 .overlay {\n  background-color: rgba(0, 0, 0, 0.49);\n}\n<\/style>\n  <\/div>\n\n\n<div class=\"row\"  id=\"row-1181445767\">\n\n\n\t<div id=\"col-1766148899\" class=\"col medium-3 small-6 large-3\"  >\n\t\t\t\t<div class=\"col-inner\"  >\n\t\t\t\n\t\t\t\n\n\n\t\t<div class=\"icon-box featured-box icon-box-top text-left\"  >\n\t\t\t\t<div class=\"icon-box-text last-reset\">\n\t\t\t\t\t\t\t\t\t\n\n<h3>Garantie bois v\u00e9ritable<\/h3><br><p>Placages authentiques en bois v\u00e9ritable.<\/p>\n\n\n\t\t<\/div>\n\t<\/div>\n\t\n\t\n\n\t\t<\/div>\n\t\t\t\t\t<\/div>\n\n\t\n\n\t<div id=\"col-519864911\" class=\"col medium-3 small-6 large-3\"  >\n\t\t\t\t<div class=\"col-inner\"  >\n\t\t\t\n\t\t\t\n\n\n\t\t<div class=\"icon-box featured-box icon-box-top text-left\"  >\n\t\t\t\t<div class=\"icon-box-text last-reset\">\n\t\t\t\t\t\t\t\t\t\n\n<h3>100 % fabrication artisanale<\/h3><br><p>Chaque luminaire est fini \u00e0 la main avec soin.<\/p>\n\n\n\t\t<\/div>\n\t<\/div>\n\t\n\t\n\n\t\t<\/div>\n\t\t\t\t\t<\/div>\n\n\t\n\n\t<div id=\"col-2010418651\" class=\"col medium-3 small-6 large-3\"  >\n\t\t\t\t<div class=\"col-inner\"  >\n\t\t\t\n\t\t\t\n\n\n\t\t<div class=\"icon-box featured-box icon-box-top text-left\"  >\n\t\t\t\t<div class=\"icon-box-text last-reset\">\n\t\t\t\t\t\t\t\t\t\n\n<h3>Design original<\/h3><br><p>Cr\u00e9ations exclusives sign\u00e9es Sade Lighting.<\/p>\n\n\n\t\t<\/div>\n\t<\/div>\n\t\n\t\n\n\t\t<\/div>\n\t\t\t\t\t<\/div>\n\n\t\n\n\t<div id=\"col-1511713484\" class=\"col medium-3 small-6 large-3\"  >\n\t\t\t\t<div class=\"col-inner\"  >\n\t\t\t\n\t\t\t\n\n\n\t\t<div class=\"icon-box featured-box icon-box-top text-left\"  >\n\t\t\t\t<div class=\"icon-box-text last-reset\">\n\t\t\t\t\t\t\t\t\t\n\n<h3>Exp\u00e9dition s\u00e9curis\u00e9e<\/h3><br><p>Emballage de protection sp\u00e9cialement con\u00e7u pour les bois pr\u00e9cieux.<\/p>\n\n\n\t\t<\/div>\n\t<\/div>\n\t\n\t\n\n\t\t<\/div>\n\t\t\t\t\t<\/div>\n\n\t\n\n<\/div>\n<div class=\"row\"  id=\"row-385960302\">\n\n\n\t<div id=\"col-653814799\" class=\"col small-12 large-12\"  >\n\t\t\t\t<div class=\"col-inner\"  >\n\t\t\t\n\t\t\t\n\n<br><div class=\"text-center\"><div class=\"is-divider divider clearfix\" ><\/div><\/div><br><br><br>\n\n\n\t\t<\/div>\n\t\t\t\t\t<\/div>\n\n\t\n\n<\/div>\n<div class=\"row\"  id=\"row-1351910661\">\n\n\n\t<div id=\"col-321205905\" class=\"col small-12 large-12\"  >\n\t\t\t\t<div class=\"col-inner\"  >\n\t\t\t\n\t\t\t\n\n<h3>Sade Lighting repr\u00e9sente des objets lumineux avec une \u00e2me \u2013 loin de la production industrielle<\/h3><br><p>de masse. Nous croyons fermement que la v\u00e9ritable \u00e9l\u00e9gance r\u00e9side dans l\u2019imperfection de la nature et dans la pr\u00e9cision du savoir-faire artisanal. Notre philosophie associe un design minimaliste \u00e0 la chaleur authentique des mat\u00e9riaux naturels. Ainsi, nous cr\u00e9ons des solutions d\u2019\u00e9clairage aussi uniques que les espaces qu\u2019elles illuminent.<\/p>\n\n<div class=\"row\"  id=\"row-1799875029\">\n\n\n\t<div id=\"col-223681872\" class=\"col medium-6 small-12 large-6\"  >\n\t\t\t\t<div class=\"col-inner\"  >\n\t\t\t\n\t\t\t\n\n<h3>Notre savoir-faire : authentique, unique, raffin\u00e9<\/h3><br><p>Ce qui distingue Sade Lighting, c\u2019est notre attachement profond \u00e0 l\u2019artisanat traditionnel. Chacun de nos produits est fabriqu\u00e9 \u00e0 la main avec le plus grand soin. Nous utilisons exclusivement des placages en bois v\u00e9ritable de haute qualit\u00e9 ainsi que des mat\u00e9riaux nobles. Le veinage naturel et vivant du bois rend chaque luminaire unique \u2013 aucune pi\u00e8ce ne ressemble \u00e0 une autre.<\/p>\n\n\n\t\t<\/div>\n\t\t\t\t\t<\/div>\n\n\t\n\n\t<div id=\"col-1728353657\" class=\"col medium-6 small-12 large-6\"  >\n\t\t\t\t<div class=\"col-inner\"  >\n\t\t\t\n\t\t\t\n\n\t<div class=\"img has-hover x md-x lg-x y md-y lg-y\" id=\"image_211558823\">\n\t\t\t\t\t\t\t\t<div class=\"img-inner dark\" >\n\t\t\t<img decoding=\"async\" width=\"800\" height=\"400\" src=\"https:\/\/sadelighting.com\/wp-content\/uploads\/2026\/03\/TULI-TABLE-LAMPS-1.png\" class=\"attachment-large size-large\" alt=\"\" srcset=\"https:\/\/sadelighting.com\/wp-content\/uploads\/2026\/03\/TULI-TABLE-LAMPS-1.png 800w, https:\/\/sadelighting.com\/wp-content\/uploads\/2026\/03\/TULI-TABLE-LAMPS-1-768x384.png 768w, https:\/\/sadelighting.com\/wp-content\/uploads\/2026\/03\/TULI-TABLE-LAMPS-1-18x9.png 18w, https:\/\/sadelighting.com\/wp-content\/uploads\/2026\/03\/TULI-TABLE-LAMPS-1-600x300.png 600w\" sizes=\"(max-width: 800px) 100vw, 800px\" \/>\t\t\t\t\t\t\n\t\t\t\t\t<\/div>\n\t\t\t\t\t\t\t\t\n<style>\n#image_211558823 {\n  width: 100%;\n}\n<\/style>\n\t<\/div>\n\t\n\n\n\t\t<\/div>\n\t\t\t\t\t<\/div>\n\n\t\n\n<\/div>\n<div class=\"row\"  id=\"row-2129901581\">\n\n\n\t<div id=\"col-1541787962\" class=\"col medium-6 small-12 large-6\"  >\n\t\t\t\t<div class=\"col-inner\"  >\n\t\t\t\n\t\t\t\n\n\t<div class=\"img has-hover x md-x lg-x y md-y lg-y\" id=\"image_1258658154\">\n\t\t\t\t\t\t\t\t<div class=\"img-inner dark\" >\n\t\t\t<img decoding=\"async\" width=\"1020\" height=\"536\" src=\"https:\/\/sadelighting.com\/wp-content\/uploads\/2026\/03\/sade-aydinlatma.png\" class=\"attachment-large size-large\" alt=\"sade lighting\" srcset=\"https:\/\/sadelighting.com\/wp-content\/uploads\/2026\/03\/sade-aydinlatma.png 1200w, https:\/\/sadelighting.com\/wp-content\/uploads\/2026\/03\/sade-aydinlatma-600x315.png 600w, https:\/\/sadelighting.com\/wp-content\/uploads\/2026\/03\/sade-aydinlatma-762x400.png 762w, https:\/\/sadelighting.com\/wp-content\/uploads\/2026\/03\/sade-aydinlatma-768x403.png 768w\" sizes=\"(max-width: 1020px) 100vw, 1020px\" \/>\t\t\t\t\t\t\n\t\t\t\t\t<\/div>\n\t\t\t\t\t\t\t\t\n<style>\n#image_1258658154 {\n  width: 100%;\n}\n<\/style>\n\t<\/div>\n\t\n\n\n\t\t<\/div>\n\t\t\t\t\t<\/div>\n\n\t\n\n\t<div id=\"col-1572137750\" class=\"col medium-6 small-12 large-6\"  >\n\t\t\t\t<div class=\"col-inner\"  >\n\t\t\t\n\t\t\t\n\n<h3>Au c\u0153ur de notre d\u00e9marche : un design original et exclusif<\/h3><br><p>Nos cr\u00e9ations naissent de la recherche d\u2019une perfection \u00e9pur\u00e9e. Nous d\u00e9veloppons des designs originaux qui associent esth\u00e9tique moderne et naturel intemporel. Gr\u00e2ce \u00e0 l\u2019utilisation r\u00e9fl\u00e9chie du bois v\u00e9ritable, nous apportons une touche de nature dans votre int\u00e9rieur ou votre espace professionnel \u2013 combin\u00e9e \u00e0 une qualit\u00e9 de lumi\u00e8re qui cr\u00e9e une atmosph\u00e8re et favorise le bien-\u00eatre.<\/p>\n\n\n\t\t<\/div>\n\t\t\t\t\t<\/div>\n\n\t\n\n<\/div>\n\n\t\t<\/div>\n\t\t\t\t\t<\/div>\n\n\t\n\n<\/div>\n\n","protected":false},"excerpt":{"rendered":"","protected":false},"author":1,"featured_media":0,"parent":0,"menu_order":0,"comment_status":"closed","ping_status":"closed","template":"","meta":{"footnotes":""},"class_list":["post-1621","page","type-page","status-publish","hentry"],"_links":{"self":[{"href":"https:\/\/sadelighting.com\/fr\/wp-json\/wp\/v2\/pages\/1621","targetHints":{"allow":["GET"]}}],"collection":[{"href":"https:\/\/sadelighting.com\/fr\/wp-json\/wp\/v2\/pages"}],"about":[{"href":"https:\/\/sadelighting.com\/fr\/wp-json\/wp\/v2\/types\/page"}],"author":[{"embeddable":true,"href":"https:\/\/sadelighting.com\/fr\/wp-json\/wp\/v2\/users\/1"}],"replies":[{"embeddable":true,"href":"https:\/\/sadelighting.com\/fr\/wp-json\/wp\/v2\/comments?post=1621"}],"version-history":[{"count":1,"href":"https:\/\/sadelighting.com\/fr\/wp-json\/wp\/v2\/pages\/1621\/revisions"}],"predecessor-version":[{"id":1622,"href":"https:\/\/sadelighting.com\/fr\/wp-json\/wp\/v2\/pages\/1621\/revisions\/1622"}],"wp:attachment":[{"href":"https:\/\/sadelighting.com\/fr\/wp-json\/wp\/v2\/media?parent=1621"}],"curies":[{"name":"wp","href":"https:\/\/api.w.org\/{rel}","templated":true}]}}