{"id":1613,"date":"2026-04-06T10:01:23","date_gmt":"2026-04-06T10:01:23","guid":{"rendered":"https:\/\/sadelighting.com\/expedition-internationale\/"},"modified":"2026-04-13T13:30:36","modified_gmt":"2026-04-13T13:30:36","slug":"expedition-internationale","status":"publish","type":"page","link":"https:\/\/sadelighting.com\/fr\/expedition-internationale\/","title":{"rendered":"Exp\u00e9dition internationale"},"content":{"rendered":"\n<section class=\"global-shipping-page\">\r\n\r\n  <div class=\"ws-hero\">\r\n    <div class=\"ws-container\">\r\n      <span class=\"ws-label\">Sade Lighting<\/span>\r\n      <h1>Livraison mondiale<\/h1>\r\n      <p class=\"ws-subtitle\">\r\n        Nous livrons nos luminaires en bois fabriqu\u00e9s \u00e0 la main \u00e0 l\u2019international \u2013 soigneusement pr\u00e9par\u00e9s, exp\u00e9di\u00e9s de mani\u00e8re fiable et accessibles aux clients du monde entier.\r\n      <\/p>\r\n      <div class=\"ws-buttons\">\r\n        <a href=\"\/shop\" class=\"ws-btn ws-btn-primary\">D\u00e9couvrir la collection<\/a>\r\n        <a href=\"https:\/\/sadelighting.com\/fr\/contact\/\" class=\"ws-btn ws-btn-secondary\">Nous contacter<\/a>\r\n      <\/div>\r\n    <\/div>\r\n  <\/div>\r\n\r\n  <div class=\"ws-section\">\r\n    <div class=\"ws-container ws-narrow\">\r\n      <h2>Livraison internationale pour des luminaires d\u2019exception<\/h2>\r\n      <p>\r\n        Nos luminaires ne sont pas uniquement destin\u00e9s aux march\u00e9s locaux. Gr\u00e2ce \u00e0 notre livraison mondiale, nous apportons nos cr\u00e9ations artisanales en bois aux clients en Europe, aux \u00c9tats-Unis et dans de nombreux autres pays.\r\n      <\/p>\r\n      <p>\r\n        Nous accordons une grande importance \u00e0 une pr\u00e9paration structur\u00e9e des exp\u00e9ditions afin que chaque produit soit livr\u00e9 en toute s\u00e9curit\u00e9, de mani\u00e8re professionnelle et fiable.\r\n      <\/p>\r\n    <\/div>\r\n  <\/div>\r\n\r\n  <div class=\"ws-section ws-highlight\">\r\n    <div class=\"ws-container\">\r\n      <div class=\"ws-grid ws-grid-3\">\r\n        <div class=\"ws-card\">\r\n          <h3>Port\u00e9e internationale<\/h3>\r\n          <p>\r\n            Nous proposons des solutions d\u2019exp\u00e9dition pour des clients dans diff\u00e9rents pays et assurons un traitement fiable des commandes internationales.\r\n          <\/p>\r\n        <\/div>\r\n\r\n        <div class=\"ws-card\">\r\n          <h3>Pr\u00e9paration s\u00e9curis\u00e9e<\/h3>\r\n          <p>\r\n            Chaque commande est soigneusement contr\u00f4l\u00e9e, prot\u00e9g\u00e9e et pr\u00e9par\u00e9e de mani\u00e8re professionnelle pour l\u2019exp\u00e9dition.\r\n          <\/p>\r\n        <\/div>\r\n\r\n        <div class=\"ws-card\">\r\n          <h3>Pour particuliers et professionnels<\/h3>\r\n          <p>\r\n            Notre livraison mondiale convient aussi bien aux commandes priv\u00e9es qu\u2019aux h\u00f4tels, restaurants et projets B2B.\r\n          <\/p>\r\n        <\/div>\r\n      <\/div>\r\n    <\/div>\r\n  <\/div>\r\n\r\n  <div class=\"ws-section\">\r\n    <div class=\"ws-container\">\r\n      <div class=\"ws-grid ws-grid-2\">\r\n        <div class=\"ws-card ws-card-large\">\r\n          <h2>Europe, \u00c9tats-Unis et autres pays<\/h2>\r\n          <p>\r\n            Nos processus d\u2019exp\u00e9dition internationale sont con\u00e7us pour atteindre de mani\u00e8re fiable les principaux march\u00e9s, notamment l\u2019Europe et les \u00c9tats-Unis, ainsi que d\u2019autres destinations internationales.\r\n          <\/p>\r\n          <p>\r\n            Nous permettons ainsi un acc\u00e8s \u00e0 notre collection au-del\u00e0 des fronti\u00e8res \u2013 pour des clients qui appr\u00e9cient les mat\u00e9riaux naturels, la fabrication artisanale et un design d\u2019\u00e9clairage moderne.\r\n          <\/p>\r\n        <\/div>\r\n\r\n        <div class=\"ws-card ws-card-large\">\r\n          <h2>Exp\u00e9dition en toute confiance<\/h2>\r\n          <p>\r\n            Pour nous, la livraison mondiale ne se limite pas \u00e0 la logistique, mais implique \u00e9galement une responsabilit\u00e9. Chaque envoi est trait\u00e9 avec le m\u00eame soin que le produit lui-m\u00eame.\r\n          <\/p>\r\n          <p>\r\n            Cet engagement cr\u00e9e la confiance et garantit une exp\u00e9rience d\u2019achat de qualit\u00e9 \u2013 du premier clic jusqu\u2019\u00e0 la livraison.\r\n          <\/p>\r\n        <\/div>\r\n      <\/div>\r\n    <\/div>\r\n  <\/div>\r\n\r\n  <div class=\"ws-section ws-dark\">\r\n    <div class=\"ws-container ws-narrow\">\r\n      <h2>Livraison globale avec une exigence professionnelle<\/h2>\r\n      <p>\r\n        Qu\u2019il s\u2019agisse d\u2019un luminaire unique pour un int\u00e9rieur ou de plusieurs produits pour un projet, notre livraison mondiale est con\u00e7ue pour g\u00e9rer efficacement les commandes internationales de haute qualit\u00e9.\r\n      <\/p>\r\n      <p>\r\n        Sade Lighting devient ainsi une marque reconnue non seulement pour son design et ses mat\u00e9riaux, mais aussi pour sa port\u00e9e internationale.\r\n      <\/p>\r\n    <\/div>\r\n  <\/div>\r\n\r\n  <div class=\"ws-section\">\r\n    <div class=\"ws-container ws-narrow\">\r\n      <h2>Livraison mondiale pour espaces de vie et projets<\/h2>\r\n      <p>\r\n        Nos luminaires s\u2019int\u00e8grent aussi bien dans des int\u00e9rieurs modernes que dans des h\u00f4tels, restaurants, projets d\u2019architecture int\u00e9rieure et espaces professionnels \u00e9l\u00e9gants.\r\n      <\/p>\r\n      <p>\r\n        Nous combinons ainsi design artisanal et accessibilit\u00e9 globale \u2013 pour des clients qui recherchent qualit\u00e9, naturel et esth\u00e9tique \u00e9pur\u00e9e.\r\n      <\/p>\r\n    <\/div>\r\n  <\/div>\r\n\r\n  <div class=\"ws-section ws-cta\">\r\n    <div class=\"ws-container ws-narrow\">\r\n      <h2>D\u00e9couvrez nos luminaires en bois livr\u00e9s dans le monde entier<\/h2>\r\n      <p>\r\n        Explorez notre collection et trouvez des luminaires fabriqu\u00e9s \u00e0 la main, exp\u00e9di\u00e9s \u00e0 l\u2019international avec une pr\u00e9paration professionnelle.\r\n      <\/p>\r\n      <div class=\"ws-buttons\">\r\n        <a href=\"\/shop\" class=\"ws-btn ws-btn-primary\">Acheter maintenant<\/a>\r\n        <a href=\"https:\/\/sadelighting.com\/fr\/partenariats-b2b\/\" class=\"ws-btn ws-btn-secondary\">D\u00e9couvrir le B2B<\/a>\r\n      <\/div>\r\n    <\/div>\r\n  <\/div>\r\n\r\n<\/section>\n","protected":false},"excerpt":{"rendered":"<p>Sade Lighting Livraison mondiale Nous livrons nos luminaires en bois fabriqu\u00e9s \u00e0 la main \u00e0 l\u2019international \u2013 soigneusement pr\u00e9par\u00e9s, exp\u00e9di\u00e9s de mani\u00e8re fiable et accessibles aux clients du monde entier. D\u00e9couvrir la collection Nous contacter Livraison internationale pour des luminaires d\u2019exception Nos luminaires ne sont pas uniquement destin\u00e9s aux march\u00e9s locaux. Gr\u00e2ce \u00e0 notre livraison [&#8230;]\n","protected":false},"author":1,"featured_media":0,"parent":0,"menu_order":0,"comment_status":"closed","ping_status":"closed","template":"","meta":{"footnotes":""},"class_list":["post-1613","page","type-page","status-publish","hentry"],"_links":{"self":[{"href":"https:\/\/sadelighting.com\/fr\/wp-json\/wp\/v2\/pages\/1613","targetHints":{"allow":["GET"]}}],"collection":[{"href":"https:\/\/sadelighting.com\/fr\/wp-json\/wp\/v2\/pages"}],"about":[{"href":"https:\/\/sadelighting.com\/fr\/wp-json\/wp\/v2\/types\/page"}],"author":[{"embeddable":true,"href":"https:\/\/sadelighting.com\/fr\/wp-json\/wp\/v2\/users\/1"}],"replies":[{"embeddable":true,"href":"https:\/\/sadelighting.com\/fr\/wp-json\/wp\/v2\/comments?post=1613"}],"version-history":[{"count":1,"href":"https:\/\/sadelighting.com\/fr\/wp-json\/wp\/v2\/pages\/1613\/revisions"}],"predecessor-version":[{"id":1614,"href":"https:\/\/sadelighting.com\/fr\/wp-json\/wp\/v2\/pages\/1613\/revisions\/1614"}],"wp:attachment":[{"href":"https:\/\/sadelighting.com\/fr\/wp-json\/wp\/v2\/media?parent=1613"}],"curies":[{"name":"wp","href":"https:\/\/api.w.org\/{rel}","templated":true}]}}