{"id":1602,"date":"2013-08-11T19:22:53","date_gmt":"2013-08-11T19:22:53","guid":{"rendered":"https:\/\/sadelighting.com\/contact\/"},"modified":"2026-04-13T13:23:27","modified_gmt":"2026-04-13T13:23:27","slug":"contact","status":"publish","type":"page","link":"https:\/\/sadelighting.com\/fr\/contact\/","title":{"rendered":"contact"},"content":{"rendered":"\n<div class=\"row\"  id=\"row-1489187920\">\n\n\n\t<div id=\"col-1917208493\" class=\"col medium-8 small-12 large-8\"  >\n\t\t\t\t<div class=\"col-inner\"  >\n\t\t\t\n\t\t\t\n\n\t<div id=\"text-1426219874\" class=\"text\">\n\t\t\n\n<br><p><iframe src=\"https:\/\/www.google.com\/maps\/embed?pb=!1m18!1m12!1m3!1d3011.8268027960135!2d29.17301787518251!3d40.98527322084249!2m3!1f0!2f0!3f0!3m2!1i1024!2i768!4f13.1!3m3!1m2!1s0x14cacff99994a2eb%3A0x8508545e34e1ab07!2sSade%20Woodenlights!5e0!3m2!1str!2str!4v1774455397711!5m2!1str!2str\" width=\"800\" height=\"450\" style=\"border:0;\" allowfullscreen=\"\" loading=\"lazy\" referrerpolicy=\"no-referrer-when-downgrade\"><\/iframe><\/p><br><br>\n\n\t\t\n<style>\n#text-1426219874 {\n  text-align: center;\n}\n<\/style>\n\t<\/div>\n\t\n\n\t\t<\/div>\n\t\t\t\t\t<\/div>\n\n\t\n\n\t<div id=\"col-1146168427\" class=\"col medium-4 small-12 large-4\"  >\n\t\t\t\t<div class=\"col-inner\"  >\n\t\t\t\n\t\t\t\n\n<div style=\"background:#fff; padding:30px; border-radius:15px; box-shadow: 0 10px 25px rgba(0,0,0,0.1);\">\r\n<h3 style=\"margin-top:0;\">CONTACT<\/h3>\r\n<p><strong>\ud83d\udccd Adresse :<\/strong><br \/>Ferhatpa\u015fa, G9 Sok 11\/A, 34646<br \/>Ata\u015fehir \/ Istanbul<\/p>\r\n<p><strong>\ud83d\udcde T\u00e9l\u00e9phone &#038; WhatsApp :<\/strong><br \/><a href=\"tel:+905449747233\" style=\"text-decoration:none; color:#333;\">+90 544 974 72 33<\/a><\/p>\r\n<p><strong>\u23f0 Horaires d\u2019ouverture :<\/strong><br \/>Lun. &#8211; Ven. : 08:00 \u2013 19:30<\/p>\r\n<\/div>\n\n\n\t\t<\/div>\n\t\t\t\t\t<\/div>\n\n\t\n\n<\/div>\n<div class=\"row\"  id=\"row-135276778\">\n\n\n\t<div id=\"col-1519329892\" class=\"col medium-6 large-6\"  >\n\t\t\t\t<div class=\"col-inner\"  >\n\t\t\t\n\t\t\t\n\n<div class=\"container section-title-container\" ><h3 class=\"section-title section-title-normal\"><b aria-hidden=\"true\"><\/b><span class=\"section-title-main\" >Foire aux questions<\/span><b aria-hidden=\"true\"><\/b><\/h3><\/div>\n\n<p class=\"lead\">Veuillez consulter notre FAQ avant de nous envoyer un message.<\/p>\n<div class=\"accordion\">\n\n\t<div id=\"accordion-1075796448\" class=\"accordion-item\">\n\t\t<a id=\"accordion-1075796448-label\" class=\"accordion-title plain\" href=\"#accordion-item-1.-vos-luminaires-sont-ils-vraiment-faits-\u00e0-la-main-?\" aria-expanded=\"false\" aria-controls=\"accordion-1075796448-content\">\n\t\t\t<button class=\"toggle\" aria-label=\"Basculer\"><i class=\"icon-angle-down\" aria-hidden=\"true\"><\/i><\/button>\n\t\t\t<span>1. Vos luminaires sont-ils vraiment faits \u00e0 la main ?<\/span>\n\t\t<\/a>\n\t\t<div id=\"accordion-1075796448-content\" class=\"accordion-inner\" aria-labelledby=\"accordion-1075796448-label\">\n\t\t\t\n\n<p>Oui, chaque luminaire est soigneusement fabriqu\u00e9 \u00e0 la main par des artisans exp\u00e9riment\u00e9s et constitue une pi\u00e8ce v\u00e9ritablement unique.<\/p>\n\n\t\t<\/div>\n\t<\/div>\n\t\n\t<div id=\"accordion-4203381313\" class=\"accordion-item\">\n\t\t<a id=\"accordion-4203381313-label\" class=\"accordion-title plain\" href=\"#accordion-item-2.-quels-mat\u00e9riaux-utilisez-vous-?\" aria-expanded=\"false\" aria-controls=\"accordion-4203381313-content\">\n\t\t\t<button class=\"toggle\" aria-label=\"Basculer\"><i class=\"icon-angle-down\" aria-hidden=\"true\"><\/i><\/button>\n\t\t\t<span>2. Quels mat\u00e9riaux utilisez-vous ?<\/span>\n\t\t<\/a>\n\t\t<div id=\"accordion-4203381313-content\" class=\"accordion-inner\" aria-labelledby=\"accordion-4203381313-label\">\n\t\t\t\n\n<p>Nous utilisons un placage bois de haute qualit\u00e9, reconnu pour sa structure naturelle et sa durabilit\u00e9.<\/p>\n\n\t\t<\/div>\n\t<\/div>\n\t\n\t<div id=\"accordion-690012079\" class=\"accordion-item\">\n\t\t<a id=\"accordion-690012079-label\" class=\"accordion-title plain\" href=\"#accordion-item-3.-ces-luminaires-sont-ils-adapt\u00e9s-aux-int\u00e9rieurs-modernes-?\" aria-expanded=\"false\" aria-controls=\"accordion-690012079-content\">\n\t\t\t<button class=\"toggle\" aria-label=\"Basculer\"><i class=\"icon-angle-down\" aria-hidden=\"true\"><\/i><\/button>\n\t\t\t<span>3. Ces luminaires sont-ils adapt\u00e9s aux int\u00e9rieurs modernes ?<\/span>\n\t\t<\/a>\n\t\t<div id=\"accordion-690012079-content\" class=\"accordion-inner\" aria-labelledby=\"accordion-690012079-label\">\n\t\t\t\n\n<p>Oui, nos designs sont sp\u00e9cialement con\u00e7us pour des styles d\u2019int\u00e9rieur modernes, minimalistes et scandinaves.<\/p>\n\n\t\t<\/div>\n\t<\/div>\n\t\n\t<div id=\"accordion-4157900795\" class=\"accordion-item\">\n\t\t<a id=\"accordion-4157900795-label\" class=\"accordion-title plain\" href=\"#accordion-item-4.-quel-type-de-source-lumineuse-est-utilis\u00e9-?\" aria-expanded=\"false\" aria-controls=\"accordion-4157900795-content\">\n\t\t\t<button class=\"toggle\" aria-label=\"Basculer\"><i class=\"icon-angle-down\" aria-hidden=\"true\"><\/i><\/button>\n\t\t\t<span>4. Quel type de source lumineuse est utilis\u00e9 ?<\/span>\n\t\t<\/a>\n\t\t<div id=\"accordion-4157900795-content\" class=\"accordion-inner\" aria-labelledby=\"accordion-4157900795-label\">\n\t\t\t\n\n<p>Nos luminaires sont compatibles avec des solutions LED \u00e0 haute efficacit\u00e9 \u00e9nerg\u00e9tique.<\/p>\n\n\t\t<\/div>\n\t<\/div>\n\t\n\t<div id=\"accordion-3249783884\" class=\"accordion-item\">\n\t\t<a id=\"accordion-3249783884-label\" class=\"accordion-title plain\" href=\"#accordion-item-5.-livrez-vous-\u00e9galement-en-allemagne-et-en-europe-?\" aria-expanded=\"false\" aria-controls=\"accordion-3249783884-content\">\n\t\t\t<button class=\"toggle\" aria-label=\"Basculer\"><i class=\"icon-angle-down\" aria-hidden=\"true\"><\/i><\/button>\n\t\t\t<span>5. Livrez-vous \u00e9galement en Allemagne et en Europe ?<\/span>\n\t\t<\/a>\n\t\t<div id=\"accordion-3249783884-content\" class=\"accordion-inner\" aria-labelledby=\"accordion-3249783884-label\">\n\t\t\t\n\n<p>Oui, nous proposons une livraison rapide et fiable vers l\u2019Allemagne et toute l\u2019Europe.<\/p>\n\n\t\t<\/div>\n\t<\/div>\n\t\n\t<div id=\"accordion-2368334653\" class=\"accordion-item\">\n\t\t<a id=\"accordion-2368334653-label\" class=\"accordion-title plain\" href=\"#accordion-item-6.-combien-de-temps-prend-la-livraison-?\" aria-expanded=\"false\" aria-controls=\"accordion-2368334653-content\">\n\t\t\t<button class=\"toggle\" aria-label=\"Basculer\"><i class=\"icon-angle-down\" aria-hidden=\"true\"><\/i><\/button>\n\t\t\t<span>6. Combien de temps prend la livraison ?<\/span>\n\t\t<\/a>\n\t\t<div id=\"accordion-2368334653-content\" class=\"accordion-inner\" aria-labelledby=\"accordion-2368334653-label\">\n\t\t\t\n\n<p>Le d\u00e9lai de livraison est g\u00e9n\u00e9ralement de 3 \u00e0 7 jours ouvrables, selon la destination.<\/p>\n\n\t\t<\/div>\n\t<\/div>\n\t\n\t<div id=\"accordion-2038945122\" class=\"accordion-item\">\n\t\t<a id=\"accordion-2038945122-label\" class=\"accordion-title plain\" href=\"#accordion-item-7.-le-paiement-est-il-s\u00e9curis\u00e9-?\" aria-expanded=\"false\" aria-controls=\"accordion-2038945122-content\">\n\t\t\t<button class=\"toggle\" aria-label=\"Basculer\"><i class=\"icon-angle-down\" aria-hidden=\"true\"><\/i><\/button>\n\t\t\t<span>7. Le paiement est-il s\u00e9curis\u00e9 ?<\/span>\n\t\t<\/a>\n\t\t<div id=\"accordion-2038945122-content\" class=\"accordion-inner\" aria-labelledby=\"accordion-2038945122-label\">\n\t\t\t\n\n<p>Oui, tous les paiements sont trait\u00e9s via des syst\u00e8mes s\u00e9curis\u00e9s et crypt\u00e9s.<\/p>\n\n\t\t<\/div>\n\t<\/div>\n\t\n\t<div id=\"accordion-2773857645\" class=\"accordion-item\">\n\t\t<a id=\"accordion-2773857645-label\" class=\"accordion-title plain\" href=\"#accordion-item-8.-puis-je-le-retourner-?\" aria-expanded=\"false\" aria-controls=\"accordion-2773857645-content\">\n\t\t\t<button class=\"toggle\" aria-label=\"Basculer\"><i class=\"icon-angle-down\" aria-hidden=\"true\"><\/i><\/button>\n\t\t\t<span>8. Puis-je le retourner ?<\/span>\n\t\t<\/a>\n\t\t<div id=\"accordion-2773857645-content\" class=\"accordion-inner\" aria-labelledby=\"accordion-2773857645-label\">\n\t\t\t\n\n<p>Oui, vous pouvez retourner votre commande dans un d\u00e9lai de 14 jours.<\/p>\n\n\t\t<\/div>\n\t<\/div>\n\t\n\t<div id=\"accordion-1324951817\" class=\"accordion-item\">\n\t\t<a id=\"accordion-1324951817-label\" class=\"accordion-title plain\" href=\"#accordion-item-9.-proposez-vous-\u00e9galement-des-services-b2b-ou-de-vente-en-gros-?\" aria-expanded=\"false\" aria-controls=\"accordion-1324951817-content\">\n\t\t\t<button class=\"toggle\" aria-label=\"Basculer\"><i class=\"icon-angle-down\" aria-hidden=\"true\"><\/i><\/button>\n\t\t\t<span>9. Proposez-vous \u00e9galement des services B2B ou de vente en gros ?<\/span>\n\t\t<\/a>\n\t\t<div id=\"accordion-1324951817-content\" class=\"accordion-inner\" aria-labelledby=\"accordion-1324951817-label\">\n\t\t\t\n\n<p>Oui, nous collaborons avec des commer\u00e7ants, des architectes et des architectes d\u2019int\u00e9rieur dans le monde entier.<\/p>\n\n\t\t<\/div>\n\t<\/div>\n\t\n\t<div id=\"accordion-2008116784\" class=\"accordion-item\">\n\t\t<a id=\"accordion-2008116784-label\" class=\"accordion-title plain\" href=\"#accordion-item-10.-comment-puis-je-vous-contacter-?\" aria-expanded=\"false\" aria-controls=\"accordion-2008116784-content\">\n\t\t\t<button class=\"toggle\" aria-label=\"Basculer\"><i class=\"icon-angle-down\" aria-hidden=\"true\"><\/i><\/button>\n\t\t\t<span>10. Comment puis-je vous contacter ?<\/span>\n\t\t<\/a>\n\t\t<div id=\"accordion-2008116784-content\" class=\"accordion-inner\" aria-labelledby=\"accordion-2008116784-label\">\n\t\t\t\n\n<p>Vous pouvez nous contacter par t\u00e9l\u00e9phone, WhatsApp ou e-mail \u2013 nous serons ravis de vous aider.<\/p>\n\n\t\t<\/div>\n\t<\/div>\n\t\n\n<\/div>\n\n\t\t<\/div>\n\t\t\t\t\t<\/div>\n\n\t\n\n\t<div id=\"col-1371813456\" class=\"col medium-6 large-6\"  >\n\t\t\t\t<div class=\"col-inner\"  >\n\t\t\t\n\t\t\t\n\n<div class=\"container section-title-container\" ><h3 class=\"section-title section-title-normal\"><b aria-hidden=\"true\"><\/b><span class=\"section-title-main\" >Envoyez-nous un courriel.<\/span><b aria-hidden=\"true\"><\/b><\/h3><\/div>\n\n\n<div class=\"wpcf7 no-js\" id=\"wpcf7-f599-o1\" lang=\"de-DE\" dir=\"ltr\" data-wpcf7-id=\"599\">\n<div class=\"screen-reader-response\"><p role=\"status\" aria-live=\"polite\" aria-atomic=\"true\"><\/p> <ul><\/ul><\/div>\n<form action=\"\/fr\/wp-json\/wp\/v2\/pages\/1602#wpcf7-f599-o1\" method=\"post\" class=\"wpcf7-form init\" aria-label=\"Kontaktformular\" novalidate=\"novalidate\" data-status=\"init\">\n<fieldset class=\"hidden-fields-container\"><input type=\"hidden\" name=\"_wpcf7\" value=\"599\" \/><input type=\"hidden\" name=\"_wpcf7_version\" value=\"6.1.5\" \/><input type=\"hidden\" name=\"_wpcf7_locale\" value=\"de_DE\" \/><input type=\"hidden\" name=\"_wpcf7_unit_tag\" value=\"wpcf7-f599-o1\" \/><input type=\"hidden\" name=\"_wpcf7_container_post\" value=\"0\" \/><input type=\"hidden\" name=\"_wpcf7_posted_data_hash\" value=\"\" \/>\n<\/fieldset>\n<p><label> Ihr Name<br \/>\n<span class=\"wpcf7-form-control-wrap\" data-name=\"your-name\"><input size=\"40\" maxlength=\"400\" class=\"wpcf7-form-control wpcf7-text wpcf7-validates-as-required\" aria-required=\"true\" aria-invalid=\"false\" value=\"\" type=\"text\" name=\"your-name\" \/><\/span><br \/>\n<\/label>\n<\/p>\n<p><label> Ihre E-Mail-Adresse<br \/>\n<span class=\"wpcf7-form-control-wrap\" data-name=\"your-email\"><input size=\"40\" maxlength=\"400\" class=\"wpcf7-form-control wpcf7-email wpcf7-validates-as-required wpcf7-text wpcf7-validates-as-email\" aria-required=\"true\" aria-invalid=\"false\" value=\"\" type=\"email\" name=\"your-email\" \/><\/span><br \/>\n<\/label>\n<\/p>\n<p><label> Telefonnummer<br \/>\n<span class=\"wpcf7-form-control-wrap\" data-name=\"your-phone\"><input size=\"40\" maxlength=\"400\" class=\"wpcf7-form-control wpcf7-tel wpcf7-text wpcf7-validates-as-tel\" aria-invalid=\"false\" value=\"\" type=\"tel\" name=\"your-phone\" \/><\/span><br \/>\n<\/label>\n<\/p>\n<p><label> Betreff<br \/>\n<span class=\"wpcf7-form-control-wrap\" data-name=\"your-subject\"><input size=\"40\" maxlength=\"400\" class=\"wpcf7-form-control wpcf7-text\" aria-invalid=\"false\" value=\"\" type=\"text\" name=\"your-subject\" \/><\/span><br \/>\n<\/label>\n<\/p>\n<p><label> Ihre Nachricht<br \/>\n<span class=\"wpcf7-form-control-wrap\" data-name=\"your-message\"><textarea cols=\"40\" rows=\"10\" maxlength=\"2000\" class=\"wpcf7-form-control wpcf7-textarea wpcf7-validates-as-required\" aria-required=\"true\" aria-invalid=\"false\" name=\"your-message\"><\/textarea><\/span><br \/>\n<\/label>\n<\/p>\n<p><input class=\"wpcf7-form-control wpcf7-submit has-spinner\" type=\"submit\" value=\"Jetzt Nachricht senden\" \/>\n<\/p><div class=\"wpcf7-response-output\" aria-hidden=\"true\"><\/div>\n<\/form>\n<\/div>\n<br><br><p style=\"font-size:12px; color:#777;\">\r\n\u2714 R\u00e9ponse rapide garantie <br \/>\r\n\u2714 Communication s\u00e9curis\u00e9e et confidentielle\r\n<\/p>\n\n\t\t<\/div>\n\t\t\t\t\t<\/div>\n\n\t\n\n<\/div>\n<p>\u00a0<\/p>\n\n","protected":false},"excerpt":{"rendered":"","protected":false},"author":1,"featured_media":1427,"parent":0,"menu_order":0,"comment_status":"closed","ping_status":"closed","template":"page-blank.php","meta":{"footnotes":""},"class_list":["post-1602","page","type-page","status-publish","has-post-thumbnail","hentry"],"_links":{"self":[{"href":"https:\/\/sadelighting.com\/fr\/wp-json\/wp\/v2\/pages\/1602","targetHints":{"allow":["GET"]}}],"collection":[{"href":"https:\/\/sadelighting.com\/fr\/wp-json\/wp\/v2\/pages"}],"about":[{"href":"https:\/\/sadelighting.com\/fr\/wp-json\/wp\/v2\/types\/page"}],"author":[{"embeddable":true,"href":"https:\/\/sadelighting.com\/fr\/wp-json\/wp\/v2\/users\/1"}],"replies":[{"embeddable":true,"href":"https:\/\/sadelighting.com\/fr\/wp-json\/wp\/v2\/comments?post=1602"}],"version-history":[{"count":1,"href":"https:\/\/sadelighting.com\/fr\/wp-json\/wp\/v2\/pages\/1602\/revisions"}],"predecessor-version":[{"id":1603,"href":"https:\/\/sadelighting.com\/fr\/wp-json\/wp\/v2\/pages\/1602\/revisions\/1603"}],"wp:featuredmedia":[{"embeddable":true,"href":"https:\/\/sadelighting.com\/fr\/wp-json\/wp\/v2\/media\/1427"}],"wp:attachment":[{"href":"https:\/\/sadelighting.com\/fr\/wp-json\/wp\/v2\/media?parent=1602"}],"curies":[{"name":"wp","href":"https:\/\/api.w.org\/{rel}","templated":true}]}}