{"id":1566,"date":"2026-04-06T10:04:55","date_gmt":"2026-04-06T10:04:55","guid":{"rendered":"https:\/\/sadelighting.com\/partenariats-b2b\/"},"modified":"2026-04-13T13:02:01","modified_gmt":"2026-04-13T13:02:01","slug":"partenariats-b2b","status":"publish","type":"page","link":"https:\/\/sadelighting.com\/fr\/partenariats-b2b\/","title":{"rendered":"partenariats B2B"},"content":{"rendered":"\n<section class=\"b2b-page\">\r\n\r\n  <div class=\"b2b-hero\">\r\n    <div class=\"b2b-container\">\r\n      <span class=\"b2b-label\">Sade Lighting<\/span>\r\n      <h1>Partenariats B2B<\/h1>\r\n      <p class=\"b2b-subtitle\">\r\n        Solutions d\u2019\u00e9clairage sur mesure pour h\u00f4tels, restaurants, architecture int\u00e9rieure et projets dans le monde entier.\r\n      <\/p>\r\n      <div class=\"b2b-buttons\">\r\n        <a href=\"https:\/\/sadelighting.com\/kontakt\/\" class=\"b2b-btn primary\">Demander un projet<\/a>\r\n        <a href=\"\/shop\" class=\"b2b-btn secondary\">Voir la collection<\/a>\r\n      <\/div>\r\n    <\/div>\r\n  <\/div>\r\n\r\n  <div class=\"b2b-section\">\r\n    <div class=\"b2b-container b2b-narrow\">\r\n      <h2>Des solutions professionnelles pour des projets exigeants<\/h2>\r\n      <p>\r\n        Nos luminaires en bois fabriqu\u00e9s \u00e0 la main ne sont pas uniquement destin\u00e9s aux espaces priv\u00e9s,\r\n        mais aussi aux h\u00f4tels, restaurants et projets d\u2019architecture int\u00e9rieure haut de gamme.\r\n      <\/p>\r\n      <p>\r\n        Avec une attention particuli\u00e8re port\u00e9e au design, aux mat\u00e9riaux et \u00e0 l\u2019ambiance,\r\n        nous accompagnons des projets ax\u00e9s sur la qualit\u00e9, l\u2019esth\u00e9tique et une atmosph\u00e8re unique.\r\n      <\/p>\r\n    <\/div>\r\n  <\/div>\r\n\r\n  <div class=\"b2b-section b2b-highlight\">\r\n    <div class=\"b2b-container\">\r\n      <div class=\"b2b-grid b2b-grid-3\">\r\n\r\n        <div class=\"b2b-card\">\r\n          <h3>H\u00f4tels<\/h3>\r\n          <p>Solutions d\u2019\u00e9clairage \u00e9l\u00e9gantes pour chambres, halls et espaces publics.<\/p>\r\n        <\/div>\r\n\r\n        <div class=\"b2b-card\">\r\n          <h3>Restaurants<\/h3>\r\n          <p>Concepts lumineux qui cr\u00e9ent une ambiance et renforcent l\u2019exp\u00e9rience spatiale.<\/p>\r\n        <\/div>\r\n\r\n        <div class=\"b2b-card\">\r\n          <h3>Architecture int\u00e9rieure<\/h3>\r\n          <p>Solutions flexibles pour designers et architectes dans des projets sur mesure.<\/p>\r\n        <\/div>\r\n\r\n      <\/div>\r\n    <\/div>\r\n  <\/div>\r\n\r\n  <div class=\"b2b-section\">\r\n    <div class=\"b2b-container\">\r\n      <div class=\"b2b-grid b2b-grid-2\">\r\n\r\n        <div class=\"b2b-card b2b-card-large\">\r\n          <h2>Solutions de projet personnalis\u00e9es<\/h2>\r\n          <p>\r\n            Chaque projet est unique. C\u2019est pourquoi nous proposons des solutions flexibles,\r\n            adapt\u00e9es aux exigences de l\u2019espace, du concept et du design.\r\n          <\/p>\r\n          <p>\r\n            De la s\u00e9lection des produits \u00e0 la mise en \u0153uvre finale, nous accompagnons nos partenaires\r\n            avec un focus clair sur la qualit\u00e9 et le r\u00e9sultat.\r\n          <\/p>\r\n        <\/div>\r\n\r\n        <div class=\"b2b-card b2b-card-large\">\r\n          <h2>Qualit\u00e9 artisanale<\/h2>\r\n          <p>\r\n            Nos luminaires sont fabriqu\u00e9s avec soin et offrent une esth\u00e9tique naturelle et haut de gamme \u2013\r\n            id\u00e9ale pour les projets orient\u00e9s design.\r\n          <\/p>\r\n          <p>\r\n            Cette combinaison de savoir-faire artisanal et de design moderne fait de nos produits\r\n            un choix pertinent pour des applications professionnelles.\r\n          <\/p>\r\n        <\/div>\r\n\r\n      <\/div>\r\n    <\/div>\r\n  <\/div>\r\n\r\n  <div class=\"b2b-section b2b-dark\">\r\n    <div class=\"b2b-container b2b-narrow\">\r\n      <h2>Collaboration B2B internationale<\/h2>\r\n      <p>\r\n        Nous travaillons avec des partenaires internationaux et livrons nos produits\r\n        dans le monde entier pour divers projets et applications.\r\n      <\/p>\r\n      <p>\r\n        Notre objectif est de construire des partenariats durables et de r\u00e9aliser ensemble\r\n        des concepts d\u2019am\u00e9nagement de haute qualit\u00e9.\r\n      <\/p>\r\n    <\/div>\r\n  <\/div>\r\n\r\n  <div class=\"b2b-section b2b-cta\">\r\n    <div class=\"b2b-container b2b-narrow\">\r\n      <h2>D\u00e9marrez votre projet avec nous<\/h2>\r\n      <p>\r\n        Contactez-nous pour des solutions personnalis\u00e9es, des offres et des collaborations B2B.\r\n      <\/p>\r\n      <div class=\"b2b-buttons\">\r\n        <a href=\"https:\/\/sadelighting.com\/kontakt\/\" class=\"b2b-btn primary\">Envoyer une demande<\/a>\r\n        <a href=\"https:\/\/sadelighting.com\/weltweiter-versand\/\" class=\"b2b-btn secondary\">D\u00e9couvrir la livraison<\/a>\r\n      <\/div>\r\n    <\/div>\r\n  <\/div>\r\n\r\n<\/section>\n","protected":false},"excerpt":{"rendered":"<p>Sade Lighting Partenariats B2B Solutions d\u2019\u00e9clairage sur mesure pour h\u00f4tels, restaurants, architecture int\u00e9rieure et projets dans le monde entier. Demander un projet Voir la collection Des solutions professionnelles pour des projets exigeants Nos luminaires en bois fabriqu\u00e9s \u00e0 la main ne sont pas uniquement destin\u00e9s aux espaces priv\u00e9s, mais aussi aux h\u00f4tels, restaurants et projets [&#8230;]\n","protected":false},"author":1,"featured_media":0,"parent":0,"menu_order":0,"comment_status":"closed","ping_status":"closed","template":"","meta":{"footnotes":""},"class_list":["post-1566","page","type-page","status-publish","hentry"],"_links":{"self":[{"href":"https:\/\/sadelighting.com\/fr\/wp-json\/wp\/v2\/pages\/1566","targetHints":{"allow":["GET"]}}],"collection":[{"href":"https:\/\/sadelighting.com\/fr\/wp-json\/wp\/v2\/pages"}],"about":[{"href":"https:\/\/sadelighting.com\/fr\/wp-json\/wp\/v2\/types\/page"}],"author":[{"embeddable":true,"href":"https:\/\/sadelighting.com\/fr\/wp-json\/wp\/v2\/users\/1"}],"replies":[{"embeddable":true,"href":"https:\/\/sadelighting.com\/fr\/wp-json\/wp\/v2\/comments?post=1566"}],"version-history":[{"count":1,"href":"https:\/\/sadelighting.com\/fr\/wp-json\/wp\/v2\/pages\/1566\/revisions"}],"predecessor-version":[{"id":1567,"href":"https:\/\/sadelighting.com\/fr\/wp-json\/wp\/v2\/pages\/1566\/revisions\/1567"}],"wp:attachment":[{"href":"https:\/\/sadelighting.com\/fr\/wp-json\/wp\/v2\/media?parent=1566"}],"curies":[{"name":"wp","href":"https:\/\/api.w.org\/{rel}","templated":true}]}}