{"id":1554,"date":"2026-04-10T13:17:49","date_gmt":"2026-04-10T13:17:49","guid":{"rendered":"https:\/\/sadelighting.com\/sobre-nosotros\/"},"modified":"2026-04-13T12:53:55","modified_gmt":"2026-04-13T12:53:55","slug":"sobre-nosotros","status":"publish","type":"page","link":"https:\/\/sadelighting.com\/es\/sobre-nosotros\/","title":{"rendered":"SOBRE NOSOTROS"},"content":{"rendered":"\n\n\n  <div class=\"banner has-hover has-parallax\" id=\"banner-1786309167\">\n          <div class=\"banner-inner fill\">\n        <div class=\"banner-bg fill\" data-parallax=\"-3\" data-parallax-container=\".banner\" data-parallax-background>\n            <img decoding=\"async\" width=\"1020\" height=\"536\" src=\"https:\/\/sadelighting.com\/wp-content\/uploads\/2026\/03\/sade-aydinlatma.png\" class=\"bg attachment-large size-large\" alt=\"sade lighting\" \/>                        <div class=\"overlay\"><\/div>            \n                    <\/div>\n\t\t\n        <div class=\"banner-layers container\">\n            <div class=\"fill banner-link\"><\/div>            \n\n   <div id=\"text-box-1931282746\" class=\"text-box banner-layer x50 md-x50 lg-x50 y80 md-y80 lg-y80 res-text\">\n                                <div class=\"text-box-content text dark\">\n              \n              <div class=\"text-inner text-center\">\n                  \n\n\t<div id=\"text-3791904810\" class=\"text\">\n\t\t\n\n<h1 class=\"lead\">Arte de iluminaci\u00f3n artesanal: donde la naturaleza se une con el dise\u00f1o<\/h1><br><p class=\"lead\">En Sade Lighting transformamos maderas naturales seleccionadas en luminarias atemporales. Cada una de nuestras piezas se fabrica a mano con m\u00e1xima precisi\u00f3n y destaca por la estructura aut\u00e9ntica de sus chapas de madera, desde el roble resistente hasta las vetas m\u00e1s exclusivas. Creemos que la luz es mucho m\u00e1s que iluminaci\u00f3n; es una expresi\u00f3n de personalidad. Por eso combinamos un dise\u00f1o minimalista con la calidez de la naturaleza para crear en su hogar una atm\u00f3sfera tan \u00fanica como la veta de cada madera.<\/p>\n\n\t\t\n<style>\n#text-3791904810 {\n  font-size: 0.75rem;\n  line-height: 1.6;\n  text-align: center;\n}\n<\/style>\n\t<\/div>\n\t\n\n              <\/div>\n           <\/div>\n                            \n<style>\n#text-box-1931282746 {\n  width: 95%;\n}\n#text-box-1931282746 .text-box-content {\n  font-size: 100%;\n}\n<\/style>\n    <\/div>\n \n\n        <\/div>\n      <\/div>\n\n            \n<style>\n#banner-1786309167 {\n  padding-top: 507px;\n}\n#banner-1786309167 .overlay {\n  background-color: rgba(0, 0, 0, 0.49);\n}\n<\/style>\n  <\/div>\n\n\n<div class=\"row\"  id=\"row-1550571080\">\n\n\n\t<div id=\"col-1099154068\" class=\"col medium-3 small-6 large-3\"  >\n\t\t\t\t<div class=\"col-inner\"  >\n\t\t\t\n\t\t\t\n\n\n\t\t<div class=\"icon-box featured-box icon-box-top text-left\"  >\n\t\t\t\t<div class=\"icon-box-text last-reset\">\n\t\t\t\t\t\t\t\t\t\n\n<h3>Garant\u00eda de madera aut\u00e9ntica<\/h3><br><p>Chapas aut\u00e9nticas de madera natural.<\/p>\n\n\n\t\t<\/div>\n\t<\/div>\n\t\n\t\n\n\t\t<\/div>\n\t\t\t\t\t<\/div>\n\n\t\n\n\t<div id=\"col-1589363462\" class=\"col medium-3 small-6 large-3\"  >\n\t\t\t\t<div class=\"col-inner\"  >\n\t\t\t\n\t\t\t\n\n\n\t\t<div class=\"icon-box featured-box icon-box-top text-left\"  >\n\t\t\t\t<div class=\"icon-box-text last-reset\">\n\t\t\t\t\t\t\t\t\t\n\n<h3>100% hecho a mano<\/h3><br><p>Cada l\u00e1mpara se elabora cuidadosamente a mano.<\/p>\n\n\n\t\t<\/div>\n\t<\/div>\n\t\n\t\n\n\t\t<\/div>\n\t\t\t\t\t<\/div>\n\n\t\n\n\t<div id=\"col-1906820243\" class=\"col medium-3 small-6 large-3\"  >\n\t\t\t\t<div class=\"col-inner\"  >\n\t\t\t\n\t\t\t\n\n\n\t\t<div class=\"icon-box featured-box icon-box-top text-left\"  >\n\t\t\t\t<div class=\"icon-box-text last-reset\">\n\t\t\t\t\t\t\t\t\t\n\n<h3>Dise\u00f1o original<\/h3><br><p>Dise\u00f1os exclusivos de Sade Lighting.<\/p>\n\n\n\t\t<\/div>\n\t<\/div>\n\t\n\t\n\n\t\t<\/div>\n\t\t\t\t\t<\/div>\n\n\t\n\n\t<div id=\"col-1303369767\" class=\"col medium-3 small-6 large-3\"  >\n\t\t\t\t<div class=\"col-inner\"  >\n\t\t\t\n\t\t\t\n\n\n\t\t<div class=\"icon-box featured-box icon-box-top text-left\"  >\n\t\t\t\t<div class=\"icon-box-text last-reset\">\n\t\t\t\t\t\t\t\t\t\n\n<h3>Env\u00edo seguro<\/h3><br><p>Embalaje de protecci\u00f3n especial para maderas de alta calidad.<\/p>\n\n\n\t\t<\/div>\n\t<\/div>\n\t\n\t\n\n\t\t<\/div>\n\t\t\t\t\t<\/div>\n\n\t\n\n<\/div>\n<div class=\"row\"  id=\"row-1851090019\">\n\n\n\t<div id=\"col-500103960\" class=\"col small-12 large-12\"  >\n\t\t\t\t<div class=\"col-inner\"  >\n\t\t\t\n\t\t\t\n\n<br><div class=\"text-center\"><div class=\"is-divider divider clearfix\" ><\/div><\/div><br><br><br>\n\n\n\t\t<\/div>\n\t\t\t\t\t<\/div>\n\n\t\n\n<\/div>\n<div class=\"row\"  id=\"row-620679719\">\n\n\n\t<div id=\"col-78505525\" class=\"col small-12 large-12\"  >\n\t\t\t\t<div class=\"col-inner\"  >\n\t\t\t\n\t\t\t\n\n<h3>Sade Lighting representa objetos de iluminaci\u00f3n con alma, muy alejados de la producci\u00f3n industrial en masa<\/h3><br><p>Creemos firmemente que la verdadera elegancia reside en la imperfecci\u00f3n de la naturaleza y en la precisi\u00f3n de la artesan\u00eda humana. Nuestra filosof\u00eda combina un dise\u00f1o minimalista con la calidez aut\u00e9ntica de los materiales naturales. As\u00ed creamos soluciones de iluminaci\u00f3n tan \u00fanicas como los espacios que iluminan.<\/p>\n\n<div class=\"row\"  id=\"row-560099486\">\n\n\n\t<div id=\"col-1030330527\" class=\"col medium-6 small-12 large-6\"  >\n\t\t\t\t<div class=\"col-inner\"  >\n\t\t\t\n\t\t\t\n\n<h3>Nuestra artesan\u00eda: aut\u00e9ntica, \u00fanica y elegante<\/h3><br><p>Lo que distingue a Sade Lighting es nuestra profunda conexi\u00f3n con la artesan\u00eda tradicional. Cada uno de nuestros productos se fabrica a mano con el m\u00e1ximo cuidado. Utilizamos chapas de madera aut\u00e9ntica de alta calidad y materiales nobles. La veta natural y viva de la madera convierte cada l\u00e1mpara en una pieza \u00fanica e irrepetible.<\/p>\n\n\n\t\t<\/div>\n\t\t\t\t\t<\/div>\n\n\t\n\n\t<div id=\"col-80610629\" class=\"col medium-6 small-12 large-6\"  >\n\t\t\t\t<div class=\"col-inner\"  >\n\t\t\t\n\t\t\t\n\n\t<div class=\"img has-hover x md-x lg-x y md-y lg-y\" id=\"image_2016453225\">\n\t\t\t\t\t\t\t\t<div class=\"img-inner dark\" >\n\t\t\t<img decoding=\"async\" width=\"800\" height=\"400\" src=\"https:\/\/sadelighting.com\/wp-content\/uploads\/2026\/03\/TULI-TABLE-LAMPS-1.png\" class=\"attachment-large size-large\" alt=\"\" srcset=\"https:\/\/sadelighting.com\/wp-content\/uploads\/2026\/03\/TULI-TABLE-LAMPS-1.png 800w, https:\/\/sadelighting.com\/wp-content\/uploads\/2026\/03\/TULI-TABLE-LAMPS-1-768x384.png 768w, https:\/\/sadelighting.com\/wp-content\/uploads\/2026\/03\/TULI-TABLE-LAMPS-1-18x9.png 18w, https:\/\/sadelighting.com\/wp-content\/uploads\/2026\/03\/TULI-TABLE-LAMPS-1-600x300.png 600w\" sizes=\"(max-width: 800px) 100vw, 800px\" \/>\t\t\t\t\t\t\n\t\t\t\t\t<\/div>\n\t\t\t\t\t\t\t\t\n<style>\n#image_2016453225 {\n  width: 100%;\n}\n<\/style>\n\t<\/div>\n\t\n\n\n\t\t<\/div>\n\t\t\t\t\t<\/div>\n\n\t\n\n<\/div>\n<div class=\"row\"  id=\"row-958845884\">\n\n\n\t<div id=\"col-446280928\" class=\"col medium-6 small-12 large-6\"  >\n\t\t\t\t<div class=\"col-inner\"  >\n\t\t\t\n\t\t\t\n\n\t<div class=\"img has-hover x md-x lg-x y md-y lg-y\" id=\"image_1530796262\">\n\t\t\t\t\t\t\t\t<div class=\"img-inner dark\" >\n\t\t\t<img decoding=\"async\" width=\"1020\" height=\"536\" src=\"https:\/\/sadelighting.com\/wp-content\/uploads\/2026\/03\/sade-aydinlatma.png\" class=\"attachment-large size-large\" alt=\"sade lighting\" srcset=\"https:\/\/sadelighting.com\/wp-content\/uploads\/2026\/03\/sade-aydinlatma.png 1200w, https:\/\/sadelighting.com\/wp-content\/uploads\/2026\/03\/sade-aydinlatma-600x315.png 600w, https:\/\/sadelighting.com\/wp-content\/uploads\/2026\/03\/sade-aydinlatma-762x400.png 762w, https:\/\/sadelighting.com\/wp-content\/uploads\/2026\/03\/sade-aydinlatma-768x403.png 768w\" sizes=\"(max-width: 1020px) 100vw, 1020px\" \/>\t\t\t\t\t\t\n\t\t\t\t\t<\/div>\n\t\t\t\t\t\t\t\t\n<style>\n#image_1530796262 {\n  width: 100%;\n}\n<\/style>\n\t<\/div>\n\t\n\n\n\t\t<\/div>\n\t\t\t\t\t<\/div>\n\n\t\n\n\t<div id=\"col-716900724\" class=\"col medium-6 small-12 large-6\"  >\n\t\t\t\t<div class=\"col-inner\"  >\n\t\t\t\n\t\t\t\n\n<h3>El coraz\u00f3n: dise\u00f1o original y exclusivo<\/h3><br><p>Nuestros dise\u00f1os nacen de la b\u00fasqueda de la perfecci\u00f3n en la simplicidad. Desarrollamos propuestas originales que combinan est\u00e9tica moderna con una naturalidad atemporal. Mediante el uso consciente de madera aut\u00e9ntica, llevamos un toque de naturaleza a su hogar o espacio de trabajo, acompa\u00f1ado de una calidad de luz que crea ambiente y bienestar.<\/p>\n\n\n\t\t<\/div>\n\t\t\t\t\t<\/div>\n\n\t\n\n<\/div>\n\n\t\t<\/div>\n\t\t\t\t\t<\/div>\n\n\t\n\n<\/div>\n\n","protected":false},"excerpt":{"rendered":"","protected":false},"author":1,"featured_media":0,"parent":0,"menu_order":0,"comment_status":"closed","ping_status":"closed","template":"","meta":{"footnotes":""},"class_list":["post-1554","page","type-page","status-publish","hentry"],"_links":{"self":[{"href":"https:\/\/sadelighting.com\/es\/wp-json\/wp\/v2\/pages\/1554","targetHints":{"allow":["GET"]}}],"collection":[{"href":"https:\/\/sadelighting.com\/es\/wp-json\/wp\/v2\/pages"}],"about":[{"href":"https:\/\/sadelighting.com\/es\/wp-json\/wp\/v2\/types\/page"}],"author":[{"embeddable":true,"href":"https:\/\/sadelighting.com\/es\/wp-json\/wp\/v2\/users\/1"}],"replies":[{"embeddable":true,"href":"https:\/\/sadelighting.com\/es\/wp-json\/wp\/v2\/comments?post=1554"}],"version-history":[{"count":1,"href":"https:\/\/sadelighting.com\/es\/wp-json\/wp\/v2\/pages\/1554\/revisions"}],"predecessor-version":[{"id":1555,"href":"https:\/\/sadelighting.com\/es\/wp-json\/wp\/v2\/pages\/1554\/revisions\/1555"}],"wp:attachment":[{"href":"https:\/\/sadelighting.com\/es\/wp-json\/wp\/v2\/media?parent=1554"}],"curies":[{"name":"wp","href":"https:\/\/api.w.org\/{rel}","templated":true}]}}