{"id":1546,"date":"2026-04-06T10:01:23","date_gmt":"2026-04-06T10:01:23","guid":{"rendered":"https:\/\/sadelighting.com\/envios-a-todo-el-mundo\/"},"modified":"2026-04-13T12:48:35","modified_gmt":"2026-04-13T12:48:35","slug":"envios-a-todo-el-mundo","status":"publish","type":"page","link":"https:\/\/sadelighting.com\/es\/envios-a-todo-el-mundo\/","title":{"rendered":"Env\u00edos a todo el mundo"},"content":{"rendered":"\n<section class=\"global-shipping-page\">\r\n\r\n  <div class=\"ws-hero\">\r\n    <div class=\"ws-container\">\r\n      <span class=\"ws-label\">Sade Lighting<\/span>\r\n      <h1>Env\u00edo internacional<\/h1>\r\n      <p class=\"ws-subtitle\">\r\n        Enviamos nuestras l\u00e1mparas de madera hechas a mano a todo el mundo: preparadas con cuidado, enviadas con fiabilidad y accesibles para clientes internacionales.\r\n      <\/p>\r\n      <div class=\"ws-buttons\">\r\n        <a href=\"\/shop\" class=\"ws-btn ws-btn-primary\">Ver colecci\u00f3n<\/a>\r\n        <a href=\"https:\/\/sadelighting.com\/es\/contacto\/\" class=\"ws-btn ws-btn-secondary\">Contacto<\/a>\r\n      <\/div>\r\n    <\/div>\r\n  <\/div>\r\n\r\n  <div class=\"ws-section\">\r\n    <div class=\"ws-container ws-narrow\">\r\n      <h2>Entrega internacional para luminarias especiales<\/h2>\r\n      <p>\r\n        Nuestras l\u00e1mparas no est\u00e1n pensadas solo para mercados locales. Con nuestro env\u00edo internacional, llevamos nuestras luminarias de madera hechas a mano a clientes en Europa, Estados Unidos y muchos otros pa\u00edses.\r\n      <\/p>\r\n      <p>\r\n        Damos gran importancia a una preparaci\u00f3n estructurada del env\u00edo, asegurando que cada producto se entregue de forma segura, profesional y fiable.\r\n      <\/p>\r\n    <\/div>\r\n  <\/div>\r\n\r\n  <div class=\"ws-section ws-highlight\">\r\n    <div class=\"ws-container\">\r\n      <div class=\"ws-grid ws-grid-3\">\r\n        <div class=\"ws-card\">\r\n          <h3>Alcance internacional<\/h3>\r\n          <p>\r\n            Ofrecemos soluciones de env\u00edo para clientes en diferentes pa\u00edses y gestionamos pedidos globales con total fiabilidad.\r\n          <\/p>\r\n        <\/div>\r\n\r\n        <div class=\"ws-card\">\r\n          <h3>Preparaci\u00f3n segura<\/h3>\r\n          <p>\r\n            Cada pedido se revisa cuidadosamente, se protege y se prepara profesionalmente para el env\u00edo.\r\n          <\/p>\r\n        <\/div>\r\n\r\n        <div class=\"ws-card\">\r\n          <h3>Para clientes privados y B2B<\/h3>\r\n          <p>\r\n            Nuestro env\u00edo internacional es ideal tanto para clientes particulares como para hoteles, restaurantes y proyectos profesionales.\r\n          <\/p>\r\n        <\/div>\r\n      <\/div>\r\n    <\/div>\r\n  <\/div>\r\n\r\n  <div class=\"ws-section\">\r\n    <div class=\"ws-container\">\r\n      <div class=\"ws-grid ws-grid-2\">\r\n        <div class=\"ws-card ws-card-large\">\r\n          <h2>Europa, Estados Unidos y otros destinos<\/h2>\r\n          <p>\r\n            Nuestros procesos de env\u00edo internacional est\u00e1n dise\u00f1ados para llegar de forma fiable a los principales mercados, especialmente Europa y Estados Unidos, as\u00ed como a otros destinos internacionales.\r\n          <\/p>\r\n          <p>\r\n            De este modo, facilitamos el acceso a nuestra colecci\u00f3n m\u00e1s all\u00e1 de las fronteras, para clientes que valoran los materiales naturales, la calidad artesanal y el dise\u00f1o contempor\u00e1neo.\r\n          <\/p>\r\n        <\/div>\r\n\r\n        <div class=\"ws-card ws-card-large\">\r\n          <h2>Env\u00edo con confianza<\/h2>\r\n          <p>\r\n            Para nosotros, el env\u00edo internacional no es solo log\u00edstica, sino tambi\u00e9n responsabilidad. Cada env\u00edo se trata con el mismo cuidado que el propio producto.\r\n          <\/p>\r\n          <p>\r\n            Este enfoque genera confianza y garantiza una experiencia de compra de alta calidad, desde el primer clic hasta la entrega final.\r\n          <\/p>\r\n        <\/div>\r\n      <\/div>\r\n    <\/div>\r\n  <\/div>\r\n\r\n  <div class=\"ws-section ws-dark\">\r\n    <div class=\"ws-container ws-narrow\">\r\n      <h2>Entrega global con est\u00e1ndares profesionales<\/h2>\r\n      <p>\r\n        Ya sea una sola l\u00e1mpara para el hogar o m\u00faltiples unidades para un proyecto, nuestro env\u00edo internacional est\u00e1 dise\u00f1ado para gestionar pedidos de alta calidad en todo el mundo.\r\n      <\/p>\r\n      <p>\r\n        As\u00ed, Sade Lighting se posiciona como una marca que destaca no solo por su dise\u00f1o y materiales, sino tambi\u00e9n por su alcance internacional.\r\n      <\/p>\r\n    <\/div>\r\n  <\/div>\r\n\r\n  <div class=\"ws-section\">\r\n    <div class=\"ws-container ws-narrow\">\r\n      <h2>Env\u00edo internacional para espacios y proyectos<\/h2>\r\n      <p>\r\n        Nuestras l\u00e1mparas se adaptan tanto a espacios residenciales como a hoteles, restaurantes, proyectos de interiorismo y entornos comerciales elegantes. Gracias a nuestro env\u00edo global, estas piezas pueden integrarse en proyectos en todo el mundo.\r\n      <\/p>\r\n      <p>\r\n        As\u00ed combinamos dise\u00f1o artesanal con disponibilidad global, para clientes que valoran la calidad, la naturalidad y una est\u00e9tica cuidada.\r\n      <\/p>\r\n    <\/div>\r\n  <\/div>\r\n\r\n  <div class=\"ws-section ws-cta\">\r\n    <div class=\"ws-container ws-narrow\">\r\n      <h2>Descubra nuestras l\u00e1mparas disponibles a nivel internacional<\/h2>\r\n      <p>\r\n        Explore nuestra colecci\u00f3n y encuentre luminarias hechas a mano, preparadas profesionalmente y enviadas a todo el mundo.\r\n      <\/p>\r\n      <div class=\"ws-buttons\">\r\n        <a href=\"\/shop\" class=\"ws-btn ws-btn-primary\">Comprar ahora<\/a>\r\n        <a href=\"https:\/\/sadelighting.com\/es\/asociaciones-b2b\/\" class=\"ws-btn ws-btn-secondary\">Descubrir B2B<\/a>\r\n      <\/div>\r\n    <\/div>\r\n  <\/div>\r\n\r\n<\/section>\n","protected":false},"excerpt":{"rendered":"<p>Sade Lighting Env\u00edo internacional Enviamos nuestras l\u00e1mparas de madera hechas a mano a todo el mundo: preparadas con cuidado, enviadas con fiabilidad y accesibles para clientes internacionales. Ver colecci\u00f3n Contacto Entrega internacional para luminarias especiales Nuestras l\u00e1mparas no est\u00e1n pensadas solo para mercados locales. Con nuestro env\u00edo internacional, llevamos nuestras luminarias de madera hechas a [&#8230;]\n","protected":false},"author":1,"featured_media":0,"parent":0,"menu_order":0,"comment_status":"closed","ping_status":"closed","template":"","meta":{"footnotes":""},"class_list":["post-1546","page","type-page","status-publish","hentry"],"_links":{"self":[{"href":"https:\/\/sadelighting.com\/es\/wp-json\/wp\/v2\/pages\/1546","targetHints":{"allow":["GET"]}}],"collection":[{"href":"https:\/\/sadelighting.com\/es\/wp-json\/wp\/v2\/pages"}],"about":[{"href":"https:\/\/sadelighting.com\/es\/wp-json\/wp\/v2\/types\/page"}],"author":[{"embeddable":true,"href":"https:\/\/sadelighting.com\/es\/wp-json\/wp\/v2\/users\/1"}],"replies":[{"embeddable":true,"href":"https:\/\/sadelighting.com\/es\/wp-json\/wp\/v2\/comments?post=1546"}],"version-history":[{"count":1,"href":"https:\/\/sadelighting.com\/es\/wp-json\/wp\/v2\/pages\/1546\/revisions"}],"predecessor-version":[{"id":1547,"href":"https:\/\/sadelighting.com\/es\/wp-json\/wp\/v2\/pages\/1546\/revisions\/1547"}],"wp:attachment":[{"href":"https:\/\/sadelighting.com\/es\/wp-json\/wp\/v2\/media?parent=1546"}],"curies":[{"name":"wp","href":"https:\/\/api.w.org\/{rel}","templated":true}]}}