{"id":1519,"date":"2013-08-11T19:22:53","date_gmt":"2013-08-11T19:22:53","guid":{"rendered":"https:\/\/sadelighting.com\/contacto\/"},"modified":"2026-04-13T12:10:16","modified_gmt":"2026-04-13T12:10:16","slug":"contacto","status":"publish","type":"page","link":"https:\/\/sadelighting.com\/es\/contacto\/","title":{"rendered":"Contacto"},"content":{"rendered":"\n<div class=\"row\"  id=\"row-674388296\">\n\n\n\t<div id=\"col-82618275\" class=\"col medium-8 small-12 large-8\"  >\n\t\t\t\t<div class=\"col-inner\"  >\n\t\t\t\n\t\t\t\n\n\t<div id=\"text-1487816057\" class=\"text\">\n\t\t\n\n<br><p><iframe src=\"https:\/\/www.google.com\/maps\/embed?pb=!1m18!1m12!1m3!1d3011.8268027960135!2d29.17301787518251!3d40.98527322084249!2m3!1f0!2f0!3f0!3m2!1i1024!2i768!4f13.1!3m3!1m2!1s0x14cacff99994a2eb%3A0x8508545e34e1ab07!2sSade%20Woodenlights!5e0!3m2!1str!2str!4v1774455397711!5m2!1str!2str\" width=\"800\" height=\"450\" style=\"border:0;\" allowfullscreen=\"\" loading=\"lazy\" referrerpolicy=\"no-referrer-when-downgrade\"><\/iframe><\/p><br><br>\n\n\t\t\n<style>\n#text-1487816057 {\n  text-align: center;\n}\n<\/style>\n\t<\/div>\n\t\n\n\t\t<\/div>\n\t\t\t\t\t<\/div>\n\n\t\n\n\t<div id=\"col-1429373540\" class=\"col medium-4 small-12 large-4\"  >\n\t\t\t\t<div class=\"col-inner\"  >\n\t\t\t\n\t\t\t\n\n<div style=\"background:#fff; padding:30px; border-radius:15px; box-shadow: 0 10px 25px rgba(0,0,0,0.1);\">\r\n<h3 style=\"margin-top:0;\">CONTACTO<\/h3>\r\n<p><strong>\ud83d\udccd Direcci\u00f3n:<\/strong><br \/>Ferhatpa\u015fa, G9 Sok 11\/A, 34646<br \/>Ata\u015fehir \/ Estambul<\/p>\r\n<p><strong>\ud83d\udcde Tel\u00e9fono y WhatsApp:<\/strong><br \/><a href=\"tel:+905449747233\" style=\"text-decoration:none; color:#333;\">+90 544 974 72 33<\/a><\/p>\r\n<p><strong>\u23f0 Horario:<\/strong><br \/>Lun. &#8211; Vie.: 08:00 \u2013 19:30<\/p>\r\n<\/div>\n\n\n\t\t<\/div>\n\t\t\t\t\t<\/div>\n\n\t\n\n<\/div>\n<div class=\"row\"  id=\"row-820426272\">\n\n\n\t<div id=\"col-1021946037\" class=\"col medium-6 large-6\"  >\n\t\t\t\t<div class=\"col-inner\"  >\n\t\t\t\n\t\t\t\n\n<div class=\"container section-title-container\" ><h3 class=\"section-title section-title-normal\"><b aria-hidden=\"true\"><\/b><span class=\"section-title-main\" >Preguntas frecuentes<\/span><b aria-hidden=\"true\"><\/b><\/h3><\/div>\n\n<p class=\"lead\">Por favor, lea nuestras preguntas frecuentes antes de enviarnos un mensaje.<\/p>\n<div class=\"accordion\">\n\n\t<div id=\"accordion-724594425\" class=\"accordion-item\">\n\t\t<a id=\"accordion-724594425-label\" class=\"accordion-title plain\" href=\"#accordion-item-1.-\u00bfsus-l\u00e1mparas-son-realmente-hechas-a-mano?\" aria-expanded=\"false\" aria-controls=\"accordion-724594425-content\">\n\t\t\t<button class=\"toggle\" aria-label=\"Toggle\"><i class=\"icon-angle-down\" aria-hidden=\"true\"><\/i><\/button>\n\t\t\t<span>1. \u00bfSus l\u00e1mparas son realmente hechas a mano?<\/span>\n\t\t<\/a>\n\t\t<div id=\"accordion-724594425-content\" class=\"accordion-inner\" aria-labelledby=\"accordion-724594425-label\">\n\t\t\t\n\n<p>S\u00ed, cada l\u00e1mpara se fabrica cuidadosamente por artesanos experimentados y es una pieza \u00fanica.<\/p>\n\n\t\t<\/div>\n\t<\/div>\n\t\n\t<div id=\"accordion-3312450195\" class=\"accordion-item\">\n\t\t<a id=\"accordion-3312450195-label\" class=\"accordion-title plain\" href=\"#accordion-item-2.-\u00bfqu\u00e9-materiales-utilizas?\" aria-expanded=\"false\" aria-controls=\"accordion-3312450195-content\">\n\t\t\t<button class=\"toggle\" aria-label=\"Toggle\"><i class=\"icon-angle-down\" aria-hidden=\"true\"><\/i><\/button>\n\t\t\t<span>2. \u00bfQu\u00e9 materiales utilizas?<\/span>\n\t\t<\/a>\n\t\t<div id=\"accordion-3312450195-content\" class=\"accordion-inner\" aria-labelledby=\"accordion-3312450195-label\">\n\t\t\t\n\n<p>Utilizamos chapa de madera de alta calidad, conocida por su estructura natural y durabilidad.<\/p>\n\n\t\t<\/div>\n\t<\/div>\n\t\n\t<div id=\"accordion-3321042712\" class=\"accordion-item\">\n\t\t<a id=\"accordion-3321042712-label\" class=\"accordion-title plain\" href=\"#accordion-item-3.-\u00bfson-las-luces-adecuadas-para-interiores-modernos?\" aria-expanded=\"false\" aria-controls=\"accordion-3321042712-content\">\n\t\t\t<button class=\"toggle\" aria-label=\"Toggle\"><i class=\"icon-angle-down\" aria-hidden=\"true\"><\/i><\/button>\n\t\t\t<span>3. \u00bfSon las luces adecuadas para interiores modernos?<\/span>\n\t\t<\/a>\n\t\t<div id=\"accordion-3321042712-content\" class=\"accordion-inner\" aria-labelledby=\"accordion-3321042712-label\">\n\t\t\t\n\n<p>S\u00ed, nuestros dise\u00f1os han sido desarrollados especialmente para estilos de interior modernos, minimalistas y escandinavos.<\/p>\n\n\t\t<\/div>\n\t<\/div>\n\t\n\t<div id=\"accordion-4033961195\" class=\"accordion-item\">\n\t\t<a id=\"accordion-4033961195-label\" class=\"accordion-title plain\" href=\"#accordion-item-4.-\u00bfqu\u00e9-tipo-de-fuente-de-luz-se-utiliza?\" aria-expanded=\"false\" aria-controls=\"accordion-4033961195-content\">\n\t\t\t<button class=\"toggle\" aria-label=\"Toggle\"><i class=\"icon-angle-down\" aria-hidden=\"true\"><\/i><\/button>\n\t\t\t<span>4. \u00bfQu\u00e9 tipo de fuente de luz se utiliza?<\/span>\n\t\t<\/a>\n\t\t<div id=\"accordion-4033961195-content\" class=\"accordion-inner\" aria-labelledby=\"accordion-4033961195-label\">\n\t\t\t\n\n<p>Nuestras l\u00e1mparas son compatibles con soluciones LED de bajo consumo energ\u00e9tico.<\/p>\n\n\t\t<\/div>\n\t<\/div>\n\t\n\t<div id=\"accordion-113090744\" class=\"accordion-item\">\n\t\t<a id=\"accordion-113090744-label\" class=\"accordion-title plain\" href=\"#accordion-item-5.-\u00bftambi\u00e9n-realizan-env\u00edos-a-alemania-y-europa?\" aria-expanded=\"false\" aria-controls=\"accordion-113090744-content\">\n\t\t\t<button class=\"toggle\" aria-label=\"Toggle\"><i class=\"icon-angle-down\" aria-hidden=\"true\"><\/i><\/button>\n\t\t\t<span>5. \u00bfTambi\u00e9n realizan env\u00edos a Alemania y Europa?<\/span>\n\t\t<\/a>\n\t\t<div id=\"accordion-113090744-content\" class=\"accordion-inner\" aria-labelledby=\"accordion-113090744-label\">\n\t\t\t\n\n<p>S\u00ed, ofrecemos env\u00edo r\u00e1pido y fiable a Alemania y a toda Europa.<\/p>\n\n\t\t<\/div>\n\t<\/div>\n\t\n\t<div id=\"accordion-1385512126\" class=\"accordion-item\">\n\t\t<a id=\"accordion-1385512126-label\" class=\"accordion-title plain\" href=\"#accordion-item-6.-\u00bfcu\u00e1nto-tarda-la-entrega?\" aria-expanded=\"false\" aria-controls=\"accordion-1385512126-content\">\n\t\t\t<button class=\"toggle\" aria-label=\"Toggle\"><i class=\"icon-angle-down\" aria-hidden=\"true\"><\/i><\/button>\n\t\t\t<span>6. \u00bfCu\u00e1nto tarda la entrega?<\/span>\n\t\t<\/a>\n\t\t<div id=\"accordion-1385512126-content\" class=\"accordion-inner\" aria-labelledby=\"accordion-1385512126-label\">\n\t\t\t\n\n<p>El plazo de entrega suele ser de 3 a 7 d\u00edas laborables, dependiendo de la ubicaci\u00f3n.<\/p>\n\n\t\t<\/div>\n\t<\/div>\n\t\n\t<div id=\"accordion-2302914169\" class=\"accordion-item\">\n\t\t<a id=\"accordion-2302914169-label\" class=\"accordion-title plain\" href=\"#accordion-item-7.-\u00bfes-seguro-el-pago?\" aria-expanded=\"false\" aria-controls=\"accordion-2302914169-content\">\n\t\t\t<button class=\"toggle\" aria-label=\"Toggle\"><i class=\"icon-angle-down\" aria-hidden=\"true\"><\/i><\/button>\n\t\t\t<span>7. \u00bfEs seguro el pago?<\/span>\n\t\t<\/a>\n\t\t<div id=\"accordion-2302914169-content\" class=\"accordion-inner\" aria-labelledby=\"accordion-2302914169-label\">\n\t\t\t\n\n<p>S\u00ed, todos los pagos se procesan a trav\u00e9s de sistemas seguros y cifrados.<\/p>\n\n\t\t<\/div>\n\t<\/div>\n\t\n\t<div id=\"accordion-3218532940\" class=\"accordion-item\">\n\t\t<a id=\"accordion-3218532940-label\" class=\"accordion-title plain\" href=\"#accordion-item-8.-\u00bfpuedo-devolverlo?\" aria-expanded=\"false\" aria-controls=\"accordion-3218532940-content\">\n\t\t\t<button class=\"toggle\" aria-label=\"Toggle\"><i class=\"icon-angle-down\" aria-hidden=\"true\"><\/i><\/button>\n\t\t\t<span>8. \u00bfPuedo devolverlo?<\/span>\n\t\t<\/a>\n\t\t<div id=\"accordion-3218532940-content\" class=\"accordion-inner\" aria-labelledby=\"accordion-3218532940-label\">\n\t\t\t\n\n<p>S\u00ed, puede devolver su pedido dentro de un plazo de 14 d\u00edas.<\/p>\n\n\t\t<\/div>\n\t<\/div>\n\t\n\t<div id=\"accordion-3225060288\" class=\"accordion-item\">\n\t\t<a id=\"accordion-3225060288-label\" class=\"accordion-title plain\" href=\"#accordion-item-9.-\u00bftambi\u00e9n-ofrecen-servicios-b2b-o-mayoristas?\" aria-expanded=\"false\" aria-controls=\"accordion-3225060288-content\">\n\t\t\t<button class=\"toggle\" aria-label=\"Toggle\"><i class=\"icon-angle-down\" aria-hidden=\"true\"><\/i><\/button>\n\t\t\t<span>9. \u00bfTambi\u00e9n ofrecen servicios B2B o mayoristas?<\/span>\n\t\t<\/a>\n\t\t<div id=\"accordion-3225060288-content\" class=\"accordion-inner\" aria-labelledby=\"accordion-3225060288-label\">\n\t\t\t\n\n<p>S\u00ed, colaboramos con distribuidores, arquitectos y dise\u00f1adores de interiores en todo el mundo.<\/p>\n\n\t\t<\/div>\n\t<\/div>\n\t\n\t<div id=\"accordion-3327321029\" class=\"accordion-item\">\n\t\t<a id=\"accordion-3327321029-label\" class=\"accordion-title plain\" href=\"#accordion-item-10.-\u00bfc\u00f3mo-puedo-ponerme-en-contacto-con-usted?\" aria-expanded=\"false\" aria-controls=\"accordion-3327321029-content\">\n\t\t\t<button class=\"toggle\" aria-label=\"Toggle\"><i class=\"icon-angle-down\" aria-hidden=\"true\"><\/i><\/button>\n\t\t\t<span>10. \u00bfC\u00f3mo puedo ponerme en contacto con usted?<\/span>\n\t\t<\/a>\n\t\t<div id=\"accordion-3327321029-content\" class=\"accordion-inner\" aria-labelledby=\"accordion-3327321029-label\">\n\t\t\t\n\n<p>Puede contactarnos por tel\u00e9fono, WhatsApp o correo electr\u00f3nico; estaremos encantados de ayudarle.<\/p>\n\n\t\t<\/div>\n\t<\/div>\n\t\n\n<\/div>\n\n\t\t<\/div>\n\t\t\t\t\t<\/div>\n\n\t\n\n\t<div id=\"col-1550902138\" class=\"col medium-6 large-6\"  >\n\t\t\t\t<div class=\"col-inner\"  >\n\t\t\t\n\t\t\t\n\n<div class=\"container section-title-container\" ><h3 class=\"section-title section-title-normal\"><b aria-hidden=\"true\"><\/b><span class=\"section-title-main\" >Env\u00edanos un correo electr\u00f3nico.<\/span><b aria-hidden=\"true\"><\/b><\/h3><\/div>\n\n\n<div class=\"wpcf7 no-js\" id=\"wpcf7-f599-o1\" lang=\"de-DE\" dir=\"ltr\" data-wpcf7-id=\"599\">\n<div class=\"screen-reader-response\"><p role=\"status\" aria-live=\"polite\" aria-atomic=\"true\"><\/p> <ul><\/ul><\/div>\n<form action=\"\/es\/wp-json\/wp\/v2\/pages\/1519#wpcf7-f599-o1\" method=\"post\" class=\"wpcf7-form init\" aria-label=\"Kontaktformular\" novalidate=\"novalidate\" data-status=\"init\">\n<fieldset class=\"hidden-fields-container\"><input type=\"hidden\" name=\"_wpcf7\" value=\"599\" \/><input type=\"hidden\" name=\"_wpcf7_version\" value=\"6.1.5\" \/><input type=\"hidden\" name=\"_wpcf7_locale\" value=\"de_DE\" \/><input type=\"hidden\" name=\"_wpcf7_unit_tag\" value=\"wpcf7-f599-o1\" \/><input type=\"hidden\" name=\"_wpcf7_container_post\" value=\"0\" \/><input type=\"hidden\" name=\"_wpcf7_posted_data_hash\" value=\"\" \/>\n<\/fieldset>\n<p><label> Ihr Name<br \/>\n<span class=\"wpcf7-form-control-wrap\" data-name=\"your-name\"><input size=\"40\" maxlength=\"400\" class=\"wpcf7-form-control wpcf7-text wpcf7-validates-as-required\" aria-required=\"true\" aria-invalid=\"false\" value=\"\" type=\"text\" name=\"your-name\" \/><\/span><br \/>\n<\/label>\n<\/p>\n<p><label> Ihre E-Mail-Adresse<br \/>\n<span class=\"wpcf7-form-control-wrap\" data-name=\"your-email\"><input size=\"40\" maxlength=\"400\" class=\"wpcf7-form-control wpcf7-email wpcf7-validates-as-required wpcf7-text wpcf7-validates-as-email\" aria-required=\"true\" aria-invalid=\"false\" value=\"\" type=\"email\" name=\"your-email\" \/><\/span><br \/>\n<\/label>\n<\/p>\n<p><label> Telefonnummer<br \/>\n<span class=\"wpcf7-form-control-wrap\" data-name=\"your-phone\"><input size=\"40\" maxlength=\"400\" class=\"wpcf7-form-control wpcf7-tel wpcf7-text wpcf7-validates-as-tel\" aria-invalid=\"false\" value=\"\" type=\"tel\" name=\"your-phone\" \/><\/span><br \/>\n<\/label>\n<\/p>\n<p><label> Betreff<br \/>\n<span class=\"wpcf7-form-control-wrap\" data-name=\"your-subject\"><input size=\"40\" maxlength=\"400\" class=\"wpcf7-form-control wpcf7-text\" aria-invalid=\"false\" value=\"\" type=\"text\" name=\"your-subject\" \/><\/span><br \/>\n<\/label>\n<\/p>\n<p><label> Ihre Nachricht<br \/>\n<span class=\"wpcf7-form-control-wrap\" data-name=\"your-message\"><textarea cols=\"40\" rows=\"10\" maxlength=\"2000\" class=\"wpcf7-form-control wpcf7-textarea wpcf7-validates-as-required\" aria-required=\"true\" aria-invalid=\"false\" name=\"your-message\"><\/textarea><\/span><br \/>\n<\/label>\n<\/p>\n<p><input class=\"wpcf7-form-control wpcf7-submit has-spinner\" type=\"submit\" value=\"Jetzt Nachricht senden\" \/>\n<\/p><div class=\"wpcf7-response-output\" aria-hidden=\"true\"><\/div>\n<\/form>\n<\/div>\n<br><br><p style=\"font-size:12px; color:#777;\">\r\n\u2714 Respuesta r\u00e1pida garantizada <br \/>\r\n\u2714 Comunicaci\u00f3n segura y confidencial\r\n<\/p>\n\n\t\t<\/div>\n\t\t\t\t\t<\/div>\n\n\t\n\n<\/div>\n<p>\u00a0<\/p>\n\n","protected":false},"excerpt":{"rendered":"","protected":false},"author":1,"featured_media":1460,"parent":0,"menu_order":0,"comment_status":"closed","ping_status":"closed","template":"page-blank.php","meta":{"footnotes":""},"class_list":["post-1519","page","type-page","status-publish","has-post-thumbnail","hentry"],"_links":{"self":[{"href":"https:\/\/sadelighting.com\/es\/wp-json\/wp\/v2\/pages\/1519","targetHints":{"allow":["GET"]}}],"collection":[{"href":"https:\/\/sadelighting.com\/es\/wp-json\/wp\/v2\/pages"}],"about":[{"href":"https:\/\/sadelighting.com\/es\/wp-json\/wp\/v2\/types\/page"}],"author":[{"embeddable":true,"href":"https:\/\/sadelighting.com\/es\/wp-json\/wp\/v2\/users\/1"}],"replies":[{"embeddable":true,"href":"https:\/\/sadelighting.com\/es\/wp-json\/wp\/v2\/comments?post=1519"}],"version-history":[{"count":1,"href":"https:\/\/sadelighting.com\/es\/wp-json\/wp\/v2\/pages\/1519\/revisions"}],"predecessor-version":[{"id":1520,"href":"https:\/\/sadelighting.com\/es\/wp-json\/wp\/v2\/pages\/1519\/revisions\/1520"}],"wp:featuredmedia":[{"embeddable":true,"href":"https:\/\/sadelighting.com\/es\/wp-json\/wp\/v2\/media\/1460"}],"wp:attachment":[{"href":"https:\/\/sadelighting.com\/es\/wp-json\/wp\/v2\/media?parent=1519"}],"curies":[{"name":"wp","href":"https:\/\/api.w.org\/{rel}","templated":true}]}}