{"id":1481,"date":"2026-04-06T10:04:55","date_gmt":"2026-04-06T10:04:55","guid":{"rendered":"https:\/\/sadelighting.com\/asociaciones-b2b\/"},"modified":"2026-04-13T11:26:52","modified_gmt":"2026-04-13T11:26:52","slug":"asociaciones-b2b","status":"publish","type":"page","link":"https:\/\/sadelighting.com\/es\/asociaciones-b2b\/","title":{"rendered":"Asociaciones B2B"},"content":{"rendered":"\n<section class=\"b2b-page\">\r\n\r\n  <div class=\"b2b-hero\">\r\n    <div class=\"b2b-container\">\r\n      <span class=\"b2b-label\">Sade Lighting<\/span>\r\n      <h1>Asociaciones B2B<\/h1>\r\n      <p class=\"b2b-subtitle\">\r\n        Soluciones de iluminaci\u00f3n personalizadas para hoteles, restaurantes, interiorismo y proyectos en todo el mundo.\r\n      <\/p>\r\n      <div class=\"b2b-buttons\">\r\n        <a href=\"https:\/\/sadelighting.com\/kontakt\/\" class=\"b2b-btn primary\">Solicitar proyecto<\/a>\r\n        <a href=\"\/shop\" class=\"b2b-btn secondary\">Ver colecci\u00f3n<\/a>\r\n      <\/div>\r\n    <\/div>\r\n  <\/div>\r\n\r\n  <div class=\"b2b-section\">\r\n    <div class=\"b2b-container b2b-narrow\">\r\n      <h2>Soluciones profesionales para proyectos exigentes<\/h2>\r\n      <p>\r\n        Nuestras l\u00e1mparas de madera hechas a mano no solo se utilizan en espacios privados,\r\n        sino tambi\u00e9n en hoteles, restaurantes y proyectos de interiorismo de alto nivel.\r\n      <\/p>\r\n      <p>\r\n        Con un enfoque claro en dise\u00f1o, materiales y efecto espacial, apoyamos proyectos\r\n        que buscan calidad, est\u00e9tica y una atm\u00f3sfera \u00fanica.\r\n      <\/p>\r\n    <\/div>\r\n  <\/div>\r\n\r\n  <div class=\"b2b-section b2b-highlight\">\r\n    <div class=\"b2b-container\">\r\n      <div class=\"b2b-grid b2b-grid-3\">\r\n\r\n        <div class=\"b2b-card\">\r\n          <h3>Hoteles<\/h3>\r\n          <p>Soluciones de iluminaci\u00f3n elegantes para habitaciones, lobbies y \u00e1reas comunes.<\/p>\r\n        <\/div>\r\n\r\n        <div class=\"b2b-card\">\r\n          <h3>Restaurantes<\/h3>\r\n          <p>Conceptos de iluminaci\u00f3n que crean ambiente y realzan la experiencia del espacio.<\/p>\r\n        <\/div>\r\n\r\n        <div class=\"b2b-card\">\r\n          <h3>Interiorismo<\/h3>\r\n          <p>Soluciones flexibles para dise\u00f1adores y arquitectos en proyectos personalizados.<\/p>\r\n        <\/div>\r\n\r\n      <\/div>\r\n    <\/div>\r\n  <\/div>\r\n\r\n  <div class=\"b2b-section\">\r\n    <div class=\"b2b-container\">\r\n      <div class=\"b2b-grid b2b-grid-2\">\r\n\r\n        <div class=\"b2b-card b2b-card-large\">\r\n          <h2>Soluciones de proyecto personalizadas<\/h2>\r\n          <p>\r\n            Cada proyecto es \u00fanico. Por eso ofrecemos soluciones flexibles adaptadas a las\r\n            necesidades del espacio, el concepto y el dise\u00f1o.\r\n          <\/p>\r\n          <p>\r\n            Desde la selecci\u00f3n del producto hasta la implementaci\u00f3n final, acompa\u00f1amos a nuestros\r\n            socios con un enfoque claro en la calidad y los resultados.\r\n          <\/p>\r\n        <\/div>\r\n\r\n        <div class=\"b2b-card b2b-card-large\">\r\n          <h2>Calidad artesanal<\/h2>\r\n          <p>\r\n            Nuestras luminarias se fabrican cuidadosamente y ofrecen una est\u00e9tica natural\r\n            y de alta calidad, ideal para proyectos con altos est\u00e1ndares de dise\u00f1o.\r\n          <\/p>\r\n          <p>\r\n            Esta combinaci\u00f3n de artesan\u00eda y dise\u00f1o moderno convierte nuestros productos\r\n            en una excelente opci\u00f3n para aplicaciones profesionales.\r\n          <\/p>\r\n        <\/div>\r\n\r\n      <\/div>\r\n    <\/div>\r\n  <\/div>\r\n\r\n  <div class=\"b2b-section b2b-dark\">\r\n    <div class=\"b2b-container b2b-narrow\">\r\n      <h2>Colaboraci\u00f3n B2B a nivel mundial<\/h2>\r\n      <p>\r\n        Trabajamos con socios internacionales y suministramos nuestros productos\r\n        en todo el mundo para distintos proyectos y aplicaciones.\r\n      <\/p>\r\n      <p>\r\n        Nuestro objetivo es establecer colaboraciones a largo plazo y desarrollar\r\n        juntos conceptos de espacios de alta calidad.\r\n      <\/p>\r\n    <\/div>\r\n  <\/div>\r\n\r\n  <div class=\"b2b-section b2b-cta\">\r\n    <div class=\"b2b-container b2b-narrow\">\r\n      <h2>Comience su proyecto con nosotros<\/h2>\r\n      <p>\r\n        Cont\u00e1ctenos para soluciones personalizadas, presupuestos y colaboraciones en el \u00e1mbito B2B.\r\n      <\/p>\r\n      <div class=\"b2b-buttons\">\r\n        <a href=\"https:\/\/sadelighting.com\/kontakt\/\" class=\"b2b-btn primary\">Enviar solicitud ahora<\/a>\r\n        <a href=\"https:\/\/sadelighting.com\/weltweiter-versand\/\" class=\"b2b-btn secondary\">Descubrir env\u00edo<\/a>\r\n      <\/div>\r\n    <\/div>\r\n  <\/div>\r\n\r\n<\/section>\n","protected":false},"excerpt":{"rendered":"<p>Sade Lighting Asociaciones B2B Soluciones de iluminaci\u00f3n personalizadas para hoteles, restaurantes, interiorismo y proyectos en todo el mundo. Solicitar proyecto Ver colecci\u00f3n Soluciones profesionales para proyectos exigentes Nuestras l\u00e1mparas de madera hechas a mano no solo se utilizan en espacios privados, sino tambi\u00e9n en hoteles, restaurantes y proyectos de interiorismo de alto nivel. Con un [&#8230;]\n","protected":false},"author":1,"featured_media":0,"parent":0,"menu_order":0,"comment_status":"closed","ping_status":"closed","template":"","meta":{"footnotes":""},"class_list":["post-1481","page","type-page","status-publish","hentry"],"_links":{"self":[{"href":"https:\/\/sadelighting.com\/es\/wp-json\/wp\/v2\/pages\/1481","targetHints":{"allow":["GET"]}}],"collection":[{"href":"https:\/\/sadelighting.com\/es\/wp-json\/wp\/v2\/pages"}],"about":[{"href":"https:\/\/sadelighting.com\/es\/wp-json\/wp\/v2\/types\/page"}],"author":[{"embeddable":true,"href":"https:\/\/sadelighting.com\/es\/wp-json\/wp\/v2\/users\/1"}],"replies":[{"embeddable":true,"href":"https:\/\/sadelighting.com\/es\/wp-json\/wp\/v2\/comments?post=1481"}],"version-history":[{"count":1,"href":"https:\/\/sadelighting.com\/es\/wp-json\/wp\/v2\/pages\/1481\/revisions"}],"predecessor-version":[{"id":1482,"href":"https:\/\/sadelighting.com\/es\/wp-json\/wp\/v2\/pages\/1481\/revisions\/1482"}],"wp:attachment":[{"href":"https:\/\/sadelighting.com\/es\/wp-json\/wp\/v2\/media?parent=1481"}],"curies":[{"name":"wp","href":"https:\/\/api.w.org\/{rel}","templated":true}]}}