{"id":670,"date":"2026-03-27T12:11:53","date_gmt":"2026-03-27T12:11:53","guid":{"rendered":"https:\/\/sadelighting.com\/?post_type=product&#038;p=670"},"modified":"2026-04-02T17:10:15","modified_gmt":"2026-04-02T17:10:15","slug":"liekkki-holz-tischlampe","status":"publish","type":"product","link":"https:\/\/sadelighting.com\/en\/product\/liekkki-holz-tischlampe\/","title":{"rendered":"LIEKKI Holz Tischlampe \u2013 Handgefertigte LED Tischlampe aus farbigem Esche Furnier"},"content":{"rendered":"<div class=\"product-description\">\n<h2><span dir=\"auto\" style=\"vertical-align: inherit;\"><span dir=\"auto\" style=\"vertical-align: inherit;\">Renkli di\u015fbudak kaplamal\u0131 ah\u015fap masa lambas\u0131<\/span><\/span><\/h2>\n<p><span dir=\"auto\" style=\"vertical-align: inherit;\"><span dir=\"auto\" style=\"vertical-align: inherit;\">LIEKKI <\/span><\/span><strong><span dir=\"auto\" style=\"vertical-align: inherit;\"><span dir=\"auto\" style=\"vertical-align: inherit;\">ah\u015fap masa lambas\u0131,<\/span><\/span><\/strong><br \/>\n<span dir=\"auto\" style=\"vertical-align: inherit;\"><span dir=\"auto\" style=\"vertical-align: inherit;\"> modern tasar\u0131m\u0131 renklendirilmi\u015f di\u015fbudak a\u011fac\u0131 ve tamamen ah\u015fap kapl\u0131 g\u00f6vdesiyle <\/span><span dir=\"auto\" style=\"vertical-align: inherit;\">birle\u015ftiriyor . <\/span><\/span><br \/>\n<span dir=\"auto\" style=\"vertical-align: inherit;\"><span dir=\"auto\" style=\"vertical-align: inherit;\">Bu kombinasyon, s\u0131cak, do\u011fal ve ayn\u0131 zamanda modern bir <\/span><\/span><br \/>\n<span dir=\"auto\" style=\"vertical-align: inherit;\"><span dir=\"auto\" style=\"vertical-align: inherit;\">ayd\u0131nlatma \u00e7\u00f6z\u00fcm\u00fc yarat\u0131yor.<\/span><\/span><\/p>\n<p><span dir=\"auto\" style=\"vertical-align: inherit;\"><span dir=\"auto\" style=\"vertical-align: inherit;\">Her bir <\/span><\/span><strong><span dir=\"auto\" style=\"vertical-align: inherit;\"><span dir=\"auto\" style=\"vertical-align: inherit;\">ah\u015fap masa lambas\u0131<\/span><\/span><\/strong><span dir=\"auto\" style=\"vertical-align: inherit;\"><span dir=\"auto\" style=\"vertical-align: inherit;\"> \u00f6zenle el yap\u0131m\u0131d\u0131r. <\/span><\/span><br \/>\n<span dir=\"auto\" style=\"vertical-align: inherit;\"><span dir=\"auto\" style=\"vertical-align: inherit;\">Di\u015fbudak a\u011fac\u0131n\u0131n do\u011fal dokusu <\/span><\/span><br \/>\n<span dir=\"auto\" style=\"vertical-align: inherit;\"><span dir=\"auto\" style=\"vertical-align: inherit;\">renkli bir cila ile vurgulanarak benzersiz ve canl\u0131 y\u00fczeyler olu\u015fturulmu\u015ftur.<\/span><\/span><\/p>\n<h3><span dir=\"auto\" style=\"vertical-align: inherit;\"><span dir=\"auto\" style=\"vertical-align: inherit;\">Do\u011fal tasar\u0131m, saf ah\u015fap g\u00f6r\u00fcn\u00fcm\u00fcnde.<\/span><\/span><\/h3>\n<p><span dir=\"auto\" style=\"vertical-align: inherit;\"><span dir=\"auto\" style=\"vertical-align: inherit;\">G\u00f6vdesi tamamen ah\u015faptan yap\u0131lm\u0131\u015f olan bu <\/span><\/span><br \/>\n<strong><span dir=\"auto\" style=\"vertical-align: inherit;\"><span dir=\"auto\" style=\"vertical-align: inherit;\">ah\u015fap masa lambas\u0131,<\/span><\/span><\/strong><span dir=\"auto\" style=\"vertical-align: inherit;\"><span dir=\"auto\" style=\"vertical-align: inherit;\"> \u00f6zellikle uyumlu ve do\u011fal bir g\u00f6r\u00fcn\u00fcme sahiptir. <\/span><\/span><br \/>\n<span dir=\"auto\" style=\"vertical-align: inherit;\"><span dir=\"auto\" style=\"vertical-align: inherit;\">Hem modern ya\u015fam alanlar\u0131na hem de sakin ve \u015f\u0131k <\/span><\/span><br \/>\n<span dir=\"auto\" style=\"vertical-align: inherit;\"><span dir=\"auto\" style=\"vertical-align: inherit;\">i\u00e7 tasar\u0131m konseptlerine m\u00fckemmel bir \u015fekilde uyum sa\u011flar.<\/span><\/span><\/p>\n<h3><span dir=\"auto\" style=\"vertical-align: inherit;\"><span dir=\"auto\" style=\"vertical-align: inherit;\">Kompakt ve zarif<\/span><\/span><\/h3>\n<p><span dir=\"auto\" style=\"vertical-align: inherit;\"><span dir=\"auto\" style=\"vertical-align: inherit;\">40 cm y\u00fcksekli\u011finde ve 11 cm \u00e7ap\u0131nda olan bu <\/span><\/span><br \/>\n<strong><span dir=\"auto\" style=\"vertical-align: inherit;\"><span dir=\"auto\" style=\"vertical-align: inherit;\">ah\u015fap masa lambas\u0131<\/span><\/span><\/strong><span dir=\"auto\" style=\"vertical-align: inherit;\"><span dir=\"auto\" style=\"vertical-align: inherit;\"> , komodinler, b\u00fcfeler veya <\/span><\/span><br \/>\n<span dir=\"auto\" style=\"vertical-align: inherit;\"><span dir=\"auto\" style=\"vertical-align: inherit;\">daha k\u00fc\u00e7\u00fck dekoratif y\u00fczeyler i\u00e7in idealdir.<\/span><\/span><\/p>\n<h3><span dir=\"auto\" style=\"vertical-align: inherit;\"><span dir=\"auto\" style=\"vertical-align: inherit;\">Verimli LED ayd\u0131nlatma<\/span><\/span><\/h3>\n<p><span dir=\"auto\" style=\"vertical-align: inherit;\"><span dir=\"auto\" style=\"vertical-align: inherit;\">E14 duy ve 4W LED \u0131\u015f\u0131k kayna\u011f\u0131 ile donat\u0131lm\u0131\u015f olan lamba, <\/span><\/span><br \/>\n<span dir=\"auto\" style=\"vertical-align: inherit;\"><span dir=\"auto\" style=\"vertical-align: inherit;\">enerji tasarruflu ve ho\u015f bir ayd\u0131nlatma sunar. I\u015f\u0131k yumu\u015fak bir \u015fekilde da\u011f\u0131l\u0131r <\/span><\/span><br \/>\n<span dir=\"auto\" style=\"vertical-align: inherit;\"><span dir=\"auto\" style=\"vertical-align: inherit;\">ve s\u0131cak bir atmosfer yarat\u0131r.<\/span><\/span><\/p>\n<h3><span dir=\"auto\" style=\"vertical-align: inherit;\"><span dir=\"auto\" style=\"vertical-align: inherit;\">B2B ve Proje \u00c7\u00f6z\u00fcmleri<\/span><\/span><\/h3>\n<p><strong><span dir=\"auto\" style=\"vertical-align: inherit;\"><span dir=\"auto\" style=\"vertical-align: inherit;\">Ah\u015fap masa lambalar\u0131m\u0131z<\/span><\/span><\/strong><span dir=\"auto\" style=\"vertical-align: inherit;\"><span dir=\"auto\" style=\"vertical-align: inherit;\"> oteller , restoranlar, <\/span><\/span><br \/>\n<span dir=\"auto\" style=\"vertical-align: inherit;\"><span dir=\"auto\" style=\"vertical-align: inherit;\">i\u00e7 tasar\u0131m projeleri ve modern perakende konseptleri <\/span><span dir=\"auto\" style=\"vertical-align: inherit;\">i\u00e7in idealdir .<\/span><\/span><\/p>\n<p><span dir=\"auto\" style=\"vertical-align: inherit;\"><span dir=\"auto\" style=\"vertical-align: inherit;\">\ud83d\udc49 <\/span><\/span><a href=\"https:\/\/sadelighting.com\/en\/b2b\/\" target=\"_blank\" rel=\"noopener\"><br \/>\n<span dir=\"auto\" style=\"vertical-align: inherit;\"><span dir=\"auto\" style=\"vertical-align: inherit;\">B2B ayd\u0131nlatma \u00e7\u00f6z\u00fcmlerini ke\u015ffedin<\/span><\/span><br \/>\n<\/a><\/p>\n<div class=\"product-trust-badges\">\n<p><span dir=\"auto\" style=\"vertical-align: inherit;\"><span dir=\"auto\" style=\"vertical-align: inherit;\">\u2714 El yap\u0131m\u0131<\/span><\/span><\/p>\n<p><span dir=\"auto\" style=\"vertical-align: inherit;\"><span dir=\"auto\" style=\"vertical-align: inherit;\">\u2714 Renkli di\u015fbudak kaplama<\/span><\/span><\/p>\n<p><span dir=\"auto\" style=\"vertical-align: inherit;\"><span dir=\"auto\" style=\"vertical-align: inherit;\">\u2714 Masif ah\u015fap g\u00f6r\u00fcn\u00fcml\u00fc g\u00f6vde<\/span><\/span><\/p>\n<p><span dir=\"auto\" style=\"vertical-align: inherit;\"><span dir=\"auto\" style=\"vertical-align: inherit;\">\u2714 Enerji tasarruflu LED (4W)<\/span><\/span><\/p>\n<p><span dir=\"auto\" style=\"vertical-align: inherit;\"><span dir=\"auto\" style=\"vertical-align: inherit;\">\u2714 Do\u011fal tasar\u0131m<\/span><\/span><\/p>\n<\/div>\n<\/div>","protected":false},"excerpt":{"rendered":"<p><span dir=\"auto\" style=\"vertical-align: inherit;\"><span dir=\"auto\" style=\"vertical-align: inherit;\">Renkli di\u015fbudak kaplamadan \u00fcretilen LIEKKI ah\u015fap masa lambas\u0131, modern bir tasar\u0131mla do\u011fal ah\u015fap g\u00f6r\u00fcn\u00fcm\u00fc sunuyor <\/span><span dir=\"auto\" style=\"vertical-align: inherit;\">. <\/span><\/span><strong><span dir=\"auto\" style=\"vertical-align: inherit;\"><span dir=\"auto\" style=\"vertical-align: inherit;\">El<\/span><\/span><\/strong><br \/>\n<span dir=\"auto\" style=\"vertical-align: inherit;\"><span dir=\"auto\" style=\"vertical-align: inherit;\"> yap\u0131m\u0131 bu LED <\/span><\/span><br \/>\n<span dir=\"auto\" style=\"vertical-align: inherit;\"><span dir=\"auto\" style=\"vertical-align: inherit;\">masa lambas\u0131, s\u0131cak ve \u015f\u0131k bir ayd\u0131nlatma sa\u011fl\u0131yor.<\/span><\/span><\/p>\n<ul>\n<li><span dir=\"auto\" style=\"vertical-align: inherit;\"><span dir=\"auto\" style=\"vertical-align: inherit;\">El yap\u0131m\u0131 ah\u015fap masa lambas\u0131<\/span><\/span><\/li>\n<li><span dir=\"auto\" style=\"vertical-align: inherit;\"><span dir=\"auto\" style=\"vertical-align: inherit;\">Renkli di\u015fbudak kaplama<\/span><\/span><\/li>\n<li><span dir=\"auto\" style=\"vertical-align: inherit;\"><span dir=\"auto\" style=\"vertical-align: inherit;\">Masif ah\u015fap g\u00f6r\u00fcn\u00fcml\u00fc g\u00f6vde<\/span><\/span><\/li>\n<li><span dir=\"auto\" style=\"vertical-align: inherit;\"><span dir=\"auto\" style=\"vertical-align: inherit;\">E14 duylu LED ayd\u0131nlatma (4W)<\/span><\/span><\/li>\n<\/ul>","protected":false},"featured_media":680,"comment_status":"open","ping_status":"closed","template":"","meta":[],"product_brand":[85],"product_cat":[99],"product_tag":[],"class_list":{"0":"post-670","1":"product","2":"type-product","3":"status-publish","4":"has-post-thumbnail","6":"product_brand-sade-wooden-lamp-atelier","7":"product_cat-tischlampen","9":"first","10":"instock","11":"shipping-taxable","12":"product-type-grouped","13":"add-to-wishlist-after_add_to_cart"},"_links":{"self":[{"href":"https:\/\/sadelighting.com\/en\/wp-json\/wp\/v2\/product\/670","targetHints":{"allow":["GET"]}}],"collection":[{"href":"https:\/\/sadelighting.com\/en\/wp-json\/wp\/v2\/product"}],"about":[{"href":"https:\/\/sadelighting.com\/en\/wp-json\/wp\/v2\/types\/product"}],"replies":[{"embeddable":true,"href":"https:\/\/sadelighting.com\/en\/wp-json\/wp\/v2\/comments?post=670"}],"wp:featuredmedia":[{"embeddable":true,"href":"https:\/\/sadelighting.com\/en\/wp-json\/wp\/v2\/media\/680"}],"wp:attachment":[{"href":"https:\/\/sadelighting.com\/en\/wp-json\/wp\/v2\/media?parent=670"}],"wp:term":[{"taxonomy":"product_brand","embeddable":true,"href":"https:\/\/sadelighting.com\/en\/wp-json\/wp\/v2\/product_brand?post=670"},{"taxonomy":"product_cat","embeddable":true,"href":"https:\/\/sadelighting.com\/en\/wp-json\/wp\/v2\/product_cat?post=670"},{"taxonomy":"product_tag","embeddable":true,"href":"https:\/\/sadelighting.com\/en\/wp-json\/wp\/v2\/product_tag?post=670"}],"curies":[{"name":"wp","href":"https:\/\/api.w.org\/{rel}","templated":true}]}}