{"id":555,"date":"2026-03-24T12:13:09","date_gmt":"2026-03-24T12:13:09","guid":{"rendered":"https:\/\/sadelighting.com\/?post_type=product&#038;p=555"},"modified":"2026-04-02T15:52:38","modified_gmt":"2026-04-02T15:52:38","slug":"tahti-holz-tischlampe","status":"publish","type":"product","link":"https:\/\/sadelighting.com\/en\/product\/tahti-holz-tischlampe\/","title":{"rendered":"TAHTI Holz Tischlampe \u2013 Handgefertigte LED Tischlampe aus farbigem Esche Furnier"},"content":{"rendered":"<div class=\"product-description\">\n<h2><span dir=\"auto\" style=\"vertical-align: inherit;\"><span dir=\"auto\" style=\"vertical-align: inherit;\">Renkli di\u015fbudak kaplamal\u0131, kompakt ah\u015fap masa lambas\u0131<\/span><\/span><\/h2>\n<p><span dir=\"auto\" style=\"vertical-align: inherit;\"><span dir=\"auto\" style=\"vertical-align: inherit;\">TAHTI <\/span><\/span><strong><span dir=\"auto\" style=\"vertical-align: inherit;\"><span dir=\"auto\" style=\"vertical-align: inherit;\">ah\u015fap masa lambas\u0131,<\/span><\/span><\/strong><span dir=\"auto\" style=\"vertical-align: inherit;\"><span dir=\"auto\" style=\"vertical-align: inherit;\"> minimalist tasar\u0131m\u0131 renklendirilmi\u015f di\u015fbudak a\u011fac\u0131yla birle\u015ftiriyor. Kompakt yap\u0131s\u0131, \u015f\u0131k i\u00e7 mekanlar i\u00e7in modern ve sade bir \u0131\u015f\u0131k kayna\u011f\u0131 olmas\u0131n\u0131 sa\u011fl\u0131yor.<\/span><\/span><\/p>\n<p><span dir=\"auto\" style=\"vertical-align: inherit;\"><span dir=\"auto\" style=\"vertical-align: inherit;\">Her bir <\/span><\/span><strong><span dir=\"auto\" style=\"vertical-align: inherit;\"><span dir=\"auto\" style=\"vertical-align: inherit;\">ah\u015fap masa lambas\u0131<\/span><\/span><\/strong><span dir=\"auto\" style=\"vertical-align: inherit;\"><span dir=\"auto\" style=\"vertical-align: inherit;\"> titizlikle el i\u015f\u00e7ili\u011fiyle \u00fcretilmi\u015ftir. \u00d6zel bir cila tekni\u011fi, do\u011fal ah\u015fap dokusunu vurgularken renkli bir y\u00fczeyle birle\u015ftirerek benzersiz ve modern bir g\u00f6r\u00fcn\u00fcm yarat\u0131r.<\/span><\/span><\/p>\n<h3><span dir=\"auto\" style=\"vertical-align: inherit;\"><span dir=\"auto\" style=\"vertical-align: inherit;\">\u00c7ok y\u00f6nl\u00fc kullan\u0131m i\u00e7in kompakt tasar\u0131m<\/span><\/span><\/h3>\n<p><strong><span dir=\"auto\" style=\"vertical-align: inherit;\"><span dir=\"auto\" style=\"vertical-align: inherit;\">15 x 15 cm \u00f6l\u00e7\u00fclerindeki ve d\u00fcz tasar\u0131m\u0131yla bu ah\u015fap masa lambas\u0131<\/span><\/span><\/strong><span dir=\"auto\" style=\"vertical-align: inherit;\"><span dir=\"auto\" style=\"vertical-align: inherit;\"> , komodinler, raflar, k\u00fc\u00e7\u00fck sehpalar veya dekoratif alanlar i\u00e7in idealdir. Modern ya\u015fam alanlar\u0131na m\u00fckemmel bir \u015fekilde uyum sa\u011flar <\/span><span dir=\"auto\" style=\"vertical-align: inherit;\">.<\/span><\/span><\/p>\n<h3><span dir=\"auto\" style=\"vertical-align: inherit;\"><span dir=\"auto\" style=\"vertical-align: inherit;\">Ho\u015f LED ayd\u0131nlatma<\/span><\/span><\/h3>\n<p><span dir=\"auto\" style=\"vertical-align: inherit;\"><span dir=\"auto\" style=\"vertical-align: inherit;\">E14 duy ve LED \u0131\u015f\u0131k kayna\u011f\u0131 ile donat\u0131lm\u0131\u015f olan lamba, enerji tasarruflu ve ho\u015f bir ayd\u0131nlatma sunar. I\u015f\u0131k, sakin ve s\u0131cak bir atmosfer yarat\u0131r.<\/span><\/span><\/p>\n<h3><span dir=\"auto\" style=\"vertical-align: inherit;\"><span dir=\"auto\" style=\"vertical-align: inherit;\">B2B ve Proje \u00c7\u00f6z\u00fcmleri<\/span><\/span><\/h3>\n<p><strong><span dir=\"auto\" style=\"vertical-align: inherit;\"><span dir=\"auto\" style=\"vertical-align: inherit;\">Ah\u015fap masa lambalar\u0131m\u0131z<\/span><\/span><\/strong><span dir=\"auto\" style=\"vertical-align: inherit;\"><span dir=\"auto\" style=\"vertical-align: inherit;\"> oteller <\/span><span dir=\"auto\" style=\"vertical-align: inherit;\">, restoranlar, i\u00e7 tasar\u0131m projeleri ve perakende konseptleri i\u00e7in idealdir.<\/span><\/span><\/p>\n<p><span dir=\"auto\" style=\"vertical-align: inherit;\"><span dir=\"auto\" style=\"vertical-align: inherit;\">\ud83d\udc49 <\/span><\/span><a href=\"https:\/\/sadelighting.com\/en\/b2b\/\" target=\"_blank\" rel=\"noopener\"><br \/>\n<span dir=\"auto\" style=\"vertical-align: inherit;\"><span dir=\"auto\" style=\"vertical-align: inherit;\">B2B ayd\u0131nlatma \u00e7\u00f6z\u00fcmlerini ke\u015ffedin<\/span><\/span><br \/>\n<\/a><\/p>\n<div class=\"product-trust-badges\">\n<p><span dir=\"auto\" style=\"vertical-align: inherit;\"><span dir=\"auto\" style=\"vertical-align: inherit;\">\u2714 El yap\u0131m\u0131<\/span><\/span><\/p>\n<p><span dir=\"auto\" style=\"vertical-align: inherit;\"><span dir=\"auto\" style=\"vertical-align: inherit;\">\u2714 Renkli di\u015fbudak kaplama<\/span><\/span><\/p>\n<p><span dir=\"auto\" style=\"vertical-align: inherit;\"><span dir=\"auto\" style=\"vertical-align: inherit;\">\u2714 Kompakt tasar\u0131m<\/span><\/span><\/p>\n<p><span dir=\"auto\" style=\"vertical-align: inherit;\"><span dir=\"auto\" style=\"vertical-align: inherit;\">\u2714 LED uyumlu<\/span><\/span><\/p>\n<p><span dir=\"auto\" style=\"vertical-align: inherit;\"><span dir=\"auto\" style=\"vertical-align: inherit;\">\u2714 Modern ve dekoratif<\/span><\/span><\/p>\n<\/div>\n<\/div>","protected":false},"excerpt":{"rendered":"<p><span dir=\"auto\" style=\"vertical-align: inherit;\"><span dir=\"auto\" style=\"vertical-align: inherit;\">Renkli di\u015fbudak kaplamadan \u00fcretilen TAHTI ah\u015fap masa lambas\u0131, kompakt, el yap\u0131m\u0131 bir <\/span><span dir=\"auto\" style=\"vertical-align: inherit;\">LED <\/span><\/span><strong><span dir=\"auto\" style=\"vertical-align: inherit;\"><span dir=\"auto\" style=\"vertical-align: inherit;\">masa<\/span><\/span><\/strong><br \/>\n<span dir=\"auto\" style=\"vertical-align: inherit;\"><span dir=\"auto\" style=\"vertical-align: inherit;\"> lambas\u0131d\u0131r. Minimalist tasar\u0131m\u0131 ve <\/span><\/span><br \/>\n<span dir=\"auto\" style=\"vertical-align: inherit;\"><span dir=\"auto\" style=\"vertical-align: inherit;\">modern renk kaplamas\u0131, onu \u015f\u0131k bir ayd\u0131nlatma objesi haline getiriyor.<\/span><\/span><\/p>\n<ul>\n<li><span dir=\"auto\" style=\"vertical-align: inherit;\"><span dir=\"auto\" style=\"vertical-align: inherit;\">El yap\u0131m\u0131 ah\u015fap masa lambas\u0131<\/span><\/span><\/li>\n<li><span dir=\"auto\" style=\"vertical-align: inherit;\"><span dir=\"auto\" style=\"vertical-align: inherit;\">Renkli di\u015fbudak kaplama<\/span><\/span><\/li>\n<li><span dir=\"auto\" style=\"vertical-align: inherit;\"><span dir=\"auto\" style=\"vertical-align: inherit;\">Kompakt tasar\u0131m<\/span><\/span><\/li>\n<li><span dir=\"auto\" style=\"vertical-align: inherit;\"><span dir=\"auto\" style=\"vertical-align: inherit;\">E14 duylu LED ayd\u0131nlatma<\/span><\/span><\/li>\n<\/ul>\n<p><strong style=\"color: #e60023;\"><br \/>\n<span dir=\"auto\" style=\"vertical-align: inherit;\"><span dir=\"auto\" style=\"vertical-align: inherit;\">\u2714 D\u00dcNYA GENEL\u0130NE \u00dcCRETS\u0130Z KARGO<\/span><\/span><br \/>\n<\/strong><\/p>","protected":false},"featured_media":889,"comment_status":"open","ping_status":"closed","template":"","meta":[],"product_brand":[85],"product_cat":[99],"product_tag":[],"class_list":{"0":"post-555","1":"product","2":"type-product","3":"status-publish","4":"has-post-thumbnail","6":"product_brand-sade-wooden-lamp-atelier","7":"product_cat-tischlampen","9":"first","10":"instock","11":"shipping-taxable","12":"product-type-grouped","13":"add-to-wishlist-after_add_to_cart"},"_links":{"self":[{"href":"https:\/\/sadelighting.com\/en\/wp-json\/wp\/v2\/product\/555","targetHints":{"allow":["GET"]}}],"collection":[{"href":"https:\/\/sadelighting.com\/en\/wp-json\/wp\/v2\/product"}],"about":[{"href":"https:\/\/sadelighting.com\/en\/wp-json\/wp\/v2\/types\/product"}],"replies":[{"embeddable":true,"href":"https:\/\/sadelighting.com\/en\/wp-json\/wp\/v2\/comments?post=555"}],"wp:featuredmedia":[{"embeddable":true,"href":"https:\/\/sadelighting.com\/en\/wp-json\/wp\/v2\/media\/889"}],"wp:attachment":[{"href":"https:\/\/sadelighting.com\/en\/wp-json\/wp\/v2\/media?parent=555"}],"wp:term":[{"taxonomy":"product_brand","embeddable":true,"href":"https:\/\/sadelighting.com\/en\/wp-json\/wp\/v2\/product_brand?post=555"},{"taxonomy":"product_cat","embeddable":true,"href":"https:\/\/sadelighting.com\/en\/wp-json\/wp\/v2\/product_cat?post=555"},{"taxonomy":"product_tag","embeddable":true,"href":"https:\/\/sadelighting.com\/en\/wp-json\/wp\/v2\/product_tag?post=555"}],"curies":[{"name":"wp","href":"https:\/\/api.w.org\/{rel}","templated":true}]}}