{"id":547,"date":"2026-03-24T11:17:22","date_gmt":"2026-03-24T11:17:22","guid":{"rendered":"https:\/\/sadelighting.com\/?post_type=product&#038;p=547"},"modified":"2026-03-31T14:07:50","modified_gmt":"2026-03-31T14:07:50","slug":"holz-pendelleuchte-valo-eiche-40cm","status":"publish","type":"product","link":"https:\/\/sadelighting.com\/en\/product\/holz-pendelleuchte-valo-eiche-40cm\/","title":{"rendered":"VALO Holz Pendelleuchte 40 cm \u2013 Handgefertigte LED H\u00e4ngelampe aus Eichenholz"},"content":{"rendered":"<div class=\"product-content\">\n<h2><span dir=\"auto\" style=\"vertical-align: inherit;\"><span dir=\"auto\" style=\"vertical-align: inherit;\">VALO Ah\u015fap Sark\u0131t Lamba 40 cm \u2013 Me\u015fe a\u011fac\u0131ndan yap\u0131lm\u0131\u015f kompakt tasar\u0131m<\/span><\/span><\/h2>\n<p><span dir=\"auto\" style=\"vertical-align: inherit;\"><span dir=\"auto\" style=\"vertical-align: inherit;\">VALO , y\u00fcksek kaliteli me\u015fe kaplamadan \u00fcretilmi\u015f, <\/span><span dir=\"auto\" style=\"vertical-align: inherit;\">kompakt ve \u015f\u0131k bir <\/span><\/span><strong><span dir=\"auto\" style=\"vertical-align: inherit;\"><span dir=\"auto\" style=\"vertical-align: inherit;\">ah\u015fap sark\u0131t lambad\u0131r<\/span><\/span><\/strong><br \/>\n<span dir=\"auto\" style=\"vertical-align: inherit;\"><span dir=\"auto\" style=\"vertical-align: inherit;\"> . El yap\u0131m\u0131 bu <\/span><\/span><strong><span dir=\"auto\" style=\"vertical-align: inherit;\"><span dir=\"auto\" style=\"vertical-align: inherit;\">ah\u015fap sark\u0131t lamba,<\/span><\/span><\/strong><br \/>\n<span dir=\"auto\" style=\"vertical-align: inherit;\"><span dir=\"auto\" style=\"vertical-align: inherit;\"> modern tasar\u0131m\u0131 me\u015fenin <\/span><span dir=\"auto\" style=\"vertical-align: inherit;\">do\u011fal sa\u011flaml\u0131\u011f\u0131 ve s\u0131cak \u0131\u015f\u0131lt\u0131s\u0131yla birle\u015ftirerek \u015f\u0131k i\u00e7 mekanlarda uyumlu bir ayd\u0131nlatma yarat\u0131r.<\/span><\/span><\/p>\n<div class=\"trust-badges\">\n<p><strong><span dir=\"auto\" style=\"vertical-align: inherit;\"><span dir=\"auto\" style=\"vertical-align: inherit;\">\u2714 El yap\u0131m\u0131 \u00fcretim<\/span><\/span><\/strong><\/p>\n<p><strong><span dir=\"auto\" style=\"vertical-align: inherit;\"><span dir=\"auto\" style=\"vertical-align: inherit;\">\u2714 Do\u011fal me\u015fe a\u011fac\u0131<\/span><\/span><\/strong><\/p>\n<p><strong><span dir=\"auto\" style=\"vertical-align: inherit;\"><span dir=\"auto\" style=\"vertical-align: inherit;\">\u2714 G\u00fcvenli \u00f6deme<\/span><\/span><\/strong><\/p>\n<p><strong><span dir=\"auto\" style=\"vertical-align: inherit;\"><span dir=\"auto\" style=\"vertical-align: inherit;\">\u2714 D\u00fcnya \u00e7ap\u0131nda g\u00f6nderim<\/span><\/span><\/strong><\/p>\n<\/div>\n<p style=\"margin-top: 10px;\"><span dir=\"auto\" style=\"vertical-align: inherit;\"><span dir=\"auto\" style=\"vertical-align: inherit;\">\u015eimdi sipari\u015f verin ve odan\u0131za s\u0131cak ve zarif bir ayd\u0131nlatma atmosferi kazand\u0131r\u0131n.<\/span><\/span><\/p>\n<h3><span dir=\"auto\" style=\"vertical-align: inherit;\"><span dir=\"auto\" style=\"vertical-align: inherit;\">\u00dcr\u00fcn \u00f6zellikleri<\/span><\/span><\/h3>\n<ul>\n<li><span dir=\"auto\" style=\"vertical-align: inherit;\"><span dir=\"auto\" style=\"vertical-align: inherit;\">El yap\u0131m\u0131 <\/span><\/span><strong><span dir=\"auto\" style=\"vertical-align: inherit;\"><span dir=\"auto\" style=\"vertical-align: inherit;\">ah\u015fap sark\u0131t lamba<\/span><\/span><\/strong><\/li>\n<li><span dir=\"auto\" style=\"vertical-align: inherit;\"><span dir=\"auto\" style=\"vertical-align: inherit;\">me\u015fe kaplama<\/span><\/span><\/li>\n<li><span dir=\"auto\" style=\"vertical-align: inherit;\"><span dir=\"auto\" style=\"vertical-align: inherit;\">LED ayd\u0131nlatma sistemi<\/span><\/span><\/li>\n<li><span dir=\"auto\" style=\"vertical-align: inherit;\"><span dir=\"auto\" style=\"vertical-align: inherit;\">Modern yuvarlak tasar\u0131m<\/span><\/span><\/li>\n<li><span dir=\"auto\" style=\"vertical-align: inherit;\"><span dir=\"auto\" style=\"vertical-align: inherit;\">D\u00fczg\u00fcn \u0131\u015f\u0131k da\u011f\u0131l\u0131m\u0131<\/span><\/span><\/li>\n<li><span dir=\"auto\" style=\"vertical-align: inherit;\"><span dir=\"auto\" style=\"vertical-align: inherit;\">Kompakt konut ve proje alanlar\u0131 i\u00e7in idealdir.<\/span><\/span><\/li>\n<\/ul>\n<h3><span dir=\"auto\" style=\"vertical-align: inherit;\"><span dir=\"auto\" style=\"vertical-align: inherit;\">Tasar\u0131m ve Etki<\/span><\/span><\/h3>\n<p><span dir=\"auto\" style=\"vertical-align: inherit;\"><span dir=\"auto\" style=\"vertical-align: inherit;\">40 cm \u00e7ap\u0131nda ve 32 cm y\u00fcksekli\u011findeki bu <\/span><\/span><br \/>\n<strong><span dir=\"auto\" style=\"vertical-align: inherit;\"><span dir=\"auto\" style=\"vertical-align: inherit;\">ah\u015fap sark\u0131t lamba<\/span><\/span><\/strong><span dir=\"auto\" style=\"vertical-align: inherit;\"><span dir=\"auto\" style=\"vertical-align: inherit;\"> , k\u00fc\u00e7\u00fck odalar i\u00e7in m\u00fckemmeldir. <\/span><\/span><br \/>\n<span dir=\"auto\" style=\"vertical-align: inherit;\"><span dir=\"auto\" style=\"vertical-align: inherit;\">Mutfak adalar\u0131, k\u00fc\u00e7\u00fck yemek masalar\u0131 veya \u015f\u0131k bir ayd\u0131nlatma vurgusu olarak idealdir.<\/span><\/span><\/p>\n<h3><span dir=\"auto\" style=\"vertical-align: inherit;\"><span dir=\"auto\" style=\"vertical-align: inherit;\">Do\u011fal malzeme<\/span><\/span><\/h3>\n<p><span dir=\"auto\" style=\"vertical-align: inherit;\"><span dir=\"auto\" style=\"vertical-align: inherit;\">Me\u015fe kaplama, sa\u011flaml\u0131\u011f\u0131, dayan\u0131kl\u0131l\u0131\u011f\u0131 ve do\u011fal zarafeti temsil eder. <\/span><\/span><br \/>\n<span dir=\"auto\" style=\"vertical-align: inherit;\"><span dir=\"auto\" style=\"vertical-align: inherit;\">Her <\/span><\/span><strong><span dir=\"auto\" style=\"vertical-align: inherit;\"><span dir=\"auto\" style=\"vertical-align: inherit;\">ah\u015fap sark\u0131t lamba<\/span><\/span><\/strong><br \/>\n<span dir=\"auto\" style=\"vertical-align: inherit;\"><span dir=\"auto\" style=\"vertical-align: inherit;\"> benzersiz bir dokuya sahiptir ve odalar\u0131n\u0131za <\/span><span dir=\"auto\" style=\"vertical-align: inherit;\">y\u00fcksek kaliteli, zamans\u0131z bir g\u00f6r\u00fcn\u00fcm kazand\u0131r\u0131r .<\/span><\/span><\/p>\n<h3><span dir=\"auto\" style=\"vertical-align: inherit;\"><span dir=\"auto\" style=\"vertical-align: inherit;\">Teknik detaylar<\/span><\/span><\/h3>\n<ul>\n<li><strong><span dir=\"auto\" style=\"vertical-align: inherit;\"><span dir=\"auto\" style=\"vertical-align: inherit;\">\u00dcr\u00fcn t\u00fcr\u00fc:<\/span><\/span><\/strong><span dir=\"auto\" style=\"vertical-align: inherit;\"><span dir=\"auto\" style=\"vertical-align: inherit;\"> Ah\u015fap sark\u0131t lamba<\/span><\/span><\/li>\n<li><strong><span dir=\"auto\" style=\"vertical-align: inherit;\"><span dir=\"auto\" style=\"vertical-align: inherit;\">Malzeme:<\/span><\/span><\/strong><span dir=\"auto\" style=\"vertical-align: inherit;\"><span dir=\"auto\" style=\"vertical-align: inherit;\"> Me\u015fe kaplama<\/span><\/span><\/li>\n<li><strong><span dir=\"auto\" style=\"vertical-align: inherit;\"><span dir=\"auto\" style=\"vertical-align: inherit;\">I\u015f\u0131k kayna\u011f\u0131:<\/span><\/span><\/strong><span dir=\"auto\" style=\"vertical-align: inherit;\"><span dir=\"auto\" style=\"vertical-align: inherit;\"> LED<\/span><\/span><\/li>\n<li><strong><span dir=\"auto\" style=\"vertical-align: inherit;\"><span dir=\"auto\" style=\"vertical-align: inherit;\">S\u00fcr\u00fcm:<\/span><\/span><\/strong><span dir=\"auto\" style=\"vertical-align: inherit;\"><span dir=\"auto\" style=\"vertical-align: inherit;\"> E27<\/span><\/span><\/li>\n<li><strong><span dir=\"auto\" style=\"vertical-align: inherit;\"><span dir=\"auto\" style=\"vertical-align: inherit;\">G\u00fc\u00e7:<\/span><\/span><\/strong><span dir=\"auto\" style=\"vertical-align: inherit;\"><span dir=\"auto\" style=\"vertical-align: inherit;\"> 220V \u2013 3x10W<\/span><\/span><\/li>\n<li><strong><span dir=\"auto\" style=\"vertical-align: inherit;\"><span dir=\"auto\" style=\"vertical-align: inherit;\">Y\u00fckseklik:<\/span><\/span><\/strong><span dir=\"auto\" style=\"vertical-align: inherit;\"><span dir=\"auto\" style=\"vertical-align: inherit;\"> 32 cm<\/span><\/span><\/li>\n<li><strong><span dir=\"auto\" style=\"vertical-align: inherit;\"><span dir=\"auto\" style=\"vertical-align: inherit;\">\u00c7ap:<\/span><\/span><\/strong><span dir=\"auto\" style=\"vertical-align: inherit;\"><span dir=\"auto\" style=\"vertical-align: inherit;\"> 40 cm<\/span><\/span><\/li>\n<li><strong><span dir=\"auto\" style=\"vertical-align: inherit;\"><span dir=\"auto\" style=\"vertical-align: inherit;\">Kullan\u0131m alan\u0131:<\/span><\/span><\/strong><span dir=\"auto\" style=\"vertical-align: inherit;\"><span dir=\"auto\" style=\"vertical-align: inherit;\"> \u0130\u00e7 mekan<\/span><\/span><\/li>\n<li><strong><span dir=\"auto\" style=\"vertical-align: inherit;\"><span dir=\"auto\" style=\"vertical-align: inherit;\">\u00dcretim:<\/span><\/span><\/strong><span dir=\"auto\" style=\"vertical-align: inherit;\"><span dir=\"auto\" style=\"vertical-align: inherit;\"> El yap\u0131m\u0131<\/span><\/span><\/li>\n<\/ul>\n<h3><span dir=\"auto\" style=\"vertical-align: inherit;\"><span dir=\"auto\" style=\"vertical-align: inherit;\">\u00c7ok y\u00f6nl\u00fc<\/span><\/span><\/h3>\n<p><span dir=\"auto\" style=\"vertical-align: inherit;\"><span dir=\"auto\" style=\"vertical-align: inherit;\">Bu <\/span><\/span><strong><span dir=\"auto\" style=\"vertical-align: inherit;\"><span dir=\"auto\" style=\"vertical-align: inherit;\">ah\u015fap sark\u0131t lamba<\/span><\/span><\/strong><span dir=\"auto\" style=\"vertical-align: inherit;\"><span dir=\"auto\" style=\"vertical-align: inherit;\"> , evler, oteller, restoranlar ve ofisler i\u00e7in idealdir <\/span><\/span><br \/>\n<span dir=\"auto\" style=\"vertical-align: inherit;\"><span dir=\"auto\" style=\"vertical-align: inherit;\">. Do\u011fal sa\u011flaml\u0131\u011f\u0131 i\u015flevsel ayd\u0131nlatmayla birle\u015ftirerek <\/span><\/span><br \/>\n<span dir=\"auto\" style=\"vertical-align: inherit;\"><span dir=\"auto\" style=\"vertical-align: inherit;\">s\u0131cak ve davetkar bir atmosfer yarat\u0131r.<\/span><\/span><\/p>\n<h3><span dir=\"auto\" style=\"vertical-align: inherit;\"><span dir=\"auto\" style=\"vertical-align: inherit;\">Bak\u0131m talimatlar\u0131<\/span><\/span><\/h3>\n<p><span dir=\"auto\" style=\"vertical-align: inherit;\"><span dir=\"auto\" style=\"vertical-align: inherit;\">Yumu\u015fak, kuru bir bezle temizleyin. Suyla temas\u0131ndan ka\u00e7\u0131n\u0131n.<\/span><\/span><\/p>\n<p><!-- B2B SECTION (EN ALT) --><\/p>\n<div class=\"b2b-box\" style=\"margin-top: 30px;\">\n<h3><span dir=\"auto\" style=\"vertical-align: inherit;\"><span dir=\"auto\" style=\"vertical-align: inherit;\">B2B ve Toptan Sat\u0131\u015f<\/span><\/span><\/h3>\n<p><span dir=\"auto\" style=\"vertical-align: inherit;\"><span dir=\"auto\" style=\"vertical-align: inherit;\">Mimarlar, i\u00e7 mimarlar, oteller ve ticari projeler i\u00e7in \u00f6zelle\u015ftirilmi\u015f <\/span><\/span><br \/>\n<span dir=\"auto\" style=\"vertical-align: inherit;\"><span dir=\"auto\" style=\"vertical-align: inherit;\">B2B \u00e7\u00f6z\u00fcmleri sunuyoruz. Bu <\/span><\/span><strong><span dir=\"auto\" style=\"vertical-align: inherit;\"><span dir=\"auto\" style=\"vertical-align: inherit;\">ah\u015fap sark\u0131t lamba,<\/span><\/span><\/strong><br \/>\n<span dir=\"auto\" style=\"vertical-align: inherit;\"><span dir=\"auto\" style=\"vertical-align: inherit;\"> b\u00fcy\u00fck projeler, seri \u00fcretim ve bireysel ayd\u0131nlatma konseptleri <\/span><span dir=\"auto\" style=\"vertical-align: inherit;\">i\u00e7in idealdir .<\/span><\/span><\/p>\n<p style=\"margin: 12px 0 0 0; font-size: 20px;\"><span dir=\"auto\" style=\"vertical-align: inherit;\"><span dir=\"auto\" style=\"vertical-align: inherit;\">\ud83d\udc49<\/span><\/span><\/p>\n<p style=\"margin-top: 8px;\"><a style=\"color: #0000ff; font-weight: bold; text-transform: uppercase;\" href=\"https:\/\/sadelighting.com\/en\/b2b\/\" target=\"_blank\" rel=\"noopener\"><br \/>\n<span dir=\"auto\" style=\"vertical-align: inherit;\"><span dir=\"auto\" style=\"vertical-align: inherit;\">\u015e\u0130MD\u0130 B2B ORTAKLIKLARINI KE\u015eFED\u0130N<\/span><\/span><br \/>\n<\/a><\/p>\n<\/div>\n<\/div>","protected":false},"excerpt":{"rendered":"<p><span dir=\"auto\" style=\"vertical-align: inherit;\"><span dir=\"auto\" style=\"vertical-align: inherit;\">\u015e\u0131k i\u00e7 mekanlar i\u00e7in modern LED teknolojisine sahip, <\/span><span dir=\"auto\" style=\"vertical-align: inherit;\">me\u015fe a\u011fac\u0131ndan <\/span><span dir=\"auto\" style=\"vertical-align: inherit;\">el yap\u0131m\u0131 40 cm&#8217;lik <\/span><\/span><strong><span dir=\"auto\" style=\"vertical-align: inherit;\"><span dir=\"auto\" style=\"vertical-align: inherit;\">ah\u015fap sark\u0131t lamba .<\/span><\/span><\/strong><\/p>\n<ul>\n<li><span dir=\"auto\" style=\"vertical-align: inherit;\"><span dir=\"auto\" style=\"vertical-align: inherit;\">Me\u015fe kaplama<\/span><\/span><\/li>\n<li><span dir=\"auto\" style=\"vertical-align: inherit;\"><span dir=\"auto\" style=\"vertical-align: inherit;\">3 adet E27 LED lamba<\/span><\/span><\/li>\n<li><span dir=\"auto\" style=\"vertical-align: inherit;\"><span dir=\"auto\" style=\"vertical-align: inherit;\">Kompakt modern tasar\u0131m<\/span><\/span><\/li>\n<li><span dir=\"auto\" style=\"vertical-align: inherit;\"><span dir=\"auto\" style=\"vertical-align: inherit;\">El yap\u0131m\u0131<\/span><\/span><\/li>\n<li><span dir=\"auto\" style=\"vertical-align: inherit;\"><span dir=\"auto\" style=\"vertical-align: inherit;\">K\u00fc\u00e7\u00fck odalar i\u00e7in idealdir.<\/span><\/span><\/li>\n<\/ul>\n<p style=\"color: red; font-size: 20px; font-weight: bold;\"><span dir=\"auto\" style=\"vertical-align: inherit;\"><span dir=\"auto\" style=\"vertical-align: inherit;\">D\u00dcNYA GENEL\u0130NE \u00dcCRETS\u0130Z KARGO<\/span><\/span><\/p>","protected":false},"featured_media":792,"comment_status":"open","ping_status":"closed","template":"","meta":[],"product_brand":[85],"product_cat":[97],"product_tag":[],"class_list":{"0":"post-547","1":"product","2":"type-product","3":"status-publish","4":"has-post-thumbnail","6":"product_brand-sade-wooden-lamp-atelier","7":"product_cat-pendelleuchten","9":"first","10":"instock","11":"shipping-taxable","12":"product-type-simple","13":"add-to-wishlist-after_add_to_cart"},"_links":{"self":[{"href":"https:\/\/sadelighting.com\/en\/wp-json\/wp\/v2\/product\/547","targetHints":{"allow":["GET"]}}],"collection":[{"href":"https:\/\/sadelighting.com\/en\/wp-json\/wp\/v2\/product"}],"about":[{"href":"https:\/\/sadelighting.com\/en\/wp-json\/wp\/v2\/types\/product"}],"replies":[{"embeddable":true,"href":"https:\/\/sadelighting.com\/en\/wp-json\/wp\/v2\/comments?post=547"}],"wp:featuredmedia":[{"embeddable":true,"href":"https:\/\/sadelighting.com\/en\/wp-json\/wp\/v2\/media\/792"}],"wp:attachment":[{"href":"https:\/\/sadelighting.com\/en\/wp-json\/wp\/v2\/media?parent=547"}],"wp:term":[{"taxonomy":"product_brand","embeddable":true,"href":"https:\/\/sadelighting.com\/en\/wp-json\/wp\/v2\/product_brand?post=547"},{"taxonomy":"product_cat","embeddable":true,"href":"https:\/\/sadelighting.com\/en\/wp-json\/wp\/v2\/product_cat?post=547"},{"taxonomy":"product_tag","embeddable":true,"href":"https:\/\/sadelighting.com\/en\/wp-json\/wp\/v2\/product_tag?post=547"}],"curies":[{"name":"wp","href":"https:\/\/api.w.org\/{rel}","templated":true}]}}