{"id":523,"date":"2026-03-23T14:31:51","date_gmt":"2026-03-23T14:31:51","guid":{"rendered":"https:\/\/sadelighting.com\/?post_type=product&#038;p=523"},"modified":"2026-04-01T14:43:57","modified_gmt":"2026-04-01T14:43:57","slug":"mazel-holz-wandleuchte-yo-40cm-led","status":"publish","type":"product","link":"https:\/\/sadelighting.com\/en\/product\/mazel-holz-wandleuchte-yo-40cm-led\/","title":{"rendered":"Mazel Holz Wandleuchte Y\u00d6 40 cm \u2013 Handgefertigte LED Wandlampe Modern"},"content":{"rendered":"<h1><span dir=\"auto\" style=\"vertical-align: inherit;\"><span dir=\"auto\" style=\"vertical-align: inherit;\">Mazel Holz Duvar Lambas\u0131 Y\u00d6 \u2013 Modern LED Duvar Lambas\u0131 40 cm<\/span><\/span><\/h1>\n<p><span dir=\"auto\" style=\"vertical-align: inherit;\"><span dir=\"auto\" style=\"vertical-align: inherit;\">Mazel <\/span><\/span><strong><span dir=\"auto\" style=\"vertical-align: inherit;\"><span dir=\"auto\" style=\"vertical-align: inherit;\">Y\u00d6 ah\u015fap duvar lambas\u0131,<\/span><\/span><\/strong><span dir=\"auto\" style=\"vertical-align: inherit;\"><span dir=\"auto\" style=\"vertical-align: inherit;\"> minimalist tasar\u0131m\u0131 y\u00fcksek kaliteli ah\u015fap kaplaman\u0131n do\u011fal g\u00f6r\u00fcn\u00fcm\u00fcyle birle\u015ftiriyor. 40 cm \u00e7ap\u0131ndaki bu el yap\u0131m\u0131 LED duvar lambas\u0131, modern i\u00e7 mekanlar i\u00e7in e\u015fit ve ho\u015f bir \u0131\u015f\u0131k da\u011f\u0131l\u0131m\u0131 yarat\u0131yor.<\/span><\/span><\/p>\n<p><span dir=\"auto\" style=\"vertical-align: inherit;\"><span dir=\"auto\" style=\"vertical-align: inherit;\">Her bir <\/span><\/span><strong><span dir=\"auto\" style=\"vertical-align: inherit;\"><span dir=\"auto\" style=\"vertical-align: inherit;\">Mazel ah\u015fap duvar lambas\u0131,<\/span><\/span><\/strong><span dir=\"auto\" style=\"vertical-align: inherit;\"><span dir=\"auto\" style=\"vertical-align: inherit;\"> ah\u015fap kaplaman\u0131n e\u015fsiz yap\u0131s\u0131n\u0131 vurgulayacak \u015fekilde, ayr\u0131 ayr\u0131 el i\u015f\u00e7ili\u011fiyle \u00fcretilir. Sonu\u00e7 olarak, hem dekoratif hem de i\u015flevsel, \u00f6zel bir duvar lambas\u0131 ortaya \u00e7\u0131kar.<\/span><\/span><\/p>\n<h2><span dir=\"auto\" style=\"vertical-align: inherit;\"><span dir=\"auto\" style=\"vertical-align: inherit;\">\u00dcr\u00fcn faydalar\u0131<\/span><\/span><\/h2>\n<ul>\n<li><span dir=\"auto\" style=\"vertical-align: inherit;\"><span dir=\"auto\" style=\"vertical-align: inherit;\">Do\u011fal kaplamal\u0131, el yap\u0131m\u0131 Mazel ah\u015fap duvar lambas\u0131.<\/span><\/span><\/li>\n<li><span dir=\"auto\" style=\"vertical-align: inherit;\"><span dir=\"auto\" style=\"vertical-align: inherit;\">Dengeli \u0131\u015f\u0131k da\u011f\u0131l\u0131m\u0131 i\u00e7in 40 cm \u00e7ap.<\/span><\/span><\/li>\n<li><span dir=\"auto\" style=\"vertical-align: inherit;\"><span dir=\"auto\" style=\"vertical-align: inherit;\">Sadece 5 cm y\u00fcksekli\u011finde ultra ince tasar\u0131m.<\/span><\/span><\/li>\n<li><span dir=\"auto\" style=\"vertical-align: inherit;\"><span dir=\"auto\" style=\"vertical-align: inherit;\">Ho\u015f bir atmosfer i\u00e7in modern LED \u0131\u015f\u0131k kayna\u011f\u0131<\/span><\/span><\/li>\n<li><span dir=\"auto\" style=\"vertical-align: inherit;\"><span dir=\"auto\" style=\"vertical-align: inherit;\">Hem \u00f6zel hem de ticari i\u00e7 mekanlar i\u00e7in m\u00fckemmel.<\/span><\/span><\/li>\n<\/ul>\n<h2><span dir=\"auto\" style=\"vertical-align: inherit;\"><span dir=\"auto\" style=\"vertical-align: inherit;\">Uygulama alanlar\u0131<\/span><\/span><\/h2>\n<p><strong><span dir=\"auto\" style=\"vertical-align: inherit;\"><span dir=\"auto\" style=\"vertical-align: inherit;\">Mazel ah\u015fap duvar lambas\u0131 , oturma odalar\u0131, yatak odalar\u0131, koridorlar, oteller, restoranlar ve ofisler<\/span><\/span><\/strong><span dir=\"auto\" style=\"vertical-align: inherit;\"><span dir=\"auto\" style=\"vertical-align: inherit;\"> i\u00e7in idealdir <\/span><span dir=\"auto\" style=\"vertical-align: inherit;\">. Modern mimari ve i\u00e7 tasar\u0131m konseptleriyle uyumlu bir \u015fekilde b\u00fct\u00fcnle\u015fir.<\/span><\/span><\/p>\n<h2><span dir=\"auto\" style=\"vertical-align: inherit;\"><span dir=\"auto\" style=\"vertical-align: inherit;\">B2B ve Proje \u00c7\u00f6z\u00fcmleri<\/span><\/span><\/h2>\n<p><strong><span dir=\"auto\" style=\"vertical-align: inherit;\"><span dir=\"auto\" style=\"vertical-align: inherit;\">Mimarlar, i\u00e7 mimarlar, oteller, restoranlar ve perakendeciler<\/span><\/span><\/strong><span dir=\"auto\" style=\"vertical-align: inherit;\"><span dir=\"auto\" style=\"vertical-align: inherit;\"> i\u00e7in <\/span><span dir=\"auto\" style=\"vertical-align: inherit;\">\u00f6zel B2B \u00e7\u00f6z\u00fcmler sunuyoruz . Bu Mazel ah\u015fap duvar lambas\u0131, seri \u00fcretim projeleri ve y\u00fcksek kaliteli mekan konseptleri i\u00e7in idealdir.<\/span><\/span><\/p>\n<p><a style=\"color: #0073e6; font-weight: bold;\" href=\"https:\/\/sadelighting.com\/en\/b2b\/\"><br \/>\n<span dir=\"auto\" style=\"vertical-align: inherit;\"><span dir=\"auto\" style=\"vertical-align: inherit;\">B2B ortakl\u0131\u011f\u0131n\u0131za \u015fimdi ba\u015flay\u0131n<\/span><\/span><br \/>\n<\/a><\/p>\n<h2><span dir=\"auto\" style=\"vertical-align: inherit;\"><span dir=\"auto\" style=\"vertical-align: inherit;\">Teknik bilgiler<\/span><\/span><\/h2>\n<ul>\n<li><span dir=\"auto\" style=\"vertical-align: inherit;\"><span dir=\"auto\" style=\"vertical-align: inherit;\">\u00c7ap: 40 cm<\/span><\/span><\/li>\n<li><span dir=\"auto\" style=\"vertical-align: inherit;\"><span dir=\"auto\" style=\"vertical-align: inherit;\">Y\u00fckseklik: 5 cm<\/span><\/span><\/li>\n<li><span dir=\"auto\" style=\"vertical-align: inherit;\"><span dir=\"auto\" style=\"vertical-align: inherit;\">I\u015f\u0131k kayna\u011f\u0131: LED<\/span><\/span><\/li>\n<li><span dir=\"auto\" style=\"vertical-align: inherit;\"><span dir=\"auto\" style=\"vertical-align: inherit;\">Malzeme: Mazel a\u011fac\u0131 kaplama<\/span><\/span><\/li>\n<\/ul>\n<hr \/>\n<p><strong><span dir=\"auto\" style=\"vertical-align: inherit;\"><span dir=\"auto\" style=\"vertical-align: inherit;\">\u2714 El yap\u0131m\u0131 \u00fcretim <\/span><\/span><\/strong><br \/>\n<strong><span dir=\"auto\" style=\"vertical-align: inherit;\"><span dir=\"auto\" style=\"vertical-align: inherit;\">\u2714 G\u00fcvenli paketleme <\/span><\/span><\/strong><br \/>\n<strong><span dir=\"auto\" style=\"vertical-align: inherit;\"><span dir=\"auto\" style=\"vertical-align: inherit;\">\u2714 D\u00fcnya \u00e7ap\u0131nda kargo<\/span><\/span><\/strong><\/p>\n<p><strong><span dir=\"auto\" style=\"vertical-align: inherit;\"><span dir=\"auto\" style=\"vertical-align: inherit;\">\u015eimdi ke\u015ffedin ve odalar\u0131n\u0131z\u0131 \u015f\u0131k bir \u015fekilde ayd\u0131nlat\u0131n.<\/span><\/span><\/strong><\/p>","protected":false},"excerpt":{"rendered":"<p><span dir=\"auto\" style=\"vertical-align: inherit;\"><span dir=\"auto\" style=\"vertical-align: inherit;\">Mazel Holz Y\u00d6 duvar lambas\u0131, konut ve ticari alanlar i\u00e7in do\u011fal bir g\u00f6r\u00fcn\u00fcme ve zarif \u0131\u015f\u0131k da\u011f\u0131l\u0131m\u0131na sahip, modern, el yap\u0131m\u0131 bir LED duvar lambas\u0131d\u0131r.<\/span><\/span><\/p>\n<ul>\n<li><span dir=\"auto\" style=\"vertical-align: inherit;\"><span dir=\"auto\" style=\"vertical-align: inherit;\">El yap\u0131m\u0131 duvar lambas\u0131<\/span><\/span><\/li>\n<li><span dir=\"auto\" style=\"vertical-align: inherit;\"><span dir=\"auto\" style=\"vertical-align: inherit;\">Mazel ah\u015fap kaplama y\u00fczey<\/span><\/span><\/li>\n<li><span dir=\"auto\" style=\"vertical-align: inherit;\"><span dir=\"auto\" style=\"vertical-align: inherit;\">Modern LED teknolojisi<\/span><\/span><\/li>\n<li><span dir=\"auto\" style=\"vertical-align: inherit;\"><span dir=\"auto\" style=\"vertical-align: inherit;\">Konut ve ticari alanlar i\u00e7in m\u00fckemmel.<\/span><\/span><\/li>\n<\/ul>","protected":false},"featured_media":873,"comment_status":"open","ping_status":"closed","template":"","meta":[],"product_brand":[],"product_cat":[100],"product_tag":[],"class_list":{"0":"post-523","1":"product","2":"type-product","3":"status-publish","4":"has-post-thumbnail","6":"product_cat-wandleuchten","8":"first","9":"instock","10":"shipping-taxable","11":"product-type-grouped","12":"add-to-wishlist-after_add_to_cart"},"_links":{"self":[{"href":"https:\/\/sadelighting.com\/en\/wp-json\/wp\/v2\/product\/523","targetHints":{"allow":["GET"]}}],"collection":[{"href":"https:\/\/sadelighting.com\/en\/wp-json\/wp\/v2\/product"}],"about":[{"href":"https:\/\/sadelighting.com\/en\/wp-json\/wp\/v2\/types\/product"}],"replies":[{"embeddable":true,"href":"https:\/\/sadelighting.com\/en\/wp-json\/wp\/v2\/comments?post=523"}],"wp:featuredmedia":[{"embeddable":true,"href":"https:\/\/sadelighting.com\/en\/wp-json\/wp\/v2\/media\/873"}],"wp:attachment":[{"href":"https:\/\/sadelighting.com\/en\/wp-json\/wp\/v2\/media?parent=523"}],"wp:term":[{"taxonomy":"product_brand","embeddable":true,"href":"https:\/\/sadelighting.com\/en\/wp-json\/wp\/v2\/product_brand?post=523"},{"taxonomy":"product_cat","embeddable":true,"href":"https:\/\/sadelighting.com\/en\/wp-json\/wp\/v2\/product_cat?post=523"},{"taxonomy":"product_tag","embeddable":true,"href":"https:\/\/sadelighting.com\/en\/wp-json\/wp\/v2\/product_tag?post=523"}],"curies":[{"name":"wp","href":"https:\/\/api.w.org\/{rel}","templated":true}]}}