{"id":97,"date":"2013-08-11T19:06:15","date_gmt":"2013-08-11T19:06:15","guid":{"rendered":"http:\/\/localhost:8888\/test\/?page_id=520"},"modified":"2026-03-26T09:52:12","modified_gmt":"2026-03-26T09:52:12","slug":"uber-uns","status":"publish","type":"page","link":"https:\/\/sadelighting.com\/en\/elemente\/seiten\/uber-uns\/","title":{"rendered":"\u00dcBER UNS"},"content":{"rendered":"<div class=\"banner has-hover has-parallax\" id=\"banner-2101167159\">\n          <div class=\"banner-inner fill\">\n        <div class=\"banner-bg fill\" data-parallax=\"-3\" data-parallax-container=\".banner\" data-parallax-background>\n            <img decoding=\"async\" width=\"1020\" height=\"536\" src=\"https:\/\/sadelighting.com\/wp-content\/uploads\/2026\/03\/sade-aydinlatma.png\" class=\"bg attachment-large size-large\" alt=\"sade lighting\" \/>                        <div class=\"overlay\"><\/div>            \n                    <\/div>\n\t\t\n        <div class=\"banner-layers container\">\n            <div class=\"fill banner-link\"><\/div>            \n\n   <div id=\"text-box-1591283437\" class=\"text-box banner-layer x50 md-x50 lg-x50 y80 md-y80 lg-y80 res-text\">\n                                <div class=\"text-box-content text dark\">\n              \n              <div class=\"text-inner text-center\">\n                  \n\n\t<div id=\"text-1372605780\" class=\"text\">\n\t\t\n\n<h1 class=\"lead\">Handgefertigte Lichtkunst: Wo Natur auf Design trifft<\/h1>\n<p class=\"lead\">Bei Sade Lighting verwandeln wir edle Naturh\u00f6lzer in zeitlose Lichtobjekte. Jede unserer Leuchten wird mit h\u00f6chster Pr\u00e4zision handgefertigt und besticht durch die authentische Struktur echter Holzfurniere \u2013 von der robusten Eiche bis hin zum exklusiven Maserholz. Wir glauben daran, dass Licht mehr ist als nur Helligkeit; es ist ein Ausdruck von Pers\u00f6nlichkeit. Deshalb kombinieren wir minimalistisches Design mit der W\u00e4rme der Natur, um f\u00fcr Ihr Zuhause eine Atmosph\u00e4re zu schaffen, die so einzigartig ist wie die Maserung unserer H\u00f6lzer.<\/p>\n\n\t\t\n<style>\n#text-1372605780 {\n  font-size: 0.75rem;\n  line-height: 1.6;\n  text-align: center;\n}\n<\/style>\n\t<\/div>\n\t\n\n              <\/div>\n           <\/div>\n                            \n<style>\n#text-box-1591283437 {\n  width: 95%;\n}\n#text-box-1591283437 .text-box-content {\n  font-size: 100%;\n}\n<\/style>\n    <\/div>\n \n\n        <\/div>\n      <\/div>\n\n            \n<style>\n#banner-2101167159 {\n  padding-top: 507px;\n}\n#banner-2101167159 .overlay {\n  background-color: rgba(0, 0, 0, 0.49);\n}\n<\/style>\n  <\/div>\n\n\n<div class=\"row\"  id=\"row-1502777931\">\n\n\n\t<div id=\"col-1870645897\" class=\"col medium-3 small-6 large-3\"  >\n\t\t\t\t<div class=\"col-inner\"  >\n\t\t\t\n\t\t\t\n\n\n\t\t<div class=\"icon-box featured-box icon-box-top text-left\"  >\n\t\t\t\t<div class=\"icon-box-text last-reset\">\n\t\t\t\t\t\t\t\t\t\n\n<h3>Echtholz-Garantie<\/h3>\n<p>Authentische Furniere aus echtem Holz.<\/p>\n\n\n\t\t<\/div>\n\t<\/div>\n\t\n\t\n\n\t\t<\/div>\n\t\t\t\t\t<\/div>\n\n\t\n\n\t<div id=\"col-931551994\" class=\"col medium-3 small-6 large-3\"  >\n\t\t\t\t<div class=\"col-inner\"  >\n\t\t\t\n\t\t\t\n\n\n\t\t<div class=\"icon-box featured-box icon-box-top text-left\"  >\n\t\t\t\t<div class=\"icon-box-text last-reset\">\n\t\t\t\t\t\t\t\t\t\n\n<h3>100% Handarbeit<\/h3>\n<p>Jede Leuchte wird von Hand veredelt.<\/p>\n\n\n\t\t<\/div>\n\t<\/div>\n\t\n\t\n\n\t\t<\/div>\n\t\t\t\t\t<\/div>\n\n\t\n\n\t<div id=\"col-1058237994\" class=\"col medium-3 small-6 large-3\"  >\n\t\t\t\t<div class=\"col-inner\"  >\n\t\t\t\n\t\t\t\n\n\n\t\t<div class=\"icon-box featured-box icon-box-top text-left\"  >\n\t\t\t\t<div class=\"icon-box-text last-reset\">\n\t\t\t\t\t\t\t\t\t\n\n<h3>Originales Design<\/h3>\n<p>Exklusive Entw\u00fcrfe von Sade Lighting.<\/p>\n\n\n\t\t<\/div>\n\t<\/div>\n\t\n\t\n\n\t\t<\/div>\n\t\t\t\t\t<\/div>\n\n\t\n\n\t<div id=\"col-1729400256\" class=\"col medium-3 small-6 large-3\"  >\n\t\t\t\t<div class=\"col-inner\"  >\n\t\t\t\n\t\t\t\n\n\n\t\t<div class=\"icon-box featured-box icon-box-top text-left\"  >\n\t\t\t\t<div class=\"icon-box-text last-reset\">\n\t\t\t\t\t\t\t\t\t\n\n<h3>Sicherer Versand<\/h3>\n<p>Spezielle Schutzverpackung f\u00fcr edle H\u00f6lzer.<\/p>\n\n\n\t\t<\/div>\n\t<\/div>\n\t\n\t\n\n\t\t<\/div>\n\t\t\t\t\t<\/div>\n\n\t\n\n<\/div>\n<div class=\"row\"  id=\"row-259583669\">\n\n\n\t<div id=\"col-343241103\" class=\"col small-12 large-12\"  >\n\t\t\t\t<div class=\"col-inner\"  >\n\t\t\t\n\t\t\t\n\n<div class=\"text-center\"><div class=\"is-divider divider clearfix\" ><\/div><\/div>\n\n\n\t\t<\/div>\n\t\t\t\t\t<\/div>\n\n\t\n\n<\/div>\n<div class=\"row\"  id=\"row-320730202\">\n\n\n\t<div id=\"col-1843669784\" class=\"col small-12 large-12\"  >\n\t\t\t\t<div class=\"col-inner\"  >\n\t\t\t\n\t\t\t\n\n<h3>Sade Lighting steht f\u00fcr Lichtobjekte mit Seele \u2013 weit entfernt von industrieller<\/h3>\n<p>Massenware. Wir glauben fest daran, dass wahre Eleganz in der Unvollkommenheit der Natur ve in der Pr\u00e4zision menschlicher Handwerkskunst liegt. Unsere Philosophie verbindet minimalistisches Design mit der unverf\u00e4lschten W\u00e4rme nat\u00fcrlicher Materialien. So schaffen wir Beleuchtungsl\u00f6sungen, die so einzigartig sind wie die R\u00e4ume, die sie erhellen.<\/p>\n\n<div class=\"row\"  id=\"row-1507480458\">\n\n\n\t<div id=\"col-1884295702\" class=\"col medium-6 small-12 large-6\"  >\n\t\t\t\t<div class=\"col-inner\"  >\n\t\t\t\n\t\t\t\n\n<h3>Unsere Handwerkskunst: Echt. Einzigartig. Edel.<\/h3>\n<p>Was Sade Lighting auszeichnet, ist unsere tiefe Verbundenheit zum traditionellen Handwerk. Jedes unserer Produkte wird mit h\u00f6chster Sorgfalt handgefertigt. Dabei setzen wir konsequent auf hochwertige Echtholz-Furniere ve edle Holzmaterialien. Die nat\u00fcrliche, lebendige Maserung des Holzes macht jede Leuchte zu einem unverwechselbaren Unikat \u2013 kein St\u00fcck gleicht dem anderen.<\/p>\n\n\n\t\t<\/div>\n\t\t\t\t\t<\/div>\n\n\t\n\n\t<div id=\"col-299279329\" class=\"col medium-6 small-12 large-6\"  >\n\t\t\t\t<div class=\"col-inner\"  >\n\t\t\t\n\t\t\t\n\n\t<div class=\"img has-hover x md-x lg-x y md-y lg-y\" id=\"image_1984733225\">\n\t\t\t\t\t\t\t\t<div class=\"img-inner dark\" >\n\t\t\t<img decoding=\"async\" width=\"800\" height=\"400\" src=\"https:\/\/sadelighting.com\/wp-content\/uploads\/2026\/03\/TULI-TABLE-LAMPS-1.png\" class=\"attachment-large size-large\" alt=\"\" srcset=\"https:\/\/sadelighting.com\/wp-content\/uploads\/2026\/03\/TULI-TABLE-LAMPS-1.png 800w, https:\/\/sadelighting.com\/wp-content\/uploads\/2026\/03\/TULI-TABLE-LAMPS-1-768x384.png 768w, https:\/\/sadelighting.com\/wp-content\/uploads\/2026\/03\/TULI-TABLE-LAMPS-1-18x9.png 18w, https:\/\/sadelighting.com\/wp-content\/uploads\/2026\/03\/TULI-TABLE-LAMPS-1-600x300.png 600w\" sizes=\"(max-width: 800px) 100vw, 800px\" \/>\t\t\t\t\t\t\n\t\t\t\t\t<\/div>\n\t\t\t\t\t\t\t\t\n<style>\n#image_1984733225 {\n  width: 100%;\n}\n<\/style>\n\t<\/div>\n\t\n\n\n\t\t<\/div>\n\t\t\t\t\t<\/div>\n\n\t\n\n<\/div>\n<div class=\"row\"  id=\"row-525082791\">\n\n\n\t<div id=\"col-1398989238\" class=\"col medium-6 small-12 large-6\"  >\n\t\t\t\t<div class=\"col-inner\"  >\n\t\t\t\n\t\t\t\n\n\t<div class=\"img has-hover x md-x lg-x y md-y lg-y\" id=\"image_1778381696\">\n\t\t\t\t\t\t\t\t<div class=\"img-inner dark\" >\n\t\t\t<img decoding=\"async\" width=\"1020\" height=\"536\" src=\"https:\/\/sadelighting.com\/wp-content\/uploads\/2026\/03\/sade-aydinlatma.png\" class=\"attachment-large size-large\" alt=\"sade lighting\" srcset=\"https:\/\/sadelighting.com\/wp-content\/uploads\/2026\/03\/sade-aydinlatma.png 1200w, https:\/\/sadelighting.com\/wp-content\/uploads\/2026\/03\/sade-aydinlatma-600x315.png 600w, https:\/\/sadelighting.com\/wp-content\/uploads\/2026\/03\/sade-aydinlatma-762x400.png 762w, https:\/\/sadelighting.com\/wp-content\/uploads\/2026\/03\/sade-aydinlatma-768x403.png 768w\" sizes=\"(max-width: 1020px) 100vw, 1020px\" \/>\t\t\t\t\t\t\n\t\t\t\t\t<\/div>\n\t\t\t\t\t\t\t\t\n<style>\n#image_1778381696 {\n  width: 100%;\n}\n<\/style>\n\t<\/div>\n\t\n\n\n\t\t<\/div>\n\t\t\t\t\t<\/div>\n\n\t\n\n\t<div id=\"col-1529673203\" class=\"col medium-6 small-12 large-6\"  >\n\t\t\t\t<div class=\"col-inner\"  >\n\t\t\t\n\t\t\t\n\n<h3>Das Herzst\u00fcck: Originales und exklusives Designe<\/h3>\n<p>Unsere Entw\u00fcrfe entspringen dem Streben nach schlichter Perfektion. Wir entwickeln originelle Designs, die moderne \u00c4sthetik mit zeitloser Nat\u00fcrlichkeit verbinden. Durch die bewusste Verwendung von echtem Holz bringen wir ein St\u00fcck Natur in Ihr Zuhause oder Ihr B\u00fcro \u2013 kombiniert mit einer Lichtqualit\u00e4t, die Atmosph\u00e4re schafft und Wohlbefinden f\u00f6rdert.<\/p>\n\n\n\t\t<\/div>\n\t\t\t\t\t<\/div>\n\n\t\n\n<\/div>\n\n\t\t<\/div>\n\t\t\t\t\t<\/div>\n\n\t\n\n<\/div>","protected":false},"excerpt":{"rendered":"","protected":false},"author":1,"featured_media":23,"parent":58,"menu_order":0,"comment_status":"closed","ping_status":"closed","template":"page-transparent-header-light.php","meta":{"footnotes":""},"class_list":["post-97","page","type-page","status-publish","has-post-thumbnail","hentry"],"_links":{"self":[{"href":"https:\/\/sadelighting.com\/en\/wp-json\/wp\/v2\/pages\/97","targetHints":{"allow":["GET"]}}],"collection":[{"href":"https:\/\/sadelighting.com\/en\/wp-json\/wp\/v2\/pages"}],"about":[{"href":"https:\/\/sadelighting.com\/en\/wp-json\/wp\/v2\/types\/page"}],"author":[{"embeddable":true,"href":"https:\/\/sadelighting.com\/en\/wp-json\/wp\/v2\/users\/1"}],"replies":[{"embeddable":true,"href":"https:\/\/sadelighting.com\/en\/wp-json\/wp\/v2\/comments?post=97"}],"version-history":[{"count":16,"href":"https:\/\/sadelighting.com\/en\/wp-json\/wp\/v2\/pages\/97\/revisions"}],"predecessor-version":[{"id":628,"href":"https:\/\/sadelighting.com\/en\/wp-json\/wp\/v2\/pages\/97\/revisions\/628"}],"up":[{"embeddable":true,"href":"https:\/\/sadelighting.com\/en\/wp-json\/wp\/v2\/pages\/58"}],"wp:featuredmedia":[{"embeddable":true,"href":"https:\/\/sadelighting.com\/en\/wp-json\/wp\/v2\/media\/23"}],"wp:attachment":[{"href":"https:\/\/sadelighting.com\/en\/wp-json\/wp\/v2\/media?parent=97"}],"curies":[{"name":"wp","href":"https:\/\/api.w.org\/{rel}","templated":true}]}}