{"id":95,"date":"2013-08-11T19:22:53","date_gmt":"2013-08-11T19:22:53","guid":{"rendered":"http:\/\/localhost:8888\/test\/?page_id=532"},"modified":"2026-03-25T16:44:44","modified_gmt":"2026-03-25T16:44:44","slug":"kontakt","status":"publish","type":"page","link":"https:\/\/sadelighting.com\/en\/elemente\/seiten\/kontakt\/","title":{"rendered":"Kontakt"},"content":{"rendered":"<div class=\"row\"  id=\"row-516327440\">\n\n\n\t<div id=\"col-1503289384\" class=\"col medium-8 small-12 large-8\"  >\n\t\t\t\t<div class=\"col-inner\"  >\n\t\t\t\n\t\t\t\n\n\t<div id=\"text-2308528553\" class=\"text\">\n\t\t\n\n<p><iframe src=\"https:\/\/www.google.com\/maps\/embed?pb=!1m18!1m12!1m3!1d3011.8268027960135!2d29.17301787518251!3d40.98527322084249!2m3!1f0!2f0!3f0!3m2!1i1024!2i768!4f13.1!3m3!1m2!1s0x14cacff99994a2eb%3A0x8508545e34e1ab07!2sSade%20Woodenlights!5e0!3m2!1str!2str!4v1774455397711!5m2!1str!2str\" width=\"800\" height=\"450\" style=\"border:0;\" allowfullscreen=\"\" loading=\"lazy\" referrerpolicy=\"no-referrer-when-downgrade\"><\/iframe><\/p>\n\n\t\t\n<style>\n#text-2308528553 {\n  text-align: center;\n}\n<\/style>\n\t<\/div>\n\t\n\n\t\t<\/div>\n\t\t\t\t\t<\/div>\n\n\t\n\n\t<div id=\"col-1842575586\" class=\"col medium-4 small-12 large-4\"  >\n\t\t\t\t<div class=\"col-inner\"  >\n\t\t\t\n\t\t\t\n\n<div style=\"background:#fff; padding:30px; border-radius:15px; box-shadow: 0 10px 25px rgba(0,0,0,0.1);\">\n<h3 style=\"margin-top:0;\">KONTAKT<\/h3>\n<p><strong>\ud83d\udccd Adresse:<\/strong><br \/>Ferhatpa\u015fa, G9 Sok 11\/A, 34646<br \/>Ata\u015fehir \/ \u0130stanbul<\/p>\n<p><strong>\ud83d\udcde Telefon &#038; WhatsApp:<\/strong><br \/><a href=\"tel: 905449747233\" style=\"text-decoration:none; color:#333;\">+90 544 974 72 33<\/a><\/p>\n<p><strong>\u23f0 \u00d6ffnungszeiten:<\/strong><br \/>Mo. &#8211; Fr.: 08:00 \u2013 19:30 Uhr<\/p>\n<\/div>\n\n\n\t\t<\/div>\n\t\t\t\t\t<\/div>\n\n\t\n\n<\/div>\n<div class=\"row\"  id=\"row-1161029288\">\n\n\n\t<div id=\"col-1640019534\" class=\"col medium-6 large-6\"  >\n\t\t\t\t<div class=\"col-inner\"  >\n\t\t\t\n\t\t\t\n\n<div class=\"container section-title-container\" ><h3 class=\"section-title section-title-normal\"><b aria-hidden=\"true\"><\/b><span class=\"section-title-main\" >H\u00e4ufig gestellte Fragen<\/span><b aria-hidden=\"true\"><\/b><\/h3><\/div>\n\n<p class=\"lead\">Bitte lesen Sie unsere FAQ, bevor Sie uns eine Nachricht senden.<\/p>\n<div class=\"accordion\">\n\n\t<div id=\"accordion-1900252104\" class=\"accordion-item\">\n\t\t<a id=\"accordion-1900252104-label\" class=\"accordion-title plain\" href=\"#accordion-item-1.-sind-ihre-leuchten-wirklich-handgefertigt?\" aria-expanded=\"false\" aria-controls=\"accordion-1900252104-content\">\n\t\t\t<button class=\"toggle\" aria-label=\"Toggle\"><i class=\"icon-angle-down\" aria-hidden=\"true\"><\/i><\/button>\n\t\t\t<span>1. Sind Ihre Leuchten wirklich handgefertigt?<\/span>\n\t\t<\/a>\n\t\t<div id=\"accordion-1900252104-content\" class=\"accordion-inner\" aria-labelledby=\"accordion-1900252104-label\">\n\t\t\t\n\n<p>Ja, jede Leuchte wird sorgf\u00e4ltig von erfahrenen Handwerkern gefertigt und ist ein echtes Unikat.<\/p>\n\n\t\t<\/div>\n\t<\/div>\n\t\n\t<div id=\"accordion-2787936316\" class=\"accordion-item\">\n\t\t<a id=\"accordion-2787936316-label\" class=\"accordion-title plain\" href=\"#accordion-item-2.-welche-materialien-verwenden-sie?\" aria-expanded=\"false\" aria-controls=\"accordion-2787936316-content\">\n\t\t\t<button class=\"toggle\" aria-label=\"Toggle\"><i class=\"icon-angle-down\" aria-hidden=\"true\"><\/i><\/button>\n\t\t\t<span>2. Welche Materialien verwenden Sie?<\/span>\n\t\t<\/a>\n\t\t<div id=\"accordion-2787936316-content\" class=\"accordion-inner\" aria-labelledby=\"accordion-2787936316-label\">\n\t\t\t\n\n<p>Wir verwenden hochwertiges Holzfurnier, das f\u00fcr seine nat\u00fcrliche Struktur und langlebige Qualit\u00e4t bekannt ist.<\/p>\n\n\t\t<\/div>\n\t<\/div>\n\t\n\t<div id=\"accordion-3130719376\" class=\"accordion-item\">\n\t\t<a id=\"accordion-3130719376-label\" class=\"accordion-title plain\" href=\"#accordion-item-3.-sind-die-leuchten-f\u00fcr-moderne-innenr\u00e4ume-geeignet?\" aria-expanded=\"false\" aria-controls=\"accordion-3130719376-content\">\n\t\t\t<button class=\"toggle\" aria-label=\"Toggle\"><i class=\"icon-angle-down\" aria-hidden=\"true\"><\/i><\/button>\n\t\t\t<span>3. Sind die Leuchten f\u00fcr moderne Innenr\u00e4ume geeignet?<\/span>\n\t\t<\/a>\n\t\t<div id=\"accordion-3130719376-content\" class=\"accordion-inner\" aria-labelledby=\"accordion-3130719376-label\">\n\t\t\t\n\n<p>Ja, unsere Designs sind speziell f\u00fcr moderne, minimalistische und skandinavische Wohnstile entwickelt.<\/p>\n\n\t\t<\/div>\n\t<\/div>\n\t\n\t<div id=\"accordion-3350769822\" class=\"accordion-item\">\n\t\t<a id=\"accordion-3350769822-label\" class=\"accordion-title plain\" href=\"#accordion-item-4.-welche-leuchtmittel-werden-verwendet?\" aria-expanded=\"false\" aria-controls=\"accordion-3350769822-content\">\n\t\t\t<button class=\"toggle\" aria-label=\"Toggle\"><i class=\"icon-angle-down\" aria-hidden=\"true\"><\/i><\/button>\n\t\t\t<span>4. Welche Leuchtmittel werden verwendet?<\/span>\n\t\t<\/a>\n\t\t<div id=\"accordion-3350769822-content\" class=\"accordion-inner\" aria-labelledby=\"accordion-3350769822-label\">\n\t\t\t\n\n<p>Unsere Leuchten sind mit energieeffizienten LED-L\u00f6sungen kompatibel<\/p>\n\n\t\t<\/div>\n\t<\/div>\n\t\n\t<div id=\"accordion-2665288415\" class=\"accordion-item\">\n\t\t<a id=\"accordion-2665288415-label\" class=\"accordion-title plain\" href=\"#accordion-item-5.-liefern-sie-auch-nach-deutschland-und-europa?\" aria-expanded=\"false\" aria-controls=\"accordion-2665288415-content\">\n\t\t\t<button class=\"toggle\" aria-label=\"Toggle\"><i class=\"icon-angle-down\" aria-hidden=\"true\"><\/i><\/button>\n\t\t\t<span>5. Liefern Sie auch nach Deutschland und Europa?<\/span>\n\t\t<\/a>\n\t\t<div id=\"accordion-2665288415-content\" class=\"accordion-inner\" aria-labelledby=\"accordion-2665288415-label\">\n\t\t\t\n\n<p>Ja, wir bieten schnellen und zuverl\u00e4ssigen Versand nach Deutschland und ganz Europa.<\/p>\n\n\t\t<\/div>\n\t<\/div>\n\t\n\t<div id=\"accordion-3258897070\" class=\"accordion-item\">\n\t\t<a id=\"accordion-3258897070-label\" class=\"accordion-title plain\" href=\"#accordion-item-6.-wie-lange-dauert-die-lieferung?\" aria-expanded=\"false\" aria-controls=\"accordion-3258897070-content\">\n\t\t\t<button class=\"toggle\" aria-label=\"Toggle\"><i class=\"icon-angle-down\" aria-hidden=\"true\"><\/i><\/button>\n\t\t\t<span>6. Wie lange dauert die Lieferung?<\/span>\n\t\t<\/a>\n\t\t<div id=\"accordion-3258897070-content\" class=\"accordion-inner\" aria-labelledby=\"accordion-3258897070-label\">\n\t\t\t\n\n<p>Die Lieferzeit betr\u00e4gt in der Regel 3\u20137 Werktage, abh\u00e4ngig vom Standort.<\/p>\n\n\t\t<\/div>\n\t<\/div>\n\t\n\t<div id=\"accordion-3686030144\" class=\"accordion-item\">\n\t\t<a id=\"accordion-3686030144-label\" class=\"accordion-title plain\" href=\"#accordion-item-7.-ist-die-zahlung-sicher?\" aria-expanded=\"false\" aria-controls=\"accordion-3686030144-content\">\n\t\t\t<button class=\"toggle\" aria-label=\"Toggle\"><i class=\"icon-angle-down\" aria-hidden=\"true\"><\/i><\/button>\n\t\t\t<span>7. Ist die Zahlung sicher?<\/span>\n\t\t<\/a>\n\t\t<div id=\"accordion-3686030144-content\" class=\"accordion-inner\" aria-labelledby=\"accordion-3686030144-label\">\n\t\t\t\n\n<p>Ja, alle Zahlungen werden \u00fcber sichere und verschl\u00fcsselte Systeme abgewickelt.<\/p>\n\n\t\t<\/div>\n\t<\/div>\n\t\n\t<div id=\"accordion-2089645780\" class=\"accordion-item\">\n\t\t<a id=\"accordion-2089645780-label\" class=\"accordion-title plain\" href=\"#accordion-item-8.-kann-ich-eine-r\u00fcckgabe-vornehmen?\" aria-expanded=\"false\" aria-controls=\"accordion-2089645780-content\">\n\t\t\t<button class=\"toggle\" aria-label=\"Toggle\"><i class=\"icon-angle-down\" aria-hidden=\"true\"><\/i><\/button>\n\t\t\t<span>8. Kann ich eine R\u00fcckgabe vornehmen?<\/span>\n\t\t<\/a>\n\t\t<div id=\"accordion-2089645780-content\" class=\"accordion-inner\" aria-labelledby=\"accordion-2089645780-label\">\n\t\t\t\n\n<p>Ja, Sie k\u00f6nnen Ihre Bestellung innerhalb von 14 Tagen zur\u00fcckgeben.<\/p>\n\n\t\t<\/div>\n\t<\/div>\n\t\n\t<div id=\"accordion-3409068673\" class=\"accordion-item\">\n\t\t<a id=\"accordion-3409068673-label\" class=\"accordion-title plain\" href=\"#accordion-item-9.-bieten-sie-auch-b2b-oder-gro\u00dfhandel-an?\" aria-expanded=\"false\" aria-controls=\"accordion-3409068673-content\">\n\t\t\t<button class=\"toggle\" aria-label=\"Toggle\"><i class=\"icon-angle-down\" aria-hidden=\"true\"><\/i><\/button>\n\t\t\t<span>9. Bieten Sie auch B2B oder Gro\u00dfhandel an?<\/span>\n\t\t<\/a>\n\t\t<div id=\"accordion-3409068673-content\" class=\"accordion-inner\" aria-labelledby=\"accordion-3409068673-label\">\n\t\t\t\n\n<p>Ja, wir arbeiten mit H\u00e4ndlern, Architekten und Innenarchitekten weltweit zusammen.<\/p>\n\n\t\t<\/div>\n\t<\/div>\n\t\n\t<div id=\"accordion-2573909631\" class=\"accordion-item\">\n\t\t<a id=\"accordion-2573909631-label\" class=\"accordion-title plain\" href=\"#accordion-item-10.-wie-kann-ich-sie-kontaktieren?\" aria-expanded=\"false\" aria-controls=\"accordion-2573909631-content\">\n\t\t\t<button class=\"toggle\" aria-label=\"Toggle\"><i class=\"icon-angle-down\" aria-hidden=\"true\"><\/i><\/button>\n\t\t\t<span>10. Wie kann ich Sie kontaktieren?<\/span>\n\t\t<\/a>\n\t\t<div id=\"accordion-2573909631-content\" class=\"accordion-inner\" aria-labelledby=\"accordion-2573909631-label\">\n\t\t\t\n\n<p>Sie erreichen uns per Telefon, WhatsApp oder E-Mail \u2013 wir helfen Ihnen gerne weiter.<\/p>\n\n\t\t<\/div>\n\t<\/div>\n\t\n\n<\/div>\n\n\t\t<\/div>\n\t\t\t\t\t<\/div>\n\n\t\n\n\t<div id=\"col-276375822\" class=\"col medium-6 large-6\"  >\n\t\t\t\t<div class=\"col-inner\"  >\n\t\t\t\n\t\t\t\n\n<div class=\"container section-title-container\" ><h3 class=\"section-title section-title-normal\"><b aria-hidden=\"true\"><\/b><span class=\"section-title-main\" >Senden Sie uns eine E-Mail.<\/span><b aria-hidden=\"true\"><\/b><\/h3><\/div>\n\n\n<div class=\"wpcf7 no-js\" id=\"wpcf7-f599-o1\" lang=\"de-DE\" dir=\"ltr\" data-wpcf7-id=\"599\">\n<div class=\"screen-reader-response\"><p role=\"status\" aria-live=\"polite\" aria-atomic=\"true\"><\/p> <ul><\/ul><\/div>\n<form action=\"\/en\/wp-json\/wp\/v2\/pages\/95#wpcf7-f599-o1\" method=\"post\" class=\"wpcf7-form init\" aria-label=\"Kontaktformular\" novalidate=\"novalidate\" data-status=\"init\" data-trp-original-action=\"\/en\/wp-json\/wp\/v2\/pages\/95#wpcf7-f599-o1\">\n<fieldset class=\"hidden-fields-container\"><input type=\"hidden\" name=\"_wpcf7\" value=\"599\" \/><input type=\"hidden\" name=\"_wpcf7_version\" value=\"6.1.5\" \/><input type=\"hidden\" name=\"_wpcf7_locale\" value=\"de_DE\" \/><input type=\"hidden\" name=\"_wpcf7_unit_tag\" value=\"wpcf7-f599-o1\" \/><input type=\"hidden\" name=\"_wpcf7_container_post\" value=\"0\" \/><input type=\"hidden\" name=\"_wpcf7_posted_data_hash\" value=\"\" \/>\n<\/fieldset>\n<p><label> Ihr Name<br \/>\n<span class=\"wpcf7-form-control-wrap\" data-name=\"your-name\"><input size=\"40\" maxlength=\"400\" class=\"wpcf7-form-control wpcf7-text wpcf7-validates-as-required\" aria-required=\"true\" aria-invalid=\"false\" value=\"\" type=\"text\" name=\"your-name\" \/><\/span><br \/>\n<\/label>\n<\/p>\n<p><label> Ihre E-Mail-Adresse<br \/>\n<span class=\"wpcf7-form-control-wrap\" data-name=\"your-email\"><input size=\"40\" maxlength=\"400\" class=\"wpcf7-form-control wpcf7-email wpcf7-validates-as-required wpcf7-text wpcf7-validates-as-email\" aria-required=\"true\" aria-invalid=\"false\" value=\"\" type=\"email\" name=\"your-email\" \/><\/span><br \/>\n<\/label>\n<\/p>\n<p><label> Telefonnummer<br \/>\n<span class=\"wpcf7-form-control-wrap\" data-name=\"your-phone\"><input size=\"40\" maxlength=\"400\" class=\"wpcf7-form-control wpcf7-tel wpcf7-text wpcf7-validates-as-tel\" aria-invalid=\"false\" value=\"\" type=\"tel\" name=\"your-phone\" \/><\/span><br \/>\n<\/label>\n<\/p>\n<p><label> Betreff<br \/>\n<span class=\"wpcf7-form-control-wrap\" data-name=\"your-subject\"><input size=\"40\" maxlength=\"400\" class=\"wpcf7-form-control wpcf7-text\" aria-invalid=\"false\" value=\"\" type=\"text\" name=\"your-subject\" \/><\/span><br \/>\n<\/label>\n<\/p>\n<p><label> Ihre Nachricht<br \/>\n<span class=\"wpcf7-form-control-wrap\" data-name=\"your-message\"><textarea cols=\"40\" rows=\"10\" maxlength=\"2000\" class=\"wpcf7-form-control wpcf7-textarea wpcf7-validates-as-required\" aria-required=\"true\" aria-invalid=\"false\" name=\"your-message\"><\/textarea><\/span><br \/>\n<\/label>\n<\/p>\n<p><input class=\"wpcf7-form-control wpcf7-submit has-spinner\" type=\"submit\" value=\"Jetzt Nachricht senden\" \/>\n<\/p><div class=\"wpcf7-response-output\" aria-hidden=\"true\"><\/div>\n<input type=\"hidden\" name=\"trp-form-language\" value=\"en\"\/><\/form>\n<\/div>\n\n\n<p style=\"font-size:12px; color:#777;\">\n\u2714 Schnelle Antwort garantiert <br \/>\n\u2714 Sichere und vertrauliche Kommunikation<\/p>\n\n\t\t<\/div>\n\t\t\t\t\t<\/div>\n\n\t\n\n<\/div>\n<p>\u00a0<\/p>","protected":false},"excerpt":{"rendered":"","protected":false},"author":1,"featured_media":23,"parent":58,"menu_order":0,"comment_status":"closed","ping_status":"closed","template":"page-blank.php","meta":{"footnotes":""},"class_list":["post-95","page","type-page","status-publish","has-post-thumbnail","hentry"],"_links":{"self":[{"href":"https:\/\/sadelighting.com\/en\/wp-json\/wp\/v2\/pages\/95","targetHints":{"allow":["GET"]}}],"collection":[{"href":"https:\/\/sadelighting.com\/en\/wp-json\/wp\/v2\/pages"}],"about":[{"href":"https:\/\/sadelighting.com\/en\/wp-json\/wp\/v2\/types\/page"}],"author":[{"embeddable":true,"href":"https:\/\/sadelighting.com\/en\/wp-json\/wp\/v2\/users\/1"}],"replies":[{"embeddable":true,"href":"https:\/\/sadelighting.com\/en\/wp-json\/wp\/v2\/comments?post=95"}],"version-history":[{"count":22,"href":"https:\/\/sadelighting.com\/en\/wp-json\/wp\/v2\/pages\/95\/revisions"}],"predecessor-version":[{"id":613,"href":"https:\/\/sadelighting.com\/en\/wp-json\/wp\/v2\/pages\/95\/revisions\/613"}],"up":[{"embeddable":true,"href":"https:\/\/sadelighting.com\/en\/wp-json\/wp\/v2\/pages\/58"}],"wp:featuredmedia":[{"embeddable":true,"href":"https:\/\/sadelighting.com\/en\/wp-json\/wp\/v2\/media\/23"}],"wp:attachment":[{"href":"https:\/\/sadelighting.com\/en\/wp-json\/wp\/v2\/media?parent=95"}],"curies":[{"name":"wp","href":"https:\/\/api.w.org\/{rel}","templated":true}]}}