{"id":1078,"date":"2026-04-06T10:30:45","date_gmt":"2026-04-06T10:30:45","guid":{"rendered":"https:\/\/sadelighting.com\/?page_id=1078"},"modified":"2026-04-06T10:59:13","modified_gmt":"2026-04-06T10:59:13","slug":"widerrufsbelehrung","status":"publish","type":"page","link":"https:\/\/sadelighting.com\/en\/widerrufsbelehrung\/","title":{"rendered":"Widerrufsbelehrung"},"content":{"rendered":"<section class=\"legal-page\">\n\n  <div class=\"legal-container\">\n    <h1>Widerrufsbelehrung<\/h1>\n\n    <h2>Widerrufsrecht<\/h2>\n    <p>\n      Sie haben das Recht, binnen vierzehn Tagen ohne Angabe von Gr\u00fcnden diesen Vertrag zu widerrufen.\n    <\/p>\n\n    <h2>Widerrufsfrist<\/h2>\n    <p>\n      Die Widerrufsfrist betr\u00e4gt vierzehn Tage ab dem Tag, an dem Sie oder ein von Ihnen benannter Dritter,\n      der nicht der Bef\u00f6rderer ist, die Waren in Besitz genommen haben.\n    <\/p>\n\n    <h2>Aus\u00fcbung des Widerrufsrechts<\/h2>\n    <p>\n      Um Ihr Widerrufsrecht auszu\u00fcben, m\u00fcssen Sie uns:\n    <\/p>\n\n    <p>\n      Sade Lighting<br>\n      Mehmet BILKEN<br>\n      [Adresse einf\u00fcgen]<br>\n      T\u00fcrkei<br><br>\n      E-Mail: info@sadelighting.com\n    <\/p>\n\n    <p>\n      mittels einer eindeutigen Erkl\u00e4rung (z. B. per E-Mail) \u00fcber Ihren Entschluss, diesen Vertrag zu widerrufen, informieren.\n    <\/p>\n\n    <h2>Folgen des Widerrufs<\/h2>\n    <p>\n      Wenn Sie diesen Vertrag widerrufen, haben wir Ihnen alle Zahlungen, die wir von Ihnen erhalten haben,\n      einschlie\u00dflich der Lieferkosten (mit Ausnahme der zus\u00e4tzlichen Kosten, die sich daraus ergeben,\n      dass Sie eine andere Art der Lieferung als die von uns angebotene Standardlieferung gew\u00e4hlt haben),\n      unverz\u00fcglich und sp\u00e4testens binnen vierzehn Tagen ab dem Tag zur\u00fcckzuzahlen, an dem die Mitteilung\n      \u00fcber Ihren Widerruf dieses Vertrags bei uns eingegangen ist.\n    <\/p>\n\n    <p>\n      F\u00fcr diese R\u00fcckzahlung verwenden wir dasselbe Zahlungsmittel, das Sie bei der urspr\u00fcnglichen Transaktion eingesetzt haben,\n      es sei denn, mit Ihnen wurde ausdr\u00fccklich etwas anderes vereinbart.\n    <\/p>\n\n    <p>\n      Wir k\u00f6nnen die R\u00fcckzahlung verweigern, bis wir die Waren wieder zur\u00fcckerhalten haben\n      oder bis Sie den Nachweis erbracht haben, dass Sie die Waren zur\u00fcckgesandt haben.\n    <\/p>\n\n    <h2>R\u00fccksendung der Waren<\/h2>\n    <p>\n      Sie haben die Waren unverz\u00fcglich und in jedem Fall sp\u00e4testens binnen vierzehn Tagen ab dem Tag,\n      an dem Sie uns \u00fcber den Widerruf dieses Vertrags unterrichten, an uns zur\u00fcckzusenden oder zu \u00fcbergeben.\n    <\/p>\n\n    <p>\n      Die Frist ist gewahrt, wenn Sie die Waren vor Ablauf der Frist absenden.\n    <\/p>\n\n    <h2>Kosten der R\u00fccksendung<\/h2>\n    <p>\n      Die unmittelbaren Kosten der R\u00fccksendung der Waren tragen Sie als K\u00e4ufer.\n    <\/p>\n\n    <h2>Haftung f\u00fcr Wertverlust<\/h2>\n    <p>\n      Sie m\u00fcssen f\u00fcr einen etwaigen Wertverlust der Waren nur aufkommen,\n      wenn dieser Wertverlust auf einen zur Pr\u00fcfung der Beschaffenheit, Eigenschaften und Funktionsweise der Waren\n      nicht notwendigen Umgang mit ihnen zur\u00fcckzuf\u00fchren ist.\n    <\/p>\n\n  <\/div>\n\n<\/section>","protected":false},"excerpt":{"rendered":"<p>Widerrufsbelehrung Widerrufsrecht Sie haben das Recht, binnen vierzehn Tagen ohne Angabe von Gr\u00fcnden diesen Vertrag zu widerrufen. Widerrufsfrist Die Widerrufsfrist betr\u00e4gt vierzehn Tage ab dem Tag, an dem Sie oder ein von Ihnen benannter Dritter, der nicht der Bef\u00f6rderer ist, die Waren in Besitz genommen haben. Aus\u00fcbung des Widerrufsrechts Um Ihr Widerrufsrecht auszu\u00fcben, m\u00fcssen Sie [&#8230;]","protected":false},"author":1,"featured_media":0,"parent":0,"menu_order":0,"comment_status":"closed","ping_status":"closed","template":"","meta":{"footnotes":""},"class_list":["post-1078","page","type-page","status-publish","hentry"],"_links":{"self":[{"href":"https:\/\/sadelighting.com\/en\/wp-json\/wp\/v2\/pages\/1078","targetHints":{"allow":["GET"]}}],"collection":[{"href":"https:\/\/sadelighting.com\/en\/wp-json\/wp\/v2\/pages"}],"about":[{"href":"https:\/\/sadelighting.com\/en\/wp-json\/wp\/v2\/types\/page"}],"author":[{"embeddable":true,"href":"https:\/\/sadelighting.com\/en\/wp-json\/wp\/v2\/users\/1"}],"replies":[{"embeddable":true,"href":"https:\/\/sadelighting.com\/en\/wp-json\/wp\/v2\/comments?post=1078"}],"version-history":[{"count":1,"href":"https:\/\/sadelighting.com\/en\/wp-json\/wp\/v2\/pages\/1078\/revisions"}],"predecessor-version":[{"id":1081,"href":"https:\/\/sadelighting.com\/en\/wp-json\/wp\/v2\/pages\/1078\/revisions\/1081"}],"wp:attachment":[{"href":"https:\/\/sadelighting.com\/en\/wp-json\/wp\/v2\/media?parent=1078"}],"curies":[{"name":"wp","href":"https:\/\/api.w.org\/{rel}","templated":true}]}}