{"id":1065,"date":"2026-04-06T10:23:23","date_gmt":"2026-04-06T10:23:23","guid":{"rendered":"https:\/\/sadelighting.com\/?page_id=1065"},"modified":"2026-04-06T10:56:46","modified_gmt":"2026-04-06T10:56:46","slug":"impressum","status":"publish","type":"page","link":"https:\/\/sadelighting.com\/en\/impressum\/","title":{"rendered":"Impressum"},"content":{"rendered":"<section class=\"legal-page\">\n\n  <div class=\"legal-container\">\n    <h1>Impressum<\/h1>\n\n    <p><strong>Angaben gem\u00e4\u00df \u00a7 5 TMG<\/strong><\/p>\n\n    <p>\n      Sade Lighting<br>\n      Mehmet BILKEN<br>\n      [Stra\u00dfe und Hausnummer]<br>\n      [PLZ, Stadt]<br>\n      T\u00fcrkei\n    <\/p>\n\n    <p>\n      E-Mail: info@sadelighting.com<br>\n      Website: https:\/\/sadelighting.com\n    <\/p>\n\n    <h2>Vertreten durch<\/h2>\n    <p>\n      Mehmet BILKEN\n    <\/p>\n\n    <h2>Umsatzsteuer<\/h2>\n    <p>\n      Umsatzsteuer-Identifikationsnummer gem\u00e4\u00df \u00a727a UStG:<br>\n      [Falls vorhanden eintragen]\n    <\/p>\n\n    <h2>Verantwortlich f\u00fcr den Inhalt nach \u00a7 55 Abs. 2 RStV<\/h2>\n    <p>\n      Mehmet BILKEN<br>\n      [Adresse wie oben]\n    <\/p>\n\n    <h2>Haftung f\u00fcr Inhalte<\/h2>\n    <p>\n      Die Inhalte unserer Seiten wurden mit gr\u00f6\u00dfter Sorgfalt erstellt. F\u00fcr die Richtigkeit, Vollst\u00e4ndigkeit und Aktualit\u00e4t der Inhalte k\u00f6nnen wir jedoch keine Gew\u00e4hr \u00fcbernehmen.\n    <\/p>\n\n    <h2>Haftung f\u00fcr Links<\/h2>\n    <p>\n      Unsere Website enth\u00e4lt Links zu externen Websites Dritter, auf deren Inhalte wir keinen Einfluss haben.\n    <\/p>\n\n    <h2>Urheberrecht<\/h2>\n    <p>\n      Die durch die Seitenbetreiber erstellten Inhalte und Werke auf diesen Seiten unterliegen dem Urheberrecht.\n    <\/p>\n\n  <\/div>\n\n<\/section>","protected":false},"excerpt":{"rendered":"<p>Impressum Angaben gem\u00e4\u00df \u00a7 5 TMG Sade Lighting Mehmet BILKEN [Stra\u00dfe und Hausnummer] [PLZ, Stadt] T\u00fcrkei E-Mail: info@sadelighting.com Website: https:\/\/sadelighting.com Vertreten durch Mehmet BILKEN Umsatzsteuer Umsatzsteuer-Identifikationsnummer gem\u00e4\u00df \u00a727a UStG: [Falls vorhanden eintragen] Verantwortlich f\u00fcr den Inhalt nach \u00a7 55 Abs. 2 RStV Mehmet BILKEN [Adresse wie oben] Haftung f\u00fcr Inhalte Die Inhalte unserer Seiten wurden [&#8230;]","protected":false},"author":1,"featured_media":0,"parent":0,"menu_order":0,"comment_status":"closed","ping_status":"closed","template":"","meta":{"footnotes":""},"class_list":["post-1065","page","type-page","status-publish","hentry"],"_links":{"self":[{"href":"https:\/\/sadelighting.com\/en\/wp-json\/wp\/v2\/pages\/1065","targetHints":{"allow":["GET"]}}],"collection":[{"href":"https:\/\/sadelighting.com\/en\/wp-json\/wp\/v2\/pages"}],"about":[{"href":"https:\/\/sadelighting.com\/en\/wp-json\/wp\/v2\/types\/page"}],"author":[{"embeddable":true,"href":"https:\/\/sadelighting.com\/en\/wp-json\/wp\/v2\/users\/1"}],"replies":[{"embeddable":true,"href":"https:\/\/sadelighting.com\/en\/wp-json\/wp\/v2\/comments?post=1065"}],"version-history":[{"count":1,"href":"https:\/\/sadelighting.com\/en\/wp-json\/wp\/v2\/pages\/1065\/revisions"}],"predecessor-version":[{"id":1068,"href":"https:\/\/sadelighting.com\/en\/wp-json\/wp\/v2\/pages\/1065\/revisions\/1068"}],"wp:attachment":[{"href":"https:\/\/sadelighting.com\/en\/wp-json\/wp\/v2\/media?parent=1065"}],"curies":[{"name":"wp","href":"https:\/\/api.w.org\/{rel}","templated":true}]}}